{"id":584,"date":"2025-04-03T13:32:32","date_gmt":"2025-04-03T13:32:32","guid":{"rendered":"https:\/\/bewusst-erschaffen.com\/?page_id=584"},"modified":"2025-06-17T12:31:12","modified_gmt":"2025-06-17T12:31:12","slug":"methoden","status":"publish","type":"page","link":"https:\/\/bewusst-erschaffen.com\/start\/methoden\/","title":{"rendered":"Methoden"},"content":{"rendered":"\t\t<div data-elementor-type=\"wp-post\" data-elementor-id=\"584\" class=\"elementor elementor-584\" data-elementor-post-type=\"page\">\n\t\t\t\t<div class=\"elementor-element elementor-element-50085ab e-con-full e-flex e-con e-parent\" data-id=\"50085ab\" data-element_type=\"container\" data-e-type=\"container\" data-settings=\"{&quot;background_background&quot;:&quot;classic&quot;}\">\n\t\t\t\t<\/div>\n\t\t<div class=\"elementor-element elementor-element-1f92576 e-grid e-con-boxed e-con e-parent\" data-id=\"1f92576\" data-element_type=\"container\" data-e-type=\"container\">\n\t\t\t\t\t<div class=\"e-con-inner\">\n\t\t\t\t<div class=\"elementor-element elementor-element-49ededf elementor-widget elementor-widget-heading\" data-id=\"49ededf\" data-element_type=\"widget\" data-e-type=\"widget\" data-widget_type=\"heading.default\">\n\t\t\t\t<div class=\"elementor-widget-container\">\n\t\t\t\t\t<h2 class=\"elementor-heading-title elementor-size-default\">Systemisch<br>Integrativ<br>Ganzheitlich&nbsp;<\/h2>\t\t\t\t<\/div>\n\t\t\t\t<\/div>\n\t\t\t\t\t<\/div>\n\t\t\t\t<\/div>\n\t\t<div class=\"elementor-element elementor-element-f33e48c e-grid e-con-boxed e-con e-parent\" data-id=\"f33e48c\" data-element_type=\"container\" data-e-type=\"container\" data-settings=\"{&quot;background_background&quot;:&quot;classic&quot;}\">\n\t\t\t\t\t<div class=\"e-con-inner\">\n\t\t\t\t<div class=\"elementor-element elementor-element-f1363f7 elementor-widget elementor-widget-heading\" data-id=\"f1363f7\" data-element_type=\"widget\" data-e-type=\"widget\" data-widget_type=\"heading.default\">\n\t\t\t\t<div class=\"elementor-widget-container\">\n\t\t\t\t\t<h2 class=\"elementor-heading-title elementor-size-default\">Methoden<\/h2>\t\t\t\t<\/div>\n\t\t\t\t<\/div>\n\t\t\t\t\t<\/div>\n\t\t\t\t<\/div>\n\t\t<div class=\"elementor-element elementor-element-a98883f e-grid e-con-boxed e-con e-parent\" data-id=\"a98883f\" data-element_type=\"container\" data-e-type=\"container\" data-settings=\"{&quot;background_background&quot;:&quot;classic&quot;}\">\n\t\t\t\t\t<div class=\"e-con-inner\">\n\t\t<a class=\"eael-wrapper-link-062daa8 --eael-wrapper-link-tag\" href=\"https:\/\/bewusst-erschaffen.com\/methoden\"><\/a><div data-eael-wrapper-link=\"eael-wrapper-link-062daa8\" class=\"elementor-element elementor-element-062daa8 e-con-full e-flex e-con e-child\" data-id=\"062daa8\" data-element_type=\"container\" data-e-type=\"container\" data-settings=\"{&quot;background_background&quot;:&quot;classic&quot;}\">\n\t\t\t\t<div class=\"elementor-element elementor-element-659ad50 elementor-widget__width-inherit elementor-widget elementor-widget-heading\" data-id=\"659ad50\" data-element_type=\"widget\" data-e-type=\"widget\" data-widget_type=\"heading.default\">\n\t\t\t\t<div class=\"elementor-widget-container\">\n\t\t\t\t\t<h2 class=\"elementor-heading-title elementor-size-default\">Transformatives Life Coaching\nund psychologische Beratung<\/h2>\t\t\t\t<\/div>\n\t\t\t\t<\/div>\n\t\t\t\t<div class=\"elementor-element elementor-element-205d677 elementor-widget elementor-widget-text-editor\" data-id=\"205d677\" data-element_type=\"widget\" data-e-type=\"widget\" data-widget_type=\"text-editor.default\">\n\t\t\t\t<div class=\"elementor-widget-container\">\n\t\t\t\t\t\t\t\t\t<ul><li>Tiefenpsychologie (analytische Psychologie) \u2013 Schattenintegration und Umgang mit Projektionen, sowie Traumanalyse und \u00b4Aktive Imagination\u00b4 f\u00fcr Pers\u00f6nlichkeitsentwicklung (Ressourcenaktivierung \u2013 Verarbeitung von inneren Bildern, Symbolen und Gef\u00fchlen)<\/li><li>Klientenzentrierte und l\u00f6sungsorientierte Gespr\u00e4chsf\u00fchrung nach Carl Rogers<\/li><li>Systemische Therapie<\/li><li>Gestalttherapie<\/li><li>Kognitive Verhaltenstherapie (inkl. Schematherapie)<\/li><li>Achtsamkeit \u2013 Entspannung \u2013 K\u00f6rpertherapie<\/li><li>Hypnotische Sprachmuster<\/li><li>Schulung der Emotionalen Intelligenz<\/li><li>K\u00f6rperbewusstsein und Gestik<\/li><li>Erfahrung des stillen, inneren Raumes<\/li><li>Analyse und Beratung von Menschen und Teams aus integraler Perspektive<\/li><li>Schulung der meditativen und intuitiven Intelligenz<\/li><\/ul>\t\t\t\t\t\t\t\t<\/div>\n\t\t\t\t<\/div>\n\t\t\t\t<\/div>\n\t\t<a class=\"eael-wrapper-link-213585a --eael-wrapper-link-tag\" href=\"https:\/\/bewusst-erschaffen.com\/methoden\"><\/a><div data-eael-wrapper-link=\"eael-wrapper-link-213585a\" class=\"elementor-element elementor-element-213585a e-con-full e-flex e-con e-child\" data-id=\"213585a\" data-element_type=\"container\" data-e-type=\"container\" data-settings=\"{&quot;background_background&quot;:&quot;classic&quot;}\">\n\t\t\t\t<div class=\"elementor-element elementor-element-b605d35 elementor-widget__width-inherit elementor-widget elementor-widget-heading\" data-id=\"b605d35\" data-element_type=\"widget\" data-e-type=\"widget\" data-widget_type=\"heading.default\">\n\t\t\t\t<div class=\"elementor-widget-container\">\n\t\t\t\t\t<h2 class=\"elementor-heading-title elementor-size-default\">Hypnose<\/h2>\t\t\t\t<\/div>\n\t\t\t\t<\/div>\n\t\t\t\t<div class=\"elementor-element elementor-element-18d8049 elementor-widget elementor-widget-text-editor\" data-id=\"18d8049\" data-element_type=\"widget\" data-e-type=\"widget\" data-widget_type=\"text-editor.default\">\n\t\t\t\t<div class=\"elementor-widget-container\">\n\t\t\t\t\t\t\t\t\t<ul><li>Klinische Hypnose (Altersregressions und Zukunftsprogressionsarbet)<\/li><li>Hypnose nach Milton Erickson (indirekte Hypnose)<\/li><li>Selbsthypnose<\/li><li>Nonverbale Hypnose<\/li><li>Wachhypnose<\/li><li>Suggestive Hypnose<\/li><li>Selbstorganisatorische Hypnose<\/li><li>R\u00fcckf\u00fchrungen<\/li><li>Neuro-Linguistisches Programmieren (NLP)<\/li><li>Spezielle Hypnose zur Gewichtsreduzierung und Raucherentw\u00f6hnung<\/li><li>Jeffrey Stephens Protocol<\/li><\/ul>\t\t\t\t\t\t\t\t<\/div>\n\t\t\t\t<\/div>\n\t\t\t\t<\/div>\n\t\t<a class=\"eael-wrapper-link-ce767fc --eael-wrapper-link-tag\" href=\"https:\/\/bewusst-erschaffen.com\/methoden\"><\/a><div data-eael-wrapper-link=\"eael-wrapper-link-ce767fc\" class=\"elementor-element elementor-element-ce767fc e-con-full e-flex e-con e-child\" data-id=\"ce767fc\" data-element_type=\"container\" data-e-type=\"container\" data-settings=\"{&quot;background_background&quot;:&quot;classic&quot;}\">\n\t\t\t\t<div class=\"elementor-element elementor-element-07f018c elementor-widget__width-inherit elementor-widget elementor-widget-heading\" data-id=\"07f018c\" data-element_type=\"widget\" data-e-type=\"widget\" data-widget_type=\"heading.default\">\n\t\t\t\t<div class=\"elementor-widget-container\">\n\t\t\t\t\t<h2 class=\"elementor-heading-title elementor-size-default\">PEP\u00ae-Klopftherapie<\/h2>\t\t\t\t<\/div>\n\t\t\t\t<\/div>\n\t\t\t\t<div class=\"elementor-element elementor-element-96533f9 elementor-widget elementor-widget-text-editor\" data-id=\"96533f9\" data-element_type=\"widget\" data-e-type=\"widget\" data-widget_type=\"text-editor.default\">\n\t\t\t\t<div class=\"elementor-widget-container\">\n\t\t\t\t\t\t\t\t\t<p>Prozess- und Embodimentfokussierten Psychologie (nach Dr. med. Michael Bohne, Facharzt f\u00fcr Psychiatrie und Psychotherapie)<\/p><ul><li>PEP\u00ae I \u2013 Big Five L\u00f6sungsblockaden<\/li><li>PEP\u00ae II \u2013 der KKT (Kognitions-Kongruenz-Test)<\/li><li>PEP\u00ae III \u2013 Selbstwerttraining<\/li><\/ul>\t\t\t\t\t\t\t\t<\/div>\n\t\t\t\t<\/div>\n\t\t\t\t<\/div>\n\t\t\t\t\t<\/div>\n\t\t\t\t<\/div>\n\t\t<div class=\"elementor-element elementor-element-03dd012 e-grid e-con-boxed e-con e-parent\" data-id=\"03dd012\" data-element_type=\"container\" data-e-type=\"container\" data-settings=\"{&quot;background_background&quot;:&quot;classic&quot;}\">\n\t\t\t\t\t<div class=\"e-con-inner\">\n\t\t\t\t<div class=\"elementor-element elementor-element-343b11e elementor-widget elementor-widget-text-editor\" data-id=\"343b11e\" data-element_type=\"widget\" data-e-type=\"widget\" data-widget_type=\"text-editor.default\">\n\t\t\t\t<div class=\"elementor-widget-container\">\n\t\t\t\t\t\t\t\t\t<p>Als zertifizierter Life- und Hypnose-Coach arbeite ich l\u00f6sungsorientiert und ressourcenaktivierend und setze diese Methoden ausschlie\u00dflich im Coaching-Kontext ein.<\/p>\t\t\t\t\t\t\t\t<\/div>\n\t\t\t\t<\/div>\n\t\t\t\t\t<\/div>\n\t\t\t\t<\/div>\n\t\t<div class=\"elementor-element elementor-element-0c49571 e-grid e-con-boxed e-con e-parent\" data-id=\"0c49571\" data-element_type=\"container\" data-e-type=\"container\" data-settings=\"{&quot;background_background&quot;:&quot;classic&quot;}\">\n\t\t\t\t\t<div class=\"e-con-inner\">\n\t\t<div class=\"elementor-element elementor-element-bf4f934 e-con-full e-flex e-con e-child\" data-id=\"bf4f934\" data-element_type=\"container\" data-e-type=\"container\" data-settings=\"{&quot;background_background&quot;:&quot;classic&quot;}\">\n\t\t<div class=\"elementor-element elementor-element-2814500 e-con-full e-flex e-con e-child\" data-id=\"2814500\" data-element_type=\"container\" data-e-type=\"container\">\n\t\t\t\t<div class=\"elementor-element elementor-element-08c3008 elementor-widget elementor-widget-heading\" data-id=\"08c3008\" data-element_type=\"widget\" data-e-type=\"widget\" data-widget_type=\"heading.default\">\n\t\t\t\t<div class=\"elementor-widget-container\">\n\t\t\t\t\t<h2 class=\"elementor-heading-title elementor-size-default\">\u00bb<\/h2>\t\t\t\t<\/div>\n\t\t\t\t<\/div>\n\t\t\t\t<\/div>\n\t\t<div class=\"elementor-element elementor-element-de23fbb e-flex e-con-boxed e-con e-child\" data-id=\"de23fbb\" data-element_type=\"container\" data-e-type=\"container\">\n\t\t\t\t\t<div class=\"e-con-inner\">\n\t\t\t\t<div class=\"elementor-element elementor-element-0f44ba8 elementor-widget elementor-widget-text-editor\" data-id=\"0f44ba8\" data-element_type=\"widget\" data-e-type=\"widget\" data-widget_type=\"text-editor.default\">\n\t\t\t\t<div class=\"elementor-widget-container\">\n\t\t\t\t\t\t\t\t\t<p>Wer zu sich selbst geht, riskiert die Begegnung mit sich selbst. Wer sich selbst begegnet, muss sich \u00e4ndern. Denn in der Begegnung mit dem eigenen Inneren liegt eine tiefgreifende Erkenntnis: die Konfrontation mit den eigenen Schatten, den ungel\u00f6sten \u00c4ngsten und den verdr\u00e4ngten W\u00fcnschen. Wir sehen uns mit den Teilen von uns konfrontiert, die wir oft nicht wahrhaben wollen. Doch gerade diese Begegnung ist der Schl\u00fcssel zur wirklichen Transformation. Wer sich selbst wirklich erkennt, der kann nicht mehr dieselbe Person bleiben. Der Weg zu sich selbst ist der Weg des Wandels, des Loslassens von alten Mustern und der \u00d6ffnung f\u00fcr neue M\u00f6glichkeiten. Er f\u00fchrt uns zu einem tieferen Verst\u00e4ndnis unserer wahren Natur und unseres Potenzials. Der Mut, sich selbst zu begegnen, ist der Mut zur Ver\u00e4nderung \u2013 zu einer authentischen Existenz, die im Einklang mit der eigenen Wahrheit steht.<\/p>\t\t\t\t\t\t\t\t<\/div>\n\t\t\t\t<\/div>\n\t\t\t\t\t<\/div>\n\t\t\t\t<\/div>\n\t\t<div class=\"elementor-element elementor-element-990422c e-con-full e-flex e-con e-child\" data-id=\"990422c\" data-element_type=\"container\" data-e-type=\"container\">\n\t\t\t\t<div class=\"elementor-element elementor-element-48a850a elementor-widget elementor-widget-heading\" data-id=\"48a850a\" data-element_type=\"widget\" data-e-type=\"widget\" data-widget_type=\"heading.default\">\n\t\t\t\t<div class=\"elementor-widget-container\">\n\t\t\t\t\t<h2 class=\"elementor-heading-title elementor-size-default\">\u00ab<\/h2>\t\t\t\t<\/div>\n\t\t\t\t<\/div>\n\t\t\t\t<\/div>\n\t\t\t\t<\/div>\n\t\t<div class=\"elementor-element elementor-element-4e1030c e-grid e-con-full e-con e-child\" data-id=\"4e1030c\" data-element_type=\"container\" data-e-type=\"container\">\n\t\t\t\t<div class=\"elementor-element elementor-element-af5bab9 elementor-widget elementor-widget-text-editor\" data-id=\"af5bab9\" data-element_type=\"widget\" data-e-type=\"widget\" data-widget_type=\"text-editor.default\">\n\t\t\t\t<div class=\"elementor-widget-container\">\n\t\t\t\t\t\t\t\t\t<p class=\"Textbody\">Carl Gustav Jung, Die Beziehung zwischen dem Ich und dem Unbewussten<\/p>\t\t\t\t\t\t\t\t<\/div>\n\t\t\t\t<\/div>\n\t\t\t\t<\/div>\n\t\t\t\t\t<\/div>\n\t\t\t\t<\/div>\n\t\t<div class=\"elementor-element elementor-element-3c850cb e-grid e-con-boxed e-con e-parent\" data-id=\"3c850cb\" data-element_type=\"container\" data-e-type=\"container\">\n\t\t\t\t\t<div class=\"e-con-inner\">\n\t\t\t\t<div class=\"elementor-element elementor-element-b45a4e0 elementor-widget elementor-widget-menu-anchor\" data-id=\"b45a4e0\" data-element_type=\"widget\" data-e-type=\"widget\" data-widget_type=\"menu-anchor.default\">\n\t\t\t\t<div class=\"elementor-widget-container\">\n\t\t\t\t\t\t\t<div class=\"elementor-menu-anchor\" id=\"individuation\"><\/div>\n\t\t\t\t\t\t<\/div>\n\t\t\t\t<\/div>\n\t\t<div class=\"elementor-element elementor-element-e42f7d2 e-con-full e-flex e-con e-child\" data-id=\"e42f7d2\" data-element_type=\"container\" data-e-type=\"container\">\n\t\t\t\t<div class=\"elementor-element elementor-element-562d9aa elementor-widget elementor-widget-heading\" data-id=\"562d9aa\" data-element_type=\"widget\" data-e-type=\"widget\" data-widget_type=\"heading.default\">\n\t\t\t\t<div class=\"elementor-widget-container\">\n\t\t\t\t\t<h2 class=\"elementor-heading-title elementor-size-default\">\u201eUnsere Aufgabe ist es, das zu werden, was wir sind.\"<\/h2>\t\t\t\t<\/div>\n\t\t\t\t<\/div>\n\t\t\t\t<div class=\"elementor-element elementor-element-04ff732 elementor-widget elementor-widget-text-editor\" data-id=\"04ff732\" data-element_type=\"widget\" data-e-type=\"widget\" data-widget_type=\"text-editor.default\">\n\t\t\t\t<div class=\"elementor-widget-container\">\n\t\t\t\t\t\t\t\t\t<p>Dieses Zitat vom schweizerischen Psychiater Carl Gustav Jung l\u00e4dt uns ein, unsere eigene, authentische und einzigartige Identit\u00e4t zu entdecken und zu verwirklichen. Es impliziert, dass wir uns von \u00e4u\u00dferen Einfl\u00fcssen, gesellschaftlichen Erwartungen und konventionellen Normen l\u00f6sen sollten, um unsere wahre Natur und Essenz zu erkennen.<\/p><p>In Bezug auf die Individuation bedeutet dies, dass der Prozess der Selbstentfaltung eine R\u00fcckkehr zu unserem wahren Selbst ist, das oft von sozialen und kulturellen Einfl\u00fcssen \u00fcberlagert oder maskiert wird. Der Individuationsprozess hilft uns, uns von den Masken und Rollen zu befreien, die uns von der Gesellschaft auferlegt wurden, und eine tiefere Verbindung zu unserer eigenen inneren Wahrheit herzustellen.<\/p><p>Bewusst zu erschaffen und das zu werden, was wir wirklich sind, bedeutet, unsere individuellen Potenziale, Talente und verborgenen Aspekte unseres Selbst zu erforschen und zu integrieren. Dieser Prozess erfordert Selbstreflexion, Bewusstwerdung \u2013 das Unbewusste bewusst zu machen \u2013 und den Mut, sich mit den verschiedenen Facetten unseres Selbst auseinanderzusetzen, auch mit den weniger offensichtlichen oder unbequemen Teilen unserer Pers\u00f6nlichkeit.<\/p>\t\t\t\t\t\t\t\t<\/div>\n\t\t\t\t<\/div>\n\t\t\t\t<\/div>\n\t\t\t\t\t<\/div>\n\t\t\t\t<\/div>\n\t\t<div class=\"elementor-element elementor-element-d4008a0 e-grid e-con-boxed e-con e-parent\" data-id=\"d4008a0\" data-element_type=\"container\" data-e-type=\"container\" data-settings=\"{&quot;background_background&quot;:&quot;classic&quot;}\">\n\t\t\t\t\t<div class=\"e-con-inner\">\n\t\t<div class=\"elementor-element elementor-element-740c8fb e-con-full e-flex e-con e-child\" data-id=\"740c8fb\" data-element_type=\"container\" data-e-type=\"container\" data-settings=\"{&quot;background_background&quot;:&quot;classic&quot;}\">\n\t\t<div class=\"elementor-element elementor-element-a5682da e-con-full e-flex e-con e-child\" data-id=\"a5682da\" data-element_type=\"container\" data-e-type=\"container\">\n\t\t\t\t<div class=\"elementor-element elementor-element-67bf390 elementor-widget elementor-widget-heading\" data-id=\"67bf390\" data-element_type=\"widget\" data-e-type=\"widget\" data-widget_type=\"heading.default\">\n\t\t\t\t<div class=\"elementor-widget-container\">\n\t\t\t\t\t<h2 class=\"elementor-heading-title elementor-size-default\">\u00bb<\/h2>\t\t\t\t<\/div>\n\t\t\t\t<\/div>\n\t\t\t\t<\/div>\n\t\t<div class=\"elementor-element elementor-element-6e7eeb3 e-flex e-con-boxed e-con e-child\" data-id=\"6e7eeb3\" data-element_type=\"container\" data-e-type=\"container\">\n\t\t\t\t\t<div class=\"e-con-inner\">\n\t\t\t\t<div class=\"elementor-element elementor-element-893881c elementor-widget elementor-widget-text-editor\" data-id=\"893881c\" data-element_type=\"widget\" data-e-type=\"widget\" data-widget_type=\"text-editor.default\">\n\t\t\t\t<div class=\"elementor-widget-container\">\n\t\t\t\t\t\t\t\t\t<p>Wer sich selbst nicht findet, lebt in einem Gef\u00e4ngnis. Wer sich selbst findet, lebt frei. Der Weg zur Authentizit\u00e4t ist der Weg der Individuation.<\/p>\t\t\t\t\t\t\t\t<\/div>\n\t\t\t\t<\/div>\n\t\t\t\t\t<\/div>\n\t\t\t\t<\/div>\n\t\t<div class=\"elementor-element elementor-element-b18cae7 e-con-full e-flex e-con e-child\" data-id=\"b18cae7\" data-element_type=\"container\" data-e-type=\"container\">\n\t\t\t\t<div class=\"elementor-element elementor-element-c741a91 elementor-widget elementor-widget-heading\" data-id=\"c741a91\" data-element_type=\"widget\" data-e-type=\"widget\" data-widget_type=\"heading.default\">\n\t\t\t\t<div class=\"elementor-widget-container\">\n\t\t\t\t\t<h2 class=\"elementor-heading-title elementor-size-default\">\u00ab<\/h2>\t\t\t\t<\/div>\n\t\t\t\t<\/div>\n\t\t\t\t<\/div>\n\t\t\t\t<\/div>\n\t\t<div class=\"elementor-element elementor-element-4d821e3 e-grid e-con-full e-con e-child\" data-id=\"4d821e3\" data-element_type=\"container\" data-e-type=\"container\">\n\t\t\t\t<div class=\"elementor-element elementor-element-609c28c elementor-widget elementor-widget-text-editor\" data-id=\"609c28c\" data-element_type=\"widget\" data-e-type=\"widget\" data-widget_type=\"text-editor.default\">\n\t\t\t\t<div class=\"elementor-widget-container\">\n\t\t\t\t\t\t\t\t\t<p>Carl Gustav Jung<\/p>\t\t\t\t\t\t\t\t<\/div>\n\t\t\t\t<\/div>\n\t\t\t\t<\/div>\n\t\t\t\t\t<\/div>\n\t\t\t\t<\/div>\n\t\t<div class=\"elementor-element elementor-element-234a9f8 e-grid e-con-boxed e-con e-parent\" data-id=\"234a9f8\" data-element_type=\"container\" data-e-type=\"container\" data-settings=\"{&quot;background_background&quot;:&quot;classic&quot;}\">\n\t\t\t\t\t<div class=\"e-con-inner\">\n\t\t\t\t<div class=\"elementor-element elementor-element-2389726 elementor-widget elementor-widget-heading\" data-id=\"2389726\" data-element_type=\"widget\" data-e-type=\"widget\" data-widget_type=\"heading.default\">\n\t\t\t\t<div class=\"elementor-widget-container\">\n\t\t\t\t\t<h2 class=\"elementor-heading-title elementor-size-default\">Lauschen Sie Ihrer Intuition! Entdecken Sie Ihr Feuer! <br> \nFolgen Sie Ihrer Sehnsucht!<\/h2>\t\t\t\t<\/div>\n\t\t\t\t<\/div>\n\t\t\t\t<div class=\"elementor-element elementor-element-edc886e elementor-widget elementor-widget-heading\" data-id=\"edc886e\" data-element_type=\"widget\" data-e-type=\"widget\" data-widget_type=\"heading.default\">\n\t\t\t\t<div class=\"elementor-widget-container\">\n\t\t\t\t\t<h2 class=\"elementor-heading-title elementor-size-default\">Transformatives Life- und Hypnose-Coaching<br> F\u00fcr ein authentisches, selbstbestimmtes, lebenswertes Leben.<\/h2>\t\t\t\t<\/div>\n\t\t\t\t<\/div>\n\t\t\t\t\t<\/div>\n\t\t\t\t<\/div>\n\t\t\t\t<\/div>\n\t\t","protected":false},"excerpt":{"rendered":"<p>SystemischIntegrativGanzheitlich&nbsp; Methoden Transformatives Life Coaching und psychologische Beratung Tiefenpsychologie (analytische Psychologie) \u2013 Schattenintegration und Umgang mit Projektionen, sowie Traumanalyse und \u00b4Aktive Imagination\u00b4 f\u00fcr Pers\u00f6nlichkeitsentwicklung (Ressourcenaktivierung \u2013 Verarbeitung von inneren Bildern, Symbolen und Gef\u00fchlen) Klientenzentrierte und l\u00f6sungsorientierte Gespr\u00e4chsf\u00fchrung nach Carl Rogers Systemische Therapie Gestalttherapie Kognitive Verhaltenstherapie (inkl. Schematherapie) Achtsamkeit \u2013 Entspannung \u2013 K\u00f6rpertherapie Hypnotische Sprachmuster Schulung [&hellip;]<\/p>\n","protected":false},"author":1,"featured_media":0,"parent":0,"menu_order":0,"comment_status":"closed","ping_status":"closed","template":"elementor_header_footer","meta":{"footnotes":""},"class_list":["post-584","page","type-page","status-publish","hentry"],"_links":{"self":[{"href":"https:\/\/bewusst-erschaffen.com\/start\/wp-json\/wp\/v2\/pages\/584","targetHints":{"allow":["GET"]}}],"collection":[{"href":"https:\/\/bewusst-erschaffen.com\/start\/wp-json\/wp\/v2\/pages"}],"about":[{"href":"https:\/\/bewusst-erschaffen.com\/start\/wp-json\/wp\/v2\/types\/page"}],"author":[{"embeddable":true,"href":"https:\/\/bewusst-erschaffen.com\/start\/wp-json\/wp\/v2\/users\/1"}],"replies":[{"embeddable":true,"href":"https:\/\/bewusst-erschaffen.com\/start\/wp-json\/wp\/v2\/comments?post=584"}],"version-history":[{"count":127,"href":"https:\/\/bewusst-erschaffen.com\/start\/wp-json\/wp\/v2\/pages\/584\/revisions"}],"predecessor-version":[{"id":2091,"href":"https:\/\/bewusst-erschaffen.com\/start\/wp-json\/wp\/v2\/pages\/584\/revisions\/2091"}],"wp:attachment":[{"href":"https:\/\/bewusst-erschaffen.com\/start\/wp-json\/wp\/v2\/media?parent=584"}],"curies":[{"name":"wp","href":"https:\/\/api.w.org\/{rel}","templated":true}]}}