{"id":722,"date":"2025-04-07T15:28:58","date_gmt":"2025-04-07T15:28:58","guid":{"rendered":"https:\/\/bewusst-erschaffen.com\/?page_id=722"},"modified":"2025-05-03T14:44:48","modified_gmt":"2025-05-03T14:44:48","slug":"coaching","status":"publish","type":"page","link":"https:\/\/bewusst-erschaffen.com\/start\/coaching\/","title":{"rendered":"Coaching"},"content":{"rendered":"\t\t<div data-elementor-type=\"wp-post\" data-elementor-id=\"722\" class=\"elementor elementor-722\" data-elementor-post-type=\"page\">\n\t\t\t\t<div class=\"elementor-element elementor-element-dbb6bd7 e-grid e-con-boxed e-con e-parent\" data-id=\"dbb6bd7\" data-element_type=\"container\" data-e-type=\"container\" data-settings=\"{&quot;background_background&quot;:&quot;classic&quot;}\">\n\t\t\t\t\t<div class=\"e-con-inner\">\n\t\t<div class=\"elementor-element elementor-element-fc58b98 e-con-full e-flex e-con e-child\" data-id=\"fc58b98\" data-element_type=\"container\" data-e-type=\"container\">\n\t\t\t\t<div class=\"elementor-element elementor-element-5db82e9 elementor-widget elementor-widget-heading\" data-id=\"5db82e9\" data-element_type=\"widget\" data-e-type=\"widget\" data-widget_type=\"heading.default\">\n\t\t\t\t<div class=\"elementor-widget-container\">\n\t\t\t\t\t<h2 class=\"elementor-heading-title elementor-size-default\">Transformatives Life Coaching<\/h2>\t\t\t\t<\/div>\n\t\t\t\t<\/div>\n\t\t\t\t<div class=\"elementor-element elementor-element-1a57611 elementor-widget elementor-widget-text-editor\" data-id=\"1a57611\" data-element_type=\"widget\" data-e-type=\"widget\" data-widget_type=\"text-editor.default\">\n\t\t\t\t<div class=\"elementor-widget-container\">\n\t\t\t\t\t\t\t\t\t<p>Ihr Weg zu einem erf\u00fcllten und authentischen Leben<\/p><p>Solange Sie Ihr Selbstbild nicht ver\u00e4ndern, bleibt auch Ihre Welt unver\u00e4ndert. Ihre pers\u00f6nliche \u00dcberzeugung und innere Haltung bestimmen die Realit\u00e4t, in der Sie leben. Um neue Gewohnheiten zu etablieren und langfristige Ver\u00e4nderungen zu erreichen, ist eine Ver\u00e4nderung Ihrer Identit\u00e4t erforderlich.<\/p>\t\t\t\t\t\t\t\t<\/div>\n\t\t\t\t<\/div>\n\t\t\t\t<div class=\"elementor-element elementor-element-cf1b4b2 elementor-widget elementor-widget-heading\" data-id=\"cf1b4b2\" data-element_type=\"widget\" data-e-type=\"widget\" data-widget_type=\"heading.default\">\n\t\t\t\t<div class=\"elementor-widget-container\">\n\t\t\t\t\t<h2 class=\"elementor-heading-title elementor-size-default\">L\u00f6sungsorientiert Ressourcenaktivierend Individualisiert<\/h2>\t\t\t\t<\/div>\n\t\t\t\t<\/div>\n\t\t\t\t<\/div>\n\t\t\t\t\t<\/div>\n\t\t\t\t<\/div>\n\t\t<div class=\"elementor-element elementor-element-1cf49da e-grid e-con-boxed e-con e-parent\" data-id=\"1cf49da\" data-element_type=\"container\" data-e-type=\"container\" data-settings=\"{&quot;background_background&quot;:&quot;classic&quot;}\">\n\t\t\t\t\t<div class=\"e-con-inner\">\n\t\t<div class=\"elementor-element elementor-element-d3315d7 e-con-full e-flex e-con e-child\" data-id=\"d3315d7\" data-element_type=\"container\" data-e-type=\"container\">\n\t\t\t\t<div class=\"elementor-element elementor-element-c15c6ee elementor-widget elementor-widget-heading\" data-id=\"c15c6ee\" data-element_type=\"widget\" data-e-type=\"widget\" data-widget_type=\"heading.default\">\n\t\t\t\t<div class=\"elementor-widget-container\">\n\t\t\t\t\t<h2 class=\"elementor-heading-title elementor-size-default\">Bewusst Erschaffen \u2013 Die Realit\u00e4t bewusst aktiv gestalten<\/h2>\t\t\t\t<\/div>\n\t\t\t\t<\/div>\n\t\t\t\t<div class=\"elementor-element elementor-element-b83e26a elementor-widget elementor-widget-text-editor\" data-id=\"b83e26a\" data-element_type=\"widget\" data-e-type=\"widget\" data-widget_type=\"text-editor.default\">\n\t\t\t\t<div class=\"elementor-widget-container\">\n\t\t\t\t\t\t\t\t\t<p>Das Konzept \u201eBewusst Erschaffen\u201c f\u00f6rdert die F\u00e4higkeit, die eigene Realit\u00e4t aktiv und bewusst zu gestalten. Es basiert auf der Erkenntnis, dass Gedanken, Gef\u00fchle und Handlungen miteinander verbunden sind und sich gegenseitig beeinflussen. Durch die bewusste Steuerung dieser Elemente k\u00f6nnen Sie gezielt Ver\u00e4nderungen in Ihrem Leben herbeif\u00fchren. Der Coachingprozess zielt darauf ab, Sie dabei zu unterst\u00fctzen, Ihre innere Haltung und \u00dcberzeugungen so zu ver\u00e4ndern, dass sie in \u00dcbereinstimmung mit Ihren gew\u00fcnschten Zielen und Visionen stehen.<\/p>\t\t\t\t\t\t\t\t<\/div>\n\t\t\t\t<\/div>\n\t\t\t\t<\/div>\n\t\t\t\t\t<\/div>\n\t\t\t\t<\/div>\n\t\t<div class=\"elementor-element elementor-element-fe44d4c e-grid e-con-boxed e-con e-parent\" data-id=\"fe44d4c\" data-element_type=\"container\" data-e-type=\"container\" data-settings=\"{&quot;background_background&quot;:&quot;classic&quot;}\">\n\t\t\t\t\t<div class=\"e-con-inner\">\n\t\t<div class=\"elementor-element elementor-element-77862a7 e-con-full e-flex e-con e-child\" data-id=\"77862a7\" data-element_type=\"container\" data-e-type=\"container\">\n\t\t\t\t<div class=\"elementor-element elementor-element-1d0cb4a elementor-widget elementor-widget-heading\" data-id=\"1d0cb4a\" data-element_type=\"widget\" data-e-type=\"widget\" data-widget_type=\"heading.default\">\n\t\t\t\t<div class=\"elementor-widget-container\">\n\t\t\t\t\t<h2 class=\"elementor-heading-title elementor-size-default\">L\u00f6sungsorientiert \u2013 Klarheit \u00fcber Ihre Ziele und Werte<\/h2>\t\t\t\t<\/div>\n\t\t\t\t<\/div>\n\t\t\t\t<div class=\"elementor-element elementor-element-be60a07 elementor-widget elementor-widget-text-editor\" data-id=\"be60a07\" data-element_type=\"widget\" data-e-type=\"widget\" data-widget_type=\"text-editor.default\">\n\t\t\t\t<div class=\"elementor-widget-container\">\n\t\t\t\t\t\t\t\t\t<p>L\u00f6sungsorientiertes Coaching konzentriert sich darauf, konkrete L\u00f6sungen f\u00fcr die Herausforderungen im Leben zu entwickeln. Der Fokus liegt auf der Identifikation der eigenen Ziele und Werte sowie der Hindernisse, die die pers\u00f6nliche Entfaltung blockieren. Durch die gezielte Arbeit an der Zielverwirklichung und der Entwicklung einer klaren Vision werden individuelle Ressourcen aktiviert und F\u00e4higkeiten gest\u00e4rkt. Dies erm\u00f6glicht es, das Leben zunehmend bewusst und in \u00dcbereinstimmung mit den eigenen W\u00fcnschen und Vorstellungen zu gestalten.<\/p>\t\t\t\t\t\t\t\t<\/div>\n\t\t\t\t<\/div>\n\t\t\t\t<\/div>\n\t\t\t\t\t<\/div>\n\t\t\t\t<\/div>\n\t\t<div class=\"elementor-element elementor-element-d47a9ca e-grid e-con-boxed e-con e-parent\" data-id=\"d47a9ca\" data-element_type=\"container\" data-e-type=\"container\" data-settings=\"{&quot;background_background&quot;:&quot;classic&quot;}\">\n\t\t\t\t\t<div class=\"e-con-inner\">\n\t\t<div class=\"elementor-element elementor-element-7e3c490 e-con-full e-flex e-con e-child\" data-id=\"7e3c490\" data-element_type=\"container\" data-e-type=\"container\">\n\t\t\t\t<div class=\"elementor-element elementor-element-58ec049 elementor-widget elementor-widget-heading\" data-id=\"58ec049\" data-element_type=\"widget\" data-e-type=\"widget\" data-widget_type=\"heading.default\">\n\t\t\t\t<div class=\"elementor-widget-container\">\n\t\t\t\t\t<h2 class=\"elementor-heading-title elementor-size-default\">Ressourcenaktivierend \u2013 Die innere St\u00e4rke freisetzen<\/h2>\t\t\t\t<\/div>\n\t\t\t\t<\/div>\n\t\t\t\t<div class=\"elementor-element elementor-element-631f308 elementor-widget elementor-widget-text-editor\" data-id=\"631f308\" data-element_type=\"widget\" data-e-type=\"widget\" data-widget_type=\"text-editor.default\">\n\t\t\t\t<div class=\"elementor-widget-container\">\n\t\t\t\t\t\t\t\t\t<p>Ressourcenaktivierendes Coaching zielt darauf ab, ungenutzte Potenziale und F\u00e4higkeiten zu erkennen und zu mobilisieren. Jeder Mensch tr\u00e4gt innere Ressourcen in sich, die oft unbewusst bleiben oder nicht vollst\u00e4ndig ausgesch\u00f6pft werden. Durch den Coachingprozess wird es erm\u00f6glicht, diese St\u00e4rken zu entdecken und in verschiedenen Lebenssituationen gezielt einzusetzen. Dies f\u00f6rdert nicht nur die Bew\u00e4ltigung von Herausforderungen, sondern unterst\u00fctzt auch die pers\u00f6nliche Entwicklung und beschleunigt den Transformationsprozess.<\/p>\t\t\t\t\t\t\t\t<\/div>\n\t\t\t\t<\/div>\n\t\t\t\t<\/div>\n\t\t\t\t\t<\/div>\n\t\t\t\t<\/div>\n\t\t<div class=\"elementor-element elementor-element-2647fed e-grid e-con-boxed e-con e-parent\" data-id=\"2647fed\" data-element_type=\"container\" data-e-type=\"container\" data-settings=\"{&quot;background_background&quot;:&quot;classic&quot;}\">\n\t\t\t\t\t<div class=\"e-con-inner\">\n\t\t<div class=\"elementor-element elementor-element-db4386e e-con-full e-flex e-con e-child\" data-id=\"db4386e\" data-element_type=\"container\" data-e-type=\"container\">\n\t\t\t\t<div class=\"elementor-element elementor-element-21c9047 elementor-widget elementor-widget-heading\" data-id=\"21c9047\" data-element_type=\"widget\" data-e-type=\"widget\" data-widget_type=\"heading.default\">\n\t\t\t\t<div class=\"elementor-widget-container\">\n\t\t\t\t\t<h2 class=\"elementor-heading-title elementor-size-default\">Individualisiert \u2013 Der Coaching-Ansatz f\u00fcr den individuellen Weg<\/h2>\t\t\t\t<\/div>\n\t\t\t\t<\/div>\n\t\t\t\t<div class=\"elementor-element elementor-element-d8db2da elementor-widget elementor-widget-text-editor\" data-id=\"d8db2da\" data-element_type=\"widget\" data-e-type=\"widget\" data-widget_type=\"text-editor.default\">\n\t\t\t\t<div class=\"elementor-widget-container\">\n\t\t\t\t\t\t\t\t\t<p>Individualisiertes Coaching ber\u00fccksichtigt die Einzigartigkeit jedes Menschen. Der Coaching-Prozess wird auf die spezifischen Bed\u00fcrfnisse, W\u00fcnsche und Lebensumst\u00e4nde abgestimmt, um ma\u00dfgeschneiderte Strategien zu entwickeln. Dabei wird besonderer Wert darauf gelegt, die eigenen Werte, die pers\u00f6nliche Lebensgeschichte und die individuelle Vision zu integrieren. Dies erm\u00f6glicht es, Ver\u00e4nderungen im Leben auf authentische Weise umzusetzen, sodass sie nachhaltig und langfristig wirksam sind.<\/p>\t\t\t\t\t\t\t\t<\/div>\n\t\t\t\t<\/div>\n\t\t\t\t<\/div>\n\t\t\t\t\t<\/div>\n\t\t\t\t<\/div>\n\t\t<div class=\"elementor-element elementor-element-aa544db e-grid e-con-boxed e-con e-parent\" data-id=\"aa544db\" data-element_type=\"container\" data-e-type=\"container\" data-settings=\"{&quot;background_background&quot;:&quot;classic&quot;}\">\n\t\t\t\t\t<div class=\"e-con-inner\">\n\t\t<div class=\"elementor-element elementor-element-748b831 e-con-full e-flex e-con e-child\" data-id=\"748b831\" data-element_type=\"container\" data-e-type=\"container\">\n\t\t\t\t<div class=\"elementor-element elementor-element-abbc4bd elementor-widget elementor-widget-heading\" data-id=\"abbc4bd\" data-element_type=\"widget\" data-e-type=\"widget\" data-widget_type=\"heading.default\">\n\t\t\t\t<div class=\"elementor-widget-container\">\n\t\t\t\t\t<h2 class=\"elementor-heading-title elementor-size-default\">Kompetenzaufbauend \u2013 Selbstvertrauen st\u00e4rken<\/h2>\t\t\t\t<\/div>\n\t\t\t\t<\/div>\n\t\t\t\t<div class=\"elementor-element elementor-element-c59256d elementor-widget elementor-widget-text-editor\" data-id=\"c59256d\" data-element_type=\"widget\" data-e-type=\"widget\" data-widget_type=\"text-editor.default\">\n\t\t\t\t<div class=\"elementor-widget-container\">\n\t\t\t\t\t\t\t\t\t<p>Kompetenzaufbauendes Coaching fokussiert sich darauf, sowohl die F\u00e4higkeiten als auch das Selbstvertrauen der Klienten zu st\u00e4rken. Durch den Prozess entwickeln die Klienten die F\u00e4higkeit, Entscheidungen mit Klarheit zu treffen und sich auf ihre inneren Werte zu st\u00fctzen. Dies f\u00fchrt dazu, dass sie mehr Kontrolle \u00fcber ihr Leben erlangen und in der Lage sind, positive Ver\u00e4nderungen mit Leichtigkeit und Vertrauen anzugehen. Das Ziel ist, die pers\u00f6nliche Kompetenz zu erweitern und eine solide Grundlage f\u00fcr selbstbewusstes Handeln zu schaffen.<\/p>\t\t\t\t\t\t\t\t<\/div>\n\t\t\t\t<\/div>\n\t\t\t\t<\/div>\n\t\t\t\t\t<\/div>\n\t\t\t\t<\/div>\n\t\t<div class=\"elementor-element elementor-element-9b91172 e-grid e-con-boxed e-con e-parent\" data-id=\"9b91172\" data-element_type=\"container\" data-e-type=\"container\" data-settings=\"{&quot;background_background&quot;:&quot;classic&quot;}\">\n\t\t\t\t\t<div class=\"e-con-inner\">\n\t\t<div class=\"elementor-element elementor-element-3d0b99f e-con-full e-flex e-con e-child\" data-id=\"3d0b99f\" data-element_type=\"container\" data-e-type=\"container\">\n\t\t\t\t<div class=\"elementor-element elementor-element-7ad35ca elementor-widget elementor-widget-heading\" data-id=\"7ad35ca\" data-element_type=\"widget\" data-e-type=\"widget\" data-widget_type=\"heading.default\">\n\t\t\t\t<div class=\"elementor-widget-container\">\n\t\t\t\t\t<h2 class=\"elementor-heading-title elementor-size-default\">Systemisches Coaching \u2013 Das Leben im Gesamtbild<\/h2>\t\t\t\t<\/div>\n\t\t\t\t<\/div>\n\t\t\t\t<div class=\"elementor-element elementor-element-3cb4e1b elementor-widget elementor-widget-text-editor\" data-id=\"3cb4e1b\" data-element_type=\"widget\" data-e-type=\"widget\" data-widget_type=\"text-editor.default\">\n\t\t\t\t<div class=\"elementor-widget-container\">\n\t\t\t\t\t\t\t\t\t<p>Systemisches Coaching betrachtet den Klienten nicht isoliert, sondern als Teil eines gr\u00f6\u00dferen Systems. Dabei wird das Umfeld, in dem der Klient lebt und agiert, mit einbezogen \u2013 sei es das berufliche Umfeld, famili\u00e4re Strukturen oder soziale Beziehungen. Im Coachingprozess werden die Herausforderungen des Klienten im Kontext dieses Systems betrachtet, wodurch ein tieferes Verst\u00e4ndnis f\u00fcr die Wechselwirkungen zwischen dem Klienten und seinem Umfeld entsteht. Ziel ist es, L\u00f6sungen zu entwickeln, die nicht nur das individuelle Wohl des Klienten f\u00f6rdern, sondern auch positive Auswirkungen auf das gesamte System haben.<\/p>\t\t\t\t\t\t\t\t<\/div>\n\t\t\t\t<\/div>\n\t\t\t\t<\/div>\n\t\t\t\t\t<\/div>\n\t\t\t\t<\/div>\n\t\t<div class=\"elementor-element elementor-element-da5d31b e-grid e-con-boxed e-con e-parent\" data-id=\"da5d31b\" data-element_type=\"container\" data-e-type=\"container\" data-settings=\"{&quot;background_background&quot;:&quot;classic&quot;}\">\n\t\t\t\t\t<div class=\"e-con-inner\">\n\t\t<div class=\"elementor-element elementor-element-005de18 e-con-full e-flex e-con e-child\" data-id=\"005de18\" data-element_type=\"container\" data-e-type=\"container\">\n\t\t\t\t<div class=\"elementor-element elementor-element-4b5aff9 elementor-widget elementor-widget-heading\" data-id=\"4b5aff9\" data-element_type=\"widget\" data-e-type=\"widget\" data-widget_type=\"heading.default\">\n\t\t\t\t<div class=\"elementor-widget-container\">\n\t\t\t\t\t<h2 class=\"elementor-heading-title elementor-size-default\">Gestalttherapie im Coaching-Ansatz \u2013 Pr\u00e4senz und Klarheit im Hier und Jetzt<\/h2>\t\t\t\t<\/div>\n\t\t\t\t<\/div>\n\t\t\t\t<div class=\"elementor-element elementor-element-eebacc8 elementor-widget elementor-widget-text-editor\" data-id=\"eebacc8\" data-element_type=\"widget\" data-e-type=\"widget\" data-widget_type=\"text-editor.default\">\n\t\t\t\t<div class=\"elementor-widget-container\">\n\t\t\t\t\t\t\t\t\t<p>Die gestalttherapeutische Methode im Coaching f\u00f6rdert die bewusste Wahrnehmung und Akzeptanz der eigenen Emotionen und Bed\u00fcrfnisse. Sie unterst\u00fctzt den Klienten dabei, sich voll und ganz auf den aktuellen Moment einzulassen und seine Gef\u00fchle ohne Verdr\u00e4ngung oder Ablenkung zu erleben. Durch die Auseinandersetzung mit den eigenen Emotionen und Bed\u00fcrfnissen wird eine tiefere Selbstwahrnehmung gef\u00f6rdert, die zu authentischerem Handeln f\u00fchrt. Diese Klarheit im Umgang mit den eigenen Gef\u00fchlen er\u00f6ffnet einen Raum f\u00fcr nachhaltige Ver\u00e4nderung und pers\u00f6nliche Entwicklung, da der Klient lernt, mit sich selbst in Einklang zu kommen und sich in seiner vollen Individualit\u00e4t zu entfalten.<\/p>\t\t\t\t\t\t\t\t<\/div>\n\t\t\t\t<\/div>\n\t\t\t\t<\/div>\n\t\t\t\t\t<\/div>\n\t\t\t\t<\/div>\n\t\t<div class=\"elementor-element elementor-element-43b143f e-grid e-con-boxed e-con e-parent\" data-id=\"43b143f\" data-element_type=\"container\" data-e-type=\"container\" data-settings=\"{&quot;background_background&quot;:&quot;classic&quot;}\">\n\t\t\t\t\t<div class=\"e-con-inner\">\n\t\t<div class=\"elementor-element elementor-element-629763e e-con-full e-flex e-con e-child\" data-id=\"629763e\" data-element_type=\"container\" data-e-type=\"container\">\n\t\t\t\t<div class=\"elementor-element elementor-element-23b2ec3 elementor-widget elementor-widget-heading\" data-id=\"23b2ec3\" data-element_type=\"widget\" data-e-type=\"widget\" data-widget_type=\"heading.default\">\n\t\t\t\t<div class=\"elementor-widget-container\">\n\t\t\t\t\t<h2 class=\"elementor-heading-title elementor-size-default\">Tiefenpsychologie (Analytische Psychologie) \u2013 \u2028Das Unbewusste bewusst machen<\/h2>\t\t\t\t<\/div>\n\t\t\t\t<\/div>\n\t\t\t\t<div class=\"elementor-element elementor-element-c81ea62 elementor-widget elementor-widget-text-editor\" data-id=\"c81ea62\" data-element_type=\"widget\" data-e-type=\"widget\" data-widget_type=\"text-editor.default\">\n\t\t\t\t<div class=\"elementor-widget-container\">\n\t\t\t\t\t\t\t\t\t<p>Im Coachingprozess wird die analytische Psychologie genutzt, um tief verwurzelte unbewusste Muster und Blockaden zu erkennen, die die pers\u00f6nliche Entwicklung und das Wachstum des Klienten behindern. Diese unbewussten Muster sind oft das Ergebnis von fr\u00fchkindlichen Erfahrungen, verdr\u00e4ngten Emotionen oder ungel\u00f6sten inneren Konflikten, die das Verhalten und die Wahrnehmung im Erwachsenenalter beeinflussen k\u00f6nnen. Durch die Anwendung tiefenpsychologischer Ans\u00e4tze wird der Klient dabei unterst\u00fctzt, die Ursachen dieser Blockaden zu erkennen und das Unbewusste bewusst zu machen.<\/p>\t\t\t\t\t\t\t\t<\/div>\n\t\t\t\t<\/div>\n\t\t\t\t<\/div>\n\t\t\t\t\t<\/div>\n\t\t\t\t<\/div>\n\t\t<div class=\"elementor-element elementor-element-10071e6 e-grid e-con-boxed e-con e-parent\" data-id=\"10071e6\" data-element_type=\"container\" data-e-type=\"container\" data-settings=\"{&quot;background_background&quot;:&quot;classic&quot;}\">\n\t\t\t\t\t<div class=\"e-con-inner\">\n\t\t<div class=\"elementor-element elementor-element-c3143c1 e-con-full e-flex e-con e-child\" data-id=\"c3143c1\" data-element_type=\"container\" data-e-type=\"container\">\n\t\t\t\t<div class=\"elementor-element elementor-element-7db8a23 elementor-widget elementor-widget-heading\" data-id=\"7db8a23\" data-element_type=\"widget\" data-e-type=\"widget\" data-widget_type=\"heading.default\">\n\t\t\t\t<div class=\"elementor-widget-container\">\n\t\t\t\t\t<h2 class=\"elementor-heading-title elementor-size-default\">Kognitive Verhaltenstherapie im Coaching-Ansatz \u2013 Den Geist neu ausrichten<\/h2>\t\t\t\t<\/div>\n\t\t\t\t<\/div>\n\t\t\t\t<div class=\"elementor-element elementor-element-c70d9c4 elementor-widget elementor-widget-text-editor\" data-id=\"c70d9c4\" data-element_type=\"widget\" data-e-type=\"widget\" data-widget_type=\"text-editor.default\">\n\t\t\t\t<div class=\"elementor-widget-container\">\n\t\t\t\t\t\t\t\t\t<p>Der kognitive Verhaltenstherapeutische Ansatz im Coaching konzentriert sich auf die Analyse und Ver\u00e4nderung von Denkmustern, die das Verhalten und die Wahrnehmung des Klienten negativ beeinflussen. Oft sind es tief verankerte, unbewusste \u00dcberzeugungen, die die Art und Weise pr\u00e4gen, wie eine Person sich selbst, andere und die Welt insgesamt sieht. Diese \u00dcberzeugungen k\u00f6nnen limitierend wirken und zu ungesunden Reaktionsmustern f\u00fchren. Im Coachingprozess werden diese Denkmuster hinterfragt und \u00fcberpr\u00fcft, um ihren Ursprung und ihre Wirkung zu verstehen. Durch gezielte kognitive Techniken werden die negativen Glaubenss\u00e4tze aufgel\u00f6st und durch neue, f\u00f6rderliche \u00dcberzeugungen ersetzt. Dieser Prozess f\u00fchrt zu einer Transformation der Selbstwahrnehmung und der Weltanschauung.<\/p>\t\t\t\t\t\t\t\t<\/div>\n\t\t\t\t<\/div>\n\t\t\t\t<\/div>\n\t\t\t\t\t<\/div>\n\t\t\t\t<\/div>\n\t\t<div class=\"elementor-element elementor-element-af9c10d e-grid e-con-boxed e-con e-parent\" data-id=\"af9c10d\" data-element_type=\"container\" data-e-type=\"container\" data-settings=\"{&quot;background_background&quot;:&quot;classic&quot;}\">\n\t\t\t\t\t<div class=\"e-con-inner\">\n\t\t<div class=\"elementor-element elementor-element-ac7e617 e-con-full e-flex e-con e-child\" data-id=\"ac7e617\" data-element_type=\"container\" data-e-type=\"container\">\n\t\t\t\t<div class=\"elementor-element elementor-element-6aff4f8 elementor-widget elementor-widget-heading\" data-id=\"6aff4f8\" data-element_type=\"widget\" data-e-type=\"widget\" data-widget_type=\"heading.default\">\n\t\t\t\t<div class=\"elementor-widget-container\">\n\t\t\t\t\t<h2 class=\"elementor-heading-title elementor-size-default\">Hypnose \u2013 Der direkte Zugang zu inneren Ressourcen und Transformation\u200b<\/h2>\t\t\t\t<\/div>\n\t\t\t\t<\/div>\n\t\t\t\t<div class=\"elementor-element elementor-element-0108957 elementor-widget elementor-widget-text-editor\" data-id=\"0108957\" data-element_type=\"widget\" data-e-type=\"widget\" data-widget_type=\"text-editor.default\">\n\t\t\t\t<div class=\"elementor-widget-container\">\n\t\t\t\t\t\t\t\t\t<p>Hypnose im Coachingprozess dient als Werkzeug, um den Klienten einen Zugang zu tieferen Bewusstseinsebenen zu erm\u00f6glichen, die oft unbewusste Blockaden, negative Glaubenss\u00e4tze und tief verwurzelte \u00c4ngste beinhalten. Diese Zust\u00e4nde sind h\u00e4ufig die Ursache f\u00fcr emotionale und mentale Belastungen, die das pers\u00f6nliche Wachstum und die Entfaltung des Klienten einschr\u00e4nken. In einem hypnotischen Zustand wird es dem Klienten m\u00f6glich, diese Blockaden und limitierenden \u00dcberzeugungen aufzul\u00f6sen, indem er in einen Zustand erh\u00f6hter Entspannung und Konzentration eintritt.<\/p><p>Durch die Aktivierung von inneren Ressourcen und St\u00e4rken k\u00f6nnen tiefere Einsichten gewonnen werden, die helfen, das Unterbewusstsein umzuprogrammieren. Hypnose erm\u00f6glicht es, in einem sicheren, gef\u00fchrten Rahmen emotionale Wunden zu heilen und hinderliche Denkmuster zu transformieren, die den Klienten bislang zur\u00fcckgehalten haben.<\/p>\t\t\t\t\t\t\t\t<\/div>\n\t\t\t\t<\/div>\n\t\t\t\t<\/div>\n\t\t\t\t\t<\/div>\n\t\t\t\t<\/div>\n\t\t<div class=\"elementor-element elementor-element-d6d2c6d e-grid e-con-boxed e-con e-parent\" data-id=\"d6d2c6d\" data-element_type=\"container\" data-e-type=\"container\" data-settings=\"{&quot;background_background&quot;:&quot;classic&quot;}\">\n\t\t\t\t\t<div class=\"e-con-inner\">\n\t\t<div class=\"elementor-element elementor-element-e1740b9 e-con-full e-flex e-con e-child\" data-id=\"e1740b9\" data-element_type=\"container\" data-e-type=\"container\">\n\t\t\t\t<div class=\"elementor-element elementor-element-5880198 elementor-widget elementor-widget-heading\" data-id=\"5880198\" data-element_type=\"widget\" data-e-type=\"widget\" data-widget_type=\"heading.default\">\n\t\t\t\t<div class=\"elementor-widget-container\">\n\t\t\t\t\t<h2 class=\"elementor-heading-title elementor-size-default\">Ein ganzheitlicher Ansatz f\u00fcr ein wahrhaftiges Dasein<\/h2>\t\t\t\t<\/div>\n\t\t\t\t<\/div>\n\t\t\t\t<div class=\"elementor-element elementor-element-27d084e elementor-widget elementor-widget-text-editor\" data-id=\"27d084e\" data-element_type=\"widget\" data-e-type=\"widget\" data-widget_type=\"text-editor.default\">\n\t\t\t\t<div class=\"elementor-widget-container\">\n\t\t\t\t\t\t\t\t\t<p>Ein ganzheitlicher Coaching-Ansatz ber\u00fccksichtigt die vielf\u00e4ltigen Aspekte des Lebens und geht \u00fcber herk\u00f6mmliche Lebensberatung hinaus. Dabei werden nicht nur individuelle Themen wie Stressbew\u00e4ltigung, Selbstwert, Beziehungen und pers\u00f6nliche Entwicklung ber\u00fccksichtigt, sondern auch die Verbindungen zwischen diesen Bereichen. Der Fokus liegt auf der F\u00f6rderung eines harmonischen Gleichgewichts, das es dem Klienten erm\u00f6glicht, ein authentisches und erf\u00fclltes Leben zu f\u00fchren.<\/p><p>Im transformativen Life Coaching begegnen Sie sich selbst auf einer h\u00f6heren Bewusstseinsebene. Sie entwickeln ein tiefes Verst\u00e4ndnis f\u00fcr Ihre Bed\u00fcrfnisse, Entfaltung Ihrer Individualit\u00e4t und gestalten bewusst positive Ver\u00e4nderungen, um Ihr Leben nach Ihren eigenen Vorstellungen zu f\u00fchren.<\/p><p>Ich freue mich sehr, Sie auf diesem spannenden Weg begleiten zu d\u00fcrfen.<\/p>\t\t\t\t\t\t\t\t<\/div>\n\t\t\t\t<\/div>\n\t\t\t\t<\/div>\n\t\t\t\t\t<\/div>\n\t\t\t\t<\/div>\n\t\t\t\t<\/div>\n\t\t","protected":false},"excerpt":{"rendered":"<p>Transformatives Life Coaching Ihr Weg zu einem erf\u00fcllten und authentischen Leben Solange Sie Ihr Selbstbild nicht ver\u00e4ndern, bleibt auch Ihre Welt unver\u00e4ndert. Ihre pers\u00f6nliche \u00dcberzeugung und innere Haltung bestimmen die Realit\u00e4t, in der Sie leben. Um neue Gewohnheiten zu etablieren und langfristige Ver\u00e4nderungen zu erreichen, ist eine Ver\u00e4nderung Ihrer Identit\u00e4t erforderlich. L\u00f6sungsorientiert Ressourcenaktivierend Individualisiert Bewusst [&hellip;]<\/p>\n","protected":false},"author":1,"featured_media":0,"parent":0,"menu_order":0,"comment_status":"closed","ping_status":"closed","template":"elementor_header_footer","meta":{"footnotes":""},"class_list":["post-722","page","type-page","status-publish","hentry"],"_links":{"self":[{"href":"https:\/\/bewusst-erschaffen.com\/start\/wp-json\/wp\/v2\/pages\/722","targetHints":{"allow":["GET"]}}],"collection":[{"href":"https:\/\/bewusst-erschaffen.com\/start\/wp-json\/wp\/v2\/pages"}],"about":[{"href":"https:\/\/bewusst-erschaffen.com\/start\/wp-json\/wp\/v2\/types\/page"}],"author":[{"embeddable":true,"href":"https:\/\/bewusst-erschaffen.com\/start\/wp-json\/wp\/v2\/users\/1"}],"replies":[{"embeddable":true,"href":"https:\/\/bewusst-erschaffen.com\/start\/wp-json\/wp\/v2\/comments?post=722"}],"version-history":[{"count":34,"href":"https:\/\/bewusst-erschaffen.com\/start\/wp-json\/wp\/v2\/pages\/722\/revisions"}],"predecessor-version":[{"id":1926,"href":"https:\/\/bewusst-erschaffen.com\/start\/wp-json\/wp\/v2\/pages\/722\/revisions\/1926"}],"wp:attachment":[{"href":"https:\/\/bewusst-erschaffen.com\/start\/wp-json\/wp\/v2\/media?parent=722"}],"curies":[{"name":"wp","href":"https:\/\/api.w.org\/{rel}","templated":true}]}}