{"id":787,"date":"2025-04-08T10:22:53","date_gmt":"2025-04-08T10:22:53","guid":{"rendered":"https:\/\/bewusst-erschaffen.com\/?page_id=787"},"modified":"2025-05-03T14:45:57","modified_gmt":"2025-05-03T14:45:57","slug":"rezensionen01","status":"publish","type":"page","link":"https:\/\/bewusst-erschaffen.com\/start\/rezensionen01\/","title":{"rendered":"Rezensionen01"},"content":{"rendered":"\t\t<div data-elementor-type=\"wp-post\" data-elementor-id=\"787\" class=\"elementor elementor-787\" data-elementor-post-type=\"page\">\n\t\t\t\t<div class=\"elementor-element elementor-element-dbb6bd7 e-grid e-con-boxed e-con e-parent\" data-id=\"dbb6bd7\" data-element_type=\"container\" data-e-type=\"container\" data-settings=\"{&quot;background_background&quot;:&quot;classic&quot;}\">\n\t\t\t\t\t<div class=\"e-con-inner\">\n\t\t<div class=\"elementor-element elementor-element-fc58b98 e-con-full e-grid e-con e-child\" data-id=\"fc58b98\" data-element_type=\"container\" data-e-type=\"container\">\n\t\t\t\t<div class=\"elementor-element elementor-element-5db82e9 elementor-widget elementor-widget-heading\" data-id=\"5db82e9\" data-element_type=\"widget\" data-e-type=\"widget\" data-widget_type=\"heading.default\">\n\t\t\t\t<div class=\"elementor-widget-container\">\n\t\t\t\t\t<h2 class=\"elementor-heading-title elementor-size-default\"><a href=\"https:\/\/bewusst-erschaffen.com\/rezensionen01\/\">Kundenrezensionen<\/a><\/h2>\t\t\t\t<\/div>\n\t\t\t\t<\/div>\n\t\t\t\t<div class=\"elementor-element elementor-element-1a57611 elementor-widget elementor-widget-text-editor\" data-id=\"1a57611\" data-element_type=\"widget\" data-e-type=\"widget\" data-widget_type=\"text-editor.default\">\n\t\t\t\t<div class=\"elementor-widget-container\">\n\t\t\t\t\t\t\t\t\t<p style=\"text-align: right;\">Seite 1\/8<\/p>\t\t\t\t\t\t\t\t<\/div>\n\t\t\t\t<\/div>\n\t\t\t\t<\/div>\n\t\t<div class=\"elementor-element elementor-element-9f6739e e-con-full e-flex e-con e-child\" data-id=\"9f6739e\" data-element_type=\"container\" data-e-type=\"container\">\n\t\t\t\t<div class=\"elementor-element elementor-element-bb22c59 elementor-widget elementor-widget-text-editor\" data-id=\"bb22c59\" data-element_type=\"widget\" data-e-type=\"widget\" data-widget_type=\"text-editor.default\">\n\t\t\t\t<div class=\"elementor-widget-container\">\n\t\t\t\t\t\t\t\t\t<p>Da der Schutz Ihrer Privatsph\u00e4re f\u00fcr mich h\u00f6chste Priorit\u00e4t hat, bitte ich meine Klientinnen und Klienten, ihre Rezensionen mit ihrem Vornamen, einem Pseudonym oder nur mit Initialen zu unterzeichnen.<\/p>\t\t\t\t\t\t\t\t<\/div>\n\t\t\t\t<\/div>\n\t\t\t\t<\/div>\n\t\t\t\t\t<\/div>\n\t\t\t\t<\/div>\n\t\t<div class=\"elementor-element elementor-element-fe44d4c e-grid e-con-boxed e-con e-parent\" data-id=\"fe44d4c\" data-element_type=\"container\" data-e-type=\"container\" data-settings=\"{&quot;background_background&quot;:&quot;classic&quot;}\">\n\t\t\t\t\t<div class=\"e-con-inner\">\n\t\t<div class=\"elementor-element elementor-element-77862a7 e-con-full e-flex e-con e-child\" data-id=\"77862a7\" data-element_type=\"container\" data-e-type=\"container\">\n\t\t\t\t<div class=\"elementor-element elementor-element-be60a07 elementor-widget elementor-widget-text-editor\" data-id=\"be60a07\" data-element_type=\"widget\" data-e-type=\"widget\" data-widget_type=\"text-editor.default\">\n\t\t\t\t<div class=\"elementor-widget-container\">\n\t\t\t\t\t\t\t\t\t<p>Liebe Snjezana,<\/p><p>ich habe es nicht f\u00fcr m\u00f6glich gehalten.<\/p><p>Nach so vielen Jahren mit Wut, Groll, Vorw\u00fcrfen und Selbstzweifeln ist es mir nach nur einer Hypnosesitzung m\u00f6glich geworden, loszulassen, zu vergeben und mich auf den Weg zu machen, um mir selbst und meiner Mutter zu vergeben.<\/p><p>Der Anfang unserer Hypnose Sitzung war etwas holprig und ich konnte mich noch nicht so richtig darauf einlassen. Aber du hast mich immer wieder ermutigt, mir zur Seite gestanden, mich best\u00e4rkt und mit Deiner ruhigen und sympathischen Stimme begleitet, so dass ich letztendlich in den Prozess gleiten konnte.<\/p><p>Es war so leicht und ich bin so froh \u00fcber die Entwicklung. Die Wunden heilen, ich kann es manchmal sp\u00fcren, ohne das ich bewusst etwas dazu tun muss. Der Prozess l\u00e4uft im Unterbewusstsein von alleine ab. Unglaublich, dass das geschehen kann.<\/p><p>Der Besuch bei meiner Tochter nach der Hypnose Sitzung war so entspannt und harmonisch wie noch nie. Keine Schuldgef\u00fchle, kein schlechtes Gewissen, einfach nur achtsamer Umgang mit mir und meiner Tochter.<\/p><p>Diese Entwicklung ist einfach fabelhaft. Dankesch\u00f6n !!<\/p><p>Auch der Groll und die Wut gegen die Enkelkinder meiner Schwester ist verschwunden. Selbstliebe, Akzeptanz und neues Selbstvertrauen verteilen sich in jeder Zelle meines K\u00f6rpers.<\/p><p>Wie schon gesagt: Ich h\u00e4tte es nicht f\u00fcr m\u00f6glich gehalten.<\/p><p>Das Leben ist viel leichter, harmonischer und ruhiger geworden. Lieben Dank f\u00fcr deine einf\u00fchlsame, ruhige und verst\u00e4ndnisvolle Art mit Menschen umzugehen.<\/p><p>Ich danke Dir von ganzem Herzen.<br \/>J. B.<\/p>\t\t\t\t\t\t\t\t<\/div>\n\t\t\t\t<\/div>\n\t\t\t\t<\/div>\n\t\t\t\t\t<\/div>\n\t\t\t\t<\/div>\n\t\t<div class=\"elementor-element elementor-element-3766924 e-grid e-con-boxed e-con e-parent\" data-id=\"3766924\" data-element_type=\"container\" data-e-type=\"container\" data-settings=\"{&quot;background_background&quot;:&quot;classic&quot;}\">\n\t\t\t\t\t<div class=\"e-con-inner\">\n\t\t<div class=\"elementor-element elementor-element-dfbe796 e-con-full e-flex e-con e-child\" data-id=\"dfbe796\" data-element_type=\"container\" data-e-type=\"container\">\n\t\t\t\t<div class=\"elementor-element elementor-element-0112c24 elementor-widget elementor-widget-text-editor\" data-id=\"0112c24\" data-element_type=\"widget\" data-e-type=\"widget\" data-widget_type=\"text-editor.default\">\n\t\t\t\t<div class=\"elementor-widget-container\">\n\t\t\t\t\t\t\t\t\t<p>Liebe Snjezana,<br \/>ich danke dir vielmals f\u00fcr unseren Hypnoseprozess.<br \/><br \/>Bei dir habe ich erlebt, was Hypnose wirklich sein kann. Der gesamte Ablauf war von Anfang bis Ende h\u00f6chst professionell. Ich f\u00fchlte mich zu jeder Zeit komplett sicher und gut gef\u00fchrt, auch, weil du mir alles genauestens erkl\u00e4rt und mir meine Bedenken genommen hast.<br \/><br \/>Du hast mir den Raum gegeben, meine Gef\u00fchle zu zeigen, und mich dabei aufgefangen. W\u00e4hrend der Sitzung konnte ich sehr schnell ein altes, tiefes Trauma aufdecken, und du hast mich dabei einf\u00fchlsam und fachkundig begleitet. Daf\u00fcr danke ich dir von Herzen.<br \/><br \/>Seit unserer Sitzung f\u00fchle ich mich deutlich besser. Auf der einen Seite st\u00e4rker, auf der anderen Seite ruhiger in mir selbst. Deine Professionalit\u00e4t und Leidenschaft f\u00fcr die Hypnose haben mich zutiefst beeindruckt.<br \/><br \/>Ich werde dich auf jeden Fall weiterempfehlen. Man sp\u00fcrt, dass du nicht nur Hypnose praktizierst, sondern sie lebst.<br \/>\u00a0<br \/>Herzlichen Dank f\u00fcr alles!<br \/>Kathrin<\/p>\t\t\t\t\t\t\t\t<\/div>\n\t\t\t\t<\/div>\n\t\t\t\t<\/div>\n\t\t\t\t\t<\/div>\n\t\t\t\t<\/div>\n\t\t<div class=\"elementor-element elementor-element-c56ac56 e-grid e-con-boxed e-con e-parent\" data-id=\"c56ac56\" data-element_type=\"container\" data-e-type=\"container\" data-settings=\"{&quot;background_background&quot;:&quot;classic&quot;}\">\n\t\t\t\t\t<div class=\"e-con-inner\">\n\t\t<div class=\"elementor-element elementor-element-00b46e8 e-con-full e-flex e-con e-child\" data-id=\"00b46e8\" data-element_type=\"container\" data-e-type=\"container\">\n\t\t\t\t<div class=\"elementor-element elementor-element-80fad8b elementor-widget elementor-widget-text-editor\" data-id=\"80fad8b\" data-element_type=\"widget\" data-e-type=\"widget\" data-widget_type=\"text-editor.default\">\n\t\t\t\t<div class=\"elementor-widget-container\">\n\t\t\t\t\t\t\t\t\t<p>Das Vorgespr\u00e4ch war sehr gut strukturiert und alle meine Fragen konnten von Snje\u017eana sehr gut<br \/>beantwortet werden. Nach dem Erstgespr\u00e4ch wusste ich alles \u00fcber den Ablauf der Hypnose und was mich erwartete. Ich habe schnell gemerkt, dass Snje\u017eana sich sehr gut in dem Bereich der Hypnose auskennst und alles gibt, um Leuten zu helfen. Vor der Hypnose habe ich mich nicht vollst\u00e4ndig gef\u00fchlt, als ob Seelenanteile von mir fehlen w\u00fcrden.<br \/>\u00a0<br \/>Die Einleitung in die Hypnose hatte f\u00fcr mich das perfekte Tempo, so konnte ich mich sehr gut auf die Hypnose einlassen und wurde auf diese Weise aus meinem stressigen Alltag herausgeholt und kam in einen sehr tiefen und entspannten Zustand. Auch w\u00e4hrend der Hypnose wurde ich den ganzen Prozess \u00fcber sehr gut begleitet und gef\u00fchrt. In diesem Trancezustand reiste ich in vier komplett unterschiedliche Leben zur\u00fcck und heilte meine fr\u00fcheren Inkarnationen und teilweise meine Beziehungen zu verschiedenen damaligen Mitmenschen. W\u00e4hrend der Hypnose wurde mir genug Zeit gegeben, die Urspr\u00fcnge meines Themas zu erfahren und diese zuheilen.<br \/>\u00a0<br \/>Nach der Hypnose brauchte ich ein paar Tage mich wieder neu zuordnen, da das Erlebte sehr stark nacharbeitete, auch in dieser Zeit war Snje\u017eana f\u00fcr mich da und ich konnte mich mit jeder aufkommenden Fragen sofort an sie wenden.<br \/>\u00a0<br \/>Mein Thema war nach der Hypnose verschwunden und das Gef\u00fchl der Vollst\u00e4ndigkeit begleitet mich seitdem.<br \/>\u00a0<br \/>Vielen Dank f\u00fcr diese wundervolle Reise<br \/>Vanessa<\/p>\t\t\t\t\t\t\t\t<\/div>\n\t\t\t\t<\/div>\n\t\t\t\t<\/div>\n\t\t\t\t\t<\/div>\n\t\t\t\t<\/div>\n\t\t<div class=\"elementor-element elementor-element-5cf1ad9 e-grid e-con-boxed e-con e-parent\" data-id=\"5cf1ad9\" data-element_type=\"container\" data-e-type=\"container\" data-settings=\"{&quot;background_background&quot;:&quot;classic&quot;}\">\n\t\t\t\t\t<div class=\"e-con-inner\">\n\t\t<div class=\"elementor-element elementor-element-b9ad4d4 e-con-full e-flex e-con e-child\" data-id=\"b9ad4d4\" data-element_type=\"container\" data-e-type=\"container\">\n\t\t\t\t<div class=\"elementor-element elementor-element-2cd32ea elementor-widget elementor-widget-text-editor\" data-id=\"2cd32ea\" data-element_type=\"widget\" data-e-type=\"widget\" data-widget_type=\"text-editor.default\">\n\t\t\t\t<div class=\"elementor-widget-container\">\n\t\t\t\t\t\t\t\t\t<p>Ich habe mich schon l\u00e4nger sehr f\u00fcr Hypnose interessiert. Bei einem vorherigen Versuch in Hypnose versetzt zu werden, hatte es bei mir nicht funktioniert. Vermutlich waren meine hohen Erwartungen an das Erlebnis und meine Nervosit\u00e4t das Problem.<\/p><p>Diesmal konnte ich mich sehr darauf einlassen. Deine Zugewandheit und Zuversicht, dass es auch mir gelingen konnte, eine Hypnose zu erleben, halfen mir sehr dabei. Deine Ausbildung zum Hypnosecoach bei renommierten Lehrern, aus Deutschland und den USA, hat dir eine gro\u00dfe Bandbreite an Hypnosemethoden an die Hand gegeben. Es ist schier unglaublich mit welchem Wissen und welcher Begeisterung du einem das Thema und die M\u00f6glichkeiten f\u00fcr jeden Menschen nahebringst.<\/p><p>Dennoch l\u00e4sst du einem den Raum, sich selbst klarzuwerden, was man erarbeiten m\u00f6chte. W\u00e4hrend des Annamnesegespr\u00e4chs und der Bearbeitung des Anamnesefragebogens hast du mich gut angeleitet, mir selbst die richtigen Fragen zu stellen und den richtigen Fokus auf meine Themen zu finden.<\/p><p>Bei der Hypnose selbst, hat mich fasziniert, wie nat\u00fcrlich sich der Zustand anf\u00fchlte. Ich war weiterhin etwas skeptisch, ob ich mich tats\u00e4chlich in Hypnose befand, musste aber feststellen, dass ich dir auf deine Anweisungen hin folgen konnte und meine \u201eReise\u201c sich erst langsam, dann immer klarer erkennen lie\u00df.<\/p><p>Ich hatte in der Vorbereitung mehrere Themen f\u00fcr relevant befunden. Interessanterweise wurde ich davon \u00fcberrascht, dass sie fast alle w\u00e4hrend\u00a0 dieser \u201eReise\u201c vorkamen und eine Entwicklung erfuhren. Ich h\u00e4tte mir nie vorstellen k\u00f6nnen, wie sich alles so f\u00fcgen w\u00fcrde.<\/p><p>Die Hauptthemen waren:<\/p><ul><li>Liebe und F\u00fcrsorge in meiner Familie,<\/li><li>die Beziehung zu meinem jetzigen Traumpartner, sowie<\/li><li>das Empfinden einer eigenen Mission, die man im Leben zu erf\u00fcllen hat.<\/li><\/ul><p>Dar\u00fcber hinaus ging es um das Wahrnehmen der eigenen St\u00e4rken und F\u00e4higkeiten, und somit um das Bewusstwerden der eigenen M\u00f6glichkeiten.<\/p><p>Im Nachgang ist mir klar geworden, dass das eigentliche Erlebnis der Hypnose schon eine sehr spannende Reise war, wie in einem Sciencefiction- oder Fantasyfilm. Du hast mich dabei so gut an die Hand genommen und angesto\u00dfen, mir die richtigen Gedanken zu machen bzw. erst zu formulieren. Die Emotionen, die mich w\u00e4hrend der Hypnose \u00fcberkommen haben, waren sehr stark und pr\u00e4gend. Aber die Bedeutung des Erlebten ist das eigentlich Beeindruckende. Das hat mich mit meinem Partner sowie mich und meine Familie weitergebracht, in der Vergangenheit, in der Gegenwart wie auch in der Zukunft.<\/p><p>Seitdem f\u00fchle ich mich mehr am rechten Ort und auf dem richtigen Weg. Ich vertraue mehr auf das, was ich tue und habe die Zuversicht, dass sich alles in die richtige Richtung bewegt, wenn man nur den Mut aufbringt. Ich habe eine Art Urvertrauen in den eigenen Lebensweg entwickelt.<\/p><p>Katja<\/p>\t\t\t\t\t\t\t\t<\/div>\n\t\t\t\t<\/div>\n\t\t\t\t<\/div>\n\t\t\t\t\t<\/div>\n\t\t\t\t<\/div>\n\t\t<div class=\"elementor-element elementor-element-983bdf2 e-grid e-con-boxed e-con e-parent\" data-id=\"983bdf2\" data-element_type=\"container\" data-e-type=\"container\" data-settings=\"{&quot;background_background&quot;:&quot;classic&quot;}\">\n\t\t\t\t\t<div class=\"e-con-inner\">\n\t\t<div class=\"elementor-element elementor-element-698584a e-con-full e-flex e-con e-child\" data-id=\"698584a\" data-element_type=\"container\" data-e-type=\"container\">\n\t\t\t\t<div class=\"elementor-element elementor-element-7b52f3e elementor-widget elementor-widget-text-editor\" data-id=\"7b52f3e\" data-element_type=\"widget\" data-e-type=\"widget\" data-widget_type=\"text-editor.default\">\n\t\t\t\t<div class=\"elementor-widget-container\">\n\t\t\t\t\t\t\t\t\t<p>Mein Anliegen war vor allem die Prokrastination und der negative Fokus.<\/p><p>Durch Snjezana habe ich mich sehr gut betreut und vorbereitet auf meine erste Hypnose-Session gef\u00fchlt. Schon der Anamnesebogen hat mir geholfen, meine Themen klarer zu sehen, und den neuen Fokus zu setzen, und mich auf unsere Vorbesprechung auf die erste Hypnose-Session effektiv zu vorbereiten. Bei der Vorbereitung auf die Hypnose wurde ich gut aufgekl\u00e4rt.<\/p><p>Ich war sehr auf unsere Hypnose-Session gespannt, und musste staunen, wie gut Hypnose per Zoom funktioniert. W\u00e4hrend der ganzen Hypnose habe ich mich gut gef\u00fchrt und aufgehoben gef\u00fchlt. Das Coaching-Hypnose-Thema wurde exakt ausgearbeitet. Immer wieder hat Snjezana mein Fokus auf mein eigentliches Thema gelenkt.<\/p><p>Meine Erfahrung mit der Hypnose war, dass die Hypnose deutlich tiefer als Meditation geht, und dass meine inneren Anteile z.B. meine innere Kritikerin, wie ausgeschaltet war. F\u00fcr mich hatte unsere gef\u00fchrte Hypnose den Effekt, dass sie direkt ins Unterbewusstsein geht.<\/p><p>Ergebnisse nach der Hypnose<br \/>Ich habe mich in den ersten Tagen nach der Session immer wieder beobachtet und war gespannt, was sich bei mir tut. Erst habe ich nichts bemerkt, dann letzte Woche hat mein Mann mir das Kompliment gemacht, dass es mit mir beim Sex sehr sch\u00f6n ist, wie in den Flitterwochen und, dass er sich wieder gesehen und abgeholt f\u00fchlt. Auch mein negativer Fokus, den ich in den letzten Monaten, und auch im letzten Jahr hatte, ist weg. Ein Shift hat stattgefunden. Ich bin weiblicher geworden und tanze mit dem Leben. So f\u00fchlt sich das an, souver\u00e4ner. In herausfordernden Situationen auch mit meinem Mann, bleibe ich ruhig und reagiere entspannter.<\/p><p>Mir und meinem Mann sind die Dinge aufgefallen, die ich aufgez\u00e4hlt habe. Ich habe auch festgestellt, dass bei mir die Samen etwas Zeit brauchen, um aufzugehen. Ich f\u00fchle Vertrauen, Hingabe und einen inneren Frieden. Es f\u00fchlt sich alles richtig rund und gut an.<\/p><p>Ich habe mich durch Snjezana zu jeder Zeit gut betreut und professionell gef\u00fchrt gef\u00fchlt. Snjezana ist als Frau und Mensch f\u00fcr mich eine herzliche, wohlwollende und kreative Coachin. Tolle Haare und die farbenfrohe Kleidung sprechen mich an.<\/p><p>Ihre souver\u00e4ne und kompetente Art war f\u00fcr mich sehr hilfreich. Ich konnte mich fallenlassen, was zu gro\u00dfartigen Ergebnissen gef\u00fchrt hat. Meine Fragen wurden im Vorfeld und w\u00e4hrend der Sitzung alle hervorragend und genau auf meine Bed\u00fcrfnisse zugeschnitten beantwortet.<\/p><p>Was k\u00f6nntest du f\u00fcr die Zukunft besser machen f\u00fcr deine Klienten? Es w\u00e4re gut gewesen, am n\u00e4chsten Tag oder \u00fcbern\u00e4chsten eine kleine Nachricht auf WhatsApp zu schreiben, und fragen, wie es mir nach der Hypnose geht. Eine Begleitung nach der Hypnose und eine Aufforderung, mich zu melden, wenn es etwas Wichtiges oder Auff\u00e4lliges gibt.<\/p><p>Danke von Herzen f\u00fcr deine wundervolle und wertvolle Arbeit. Ich bin begeistert, wie schnell die Wirkung der Hypnose da ist. Auf die zweite Session bin ich schon jetzt gespannt.<\/p><p>Einen sch\u00f6nen Abend und ganz herzliche Gr\u00fc\u00dfe.<br \/>Diana<\/p>\t\t\t\t\t\t\t\t<\/div>\n\t\t\t\t<\/div>\n\t\t\t\t<\/div>\n\t\t\t\t\t<\/div>\n\t\t\t\t<\/div>\n\t\t<div class=\"elementor-element elementor-element-7d74d47 e-grid e-con-boxed e-con e-parent\" data-id=\"7d74d47\" data-element_type=\"container\" data-e-type=\"container\" data-settings=\"{&quot;background_background&quot;:&quot;classic&quot;}\">\n\t\t\t\t\t<div class=\"e-con-inner\">\n\t\t<div class=\"elementor-element elementor-element-d4d9a3a e-con-full e-flex e-con e-child\" data-id=\"d4d9a3a\" data-element_type=\"container\" data-e-type=\"container\">\n\t\t\t\t<div class=\"elementor-element elementor-element-7124c6e elementor-widget elementor-widget-heading\" data-id=\"7124c6e\" data-element_type=\"widget\" data-e-type=\"widget\" data-widget_type=\"heading.default\">\n\t\t\t\t<div class=\"elementor-widget-container\">\n\t\t\t\t\t<h2 class=\"elementor-heading-title elementor-size-default\">Mehr Kundenrezensionen<\/h2>\t\t\t\t<\/div>\n\t\t\t\t<\/div>\n\t\t\t\t<\/div>\n\t\t<div class=\"elementor-element elementor-element-d68dc01 e-con-full e-flex e-con e-child\" data-id=\"d68dc01\" data-element_type=\"container\" data-e-type=\"container\">\n\t\t\t\t<div class=\"elementor-element elementor-element-f865a28 elementor-widget elementor-widget-eael-creative-button\" data-id=\"f865a28\" data-element_type=\"widget\" data-e-type=\"widget\" data-widget_type=\"eael-creative-button.default\">\n\t\t\t\t<div class=\"elementor-widget-container\">\n\t\t\t\t\t        <div class=\"eael-creative-button-wrapper\">\n\n            <a class=\"eael-creative-button eael-creative-button--default eael-cb-icon-position-right\" href=\"https:\/\/bewusst-erschaffen.com\/rezensionen02\/\" data-text=\"\">\n            \t    \n                <div class=\"creative-button-inner\">\n\n                    \n                    <span class=\"cretive-button-text\">Vor<\/span>\n\n                                            <span class=\"eael-creative-button-icon-right\"><svg xmlns=\"http:\/\/www.w3.org\/2000\/svg\" id=\"Ebene_2\" viewBox=\"0 0 100 100\"><defs><style>      .st0 {        fill: #ffb9a8;      }    <\/style><\/defs><path class=\"st0\" d=\"M47.4,14.5c-19.5,0-35.3,15.8-35.3,35.3s15.8,35.3,35.3,35.3,35.3-15.8,35.3-35.3S66.9,14.5,47.4,14.5ZM47.4,82.8c-18.3,0-33-14.8-33-33S29.2,16.7,47.4,16.7s33,14.8,33,33-14.8,33-33,33Z\"><\/path><polygon class=\"st0\" points=\"47.4 25.7 72.4 49.7 47.4 73.8 44.8 71.1 64.9 51.6 22.5 51.6 22.5 47.9 64.7 47.9 44.8 28.2 47.4 25.7\"><\/polygon><\/svg><\/span>                                    <\/div>\n\t                        <\/a>\n        <\/div>\n        \t\t\t\t<\/div>\n\t\t\t\t<\/div>\n\t\t\t\t<\/div>\n\t\t\t\t\t<\/div>\n\t\t\t\t<\/div>\n\t\t\t\t<\/div>\n\t\t","protected":false},"excerpt":{"rendered":"<p>Kundenrezensionen Seite 1\/8 Da der Schutz Ihrer Privatsph\u00e4re f\u00fcr mich h\u00f6chste Priorit\u00e4t hat, bitte ich meine Klientinnen und Klienten, ihre Rezensionen mit ihrem Vornamen, einem Pseudonym oder nur mit Initialen zu unterzeichnen. Liebe Snjezana, ich habe es nicht f\u00fcr m\u00f6glich gehalten. Nach so vielen Jahren mit Wut, Groll, Vorw\u00fcrfen und Selbstzweifeln ist es mir nach [&hellip;]<\/p>\n","protected":false},"author":1,"featured_media":0,"parent":0,"menu_order":0,"comment_status":"closed","ping_status":"closed","template":"elementor_header_footer","meta":{"footnotes":""},"class_list":["post-787","page","type-page","status-publish","hentry"],"_links":{"self":[{"href":"https:\/\/bewusst-erschaffen.com\/start\/wp-json\/wp\/v2\/pages\/787","targetHints":{"allow":["GET"]}}],"collection":[{"href":"https:\/\/bewusst-erschaffen.com\/start\/wp-json\/wp\/v2\/pages"}],"about":[{"href":"https:\/\/bewusst-erschaffen.com\/start\/wp-json\/wp\/v2\/types\/page"}],"author":[{"embeddable":true,"href":"https:\/\/bewusst-erschaffen.com\/start\/wp-json\/wp\/v2\/users\/1"}],"replies":[{"embeddable":true,"href":"https:\/\/bewusst-erschaffen.com\/start\/wp-json\/wp\/v2\/comments?post=787"}],"version-history":[{"count":73,"href":"https:\/\/bewusst-erschaffen.com\/start\/wp-json\/wp\/v2\/pages\/787\/revisions"}],"predecessor-version":[{"id":1929,"href":"https:\/\/bewusst-erschaffen.com\/start\/wp-json\/wp\/v2\/pages\/787\/revisions\/1929"}],"wp:attachment":[{"href":"https:\/\/bewusst-erschaffen.com\/start\/wp-json\/wp\/v2\/media?parent=787"}],"curies":[{"name":"wp","href":"https:\/\/api.w.org\/{rel}","templated":true}]}}