{"id":824,"date":"2025-04-08T13:13:07","date_gmt":"2025-04-08T13:13:07","guid":{"rendered":"https:\/\/bewusst-erschaffen.com\/?page_id=824"},"modified":"2025-05-03T14:46:25","modified_gmt":"2025-05-03T14:46:25","slug":"rezensionen02","status":"publish","type":"page","link":"https:\/\/bewusst-erschaffen.com\/start\/rezensionen02\/","title":{"rendered":"Rezensionen02"},"content":{"rendered":"\t\t<div data-elementor-type=\"wp-post\" data-elementor-id=\"824\" class=\"elementor elementor-824\" data-elementor-post-type=\"page\">\n\t\t\t\t<div class=\"elementor-element elementor-element-dbb6bd7 e-grid e-con-boxed e-con e-parent\" data-id=\"dbb6bd7\" data-element_type=\"container\" data-e-type=\"container\" data-settings=\"{&quot;background_background&quot;:&quot;classic&quot;}\">\n\t\t\t\t\t<div class=\"e-con-inner\">\n\t\t<div class=\"elementor-element elementor-element-fc58b98 e-con-full e-grid e-con e-child\" data-id=\"fc58b98\" data-element_type=\"container\" data-e-type=\"container\">\n\t\t\t\t<div class=\"elementor-element elementor-element-5db82e9 elementor-widget elementor-widget-heading\" data-id=\"5db82e9\" data-element_type=\"widget\" data-e-type=\"widget\" data-widget_type=\"heading.default\">\n\t\t\t\t<div class=\"elementor-widget-container\">\n\t\t\t\t\t<h2 class=\"elementor-heading-title elementor-size-default\"><a href=\"https:\/\/bewusst-erschaffen.com\/rezensionen01\/\">Kundenrezensionen<\/a><\/h2>\t\t\t\t<\/div>\n\t\t\t\t<\/div>\n\t\t\t\t<div class=\"elementor-element elementor-element-1a57611 elementor-widget elementor-widget-text-editor\" data-id=\"1a57611\" data-element_type=\"widget\" data-e-type=\"widget\" data-widget_type=\"text-editor.default\">\n\t\t\t\t<div class=\"elementor-widget-container\">\n\t\t\t\t\t\t\t\t\t<p style=\"text-align: right;\">Seite 2\/8<\/p>\t\t\t\t\t\t\t\t<\/div>\n\t\t\t\t<\/div>\n\t\t\t\t<\/div>\n\t\t<div class=\"elementor-element elementor-element-68d7d61 e-con-full e-flex e-con e-child\" data-id=\"68d7d61\" data-element_type=\"container\" data-e-type=\"container\">\n\t\t\t\t<div class=\"elementor-element elementor-element-e765365 elementor-widget elementor-widget-text-editor\" data-id=\"e765365\" data-element_type=\"widget\" data-e-type=\"widget\" data-widget_type=\"text-editor.default\">\n\t\t\t\t<div class=\"elementor-widget-container\">\n\t\t\t\t\t\t\t\t\t<p>Da der Schutz Ihrer Privatsph\u00e4re f\u00fcr mich h\u00f6chste Priorit\u00e4t hat, bitte ich meine Klientinnen und Klienten, ihre Rezensionen mit ihrem Vornamen, einem Pseudonym oder nur mit Initialen zu unterzeichnen.<\/p>\t\t\t\t\t\t\t\t<\/div>\n\t\t\t\t<\/div>\n\t\t\t\t<\/div>\n\t\t\t\t\t<\/div>\n\t\t\t\t<\/div>\n\t\t<div class=\"elementor-element elementor-element-fe44d4c e-grid e-con-boxed e-con e-parent\" data-id=\"fe44d4c\" data-element_type=\"container\" data-e-type=\"container\" data-settings=\"{&quot;background_background&quot;:&quot;classic&quot;}\">\n\t\t\t\t\t<div class=\"e-con-inner\">\n\t\t<div class=\"elementor-element elementor-element-77862a7 e-con-full e-flex e-con e-child\" data-id=\"77862a7\" data-element_type=\"container\" data-e-type=\"container\">\n\t\t\t\t<div class=\"elementor-element elementor-element-be60a07 elementor-widget elementor-widget-text-editor\" data-id=\"be60a07\" data-element_type=\"widget\" data-e-type=\"widget\" data-widget_type=\"text-editor.default\">\n\t\t\t\t<div class=\"elementor-widget-container\">\n\t\t\t\t\t\t\t\t\t<p>Liebe Snjezana,<\/p><p>vielen Dank f\u00fcr die Hypnose. Ich habe mit dir eine spannende Reise in meine Vergangenheit gemacht. Es war eine tolle Erfahrung. Du hast mich sicher durch alle Situationen begleitet und immer sehr beruhigend auf mich gewirkt. Ich habe mich sehr wohl gef\u00fchlt. Ich bin gespannt wie sich alles entwickelt und m\u00f6chte gerne nochmal weitermachen.<\/p><p>Liebe Gr\u00fc\u00dfe,<br \/>Tanja<\/p>\t\t\t\t\t\t\t\t<\/div>\n\t\t\t\t<\/div>\n\t\t\t\t<\/div>\n\t\t\t\t\t<\/div>\n\t\t\t\t<\/div>\n\t\t<div class=\"elementor-element elementor-element-3766924 e-grid e-con-boxed e-con e-parent\" data-id=\"3766924\" data-element_type=\"container\" data-e-type=\"container\" data-settings=\"{&quot;background_background&quot;:&quot;classic&quot;}\">\n\t\t\t\t\t<div class=\"e-con-inner\">\n\t\t<div class=\"elementor-element elementor-element-dfbe796 e-con-full e-flex e-con e-child\" data-id=\"dfbe796\" data-element_type=\"container\" data-e-type=\"container\">\n\t\t\t\t<div class=\"elementor-element elementor-element-0112c24 elementor-widget elementor-widget-text-editor\" data-id=\"0112c24\" data-element_type=\"widget\" data-e-type=\"widget\" data-widget_type=\"text-editor.default\">\n\t\t\t\t<div class=\"elementor-widget-container\">\n\t\t\t\t\t\t\t\t\t<p>Liebe Snjezana,<\/p><p>ich m\u00f6chte mich auf diesem Wege nochmals herzlichst bei Dir bedanken.<\/p><p>Die Hypnose-Session bei Dir war total super und mega hilfreich. Ich merke schon richtig eine Ver\u00e4nderung, ohne dass ich bewu\u00dft etwas ge\u00e4ndert habe.<\/p><p>Es scheint wirklich als habe sich in meinem Unterbewusstsein etwas zum\u00a0 Positiven ver\u00e4ndert. Toll fand ich auch, wie offen und empathisch Du warst, so dass ich mich gut verstanden gef\u00fchlt habe.<\/p><p>Auch hast Du mich vor der Hypnose sehr gut instruiert, mir in Ruhe alles erkl\u00e4rt, so dass alle meine Fragen und Bedenken gekl\u00e4rt waren und ich mich bei der Sitzung gut fallen lassen konnte. Ich habe mich bei Dir einfach gut aufgehoben und wohl gef\u00fchlt, was auch an Deiner warmherzigen und gleichzeitig erfrischenden Art lag.<\/p><p>Man hat gemerkt, dass Du Dir richtig viele Gedanken im Vorfeld gemacht hast, welche Hypnose in meinem Fall am sinnvollsten w\u00e4re. Besonders beeindruckt hat mich, als wir w\u00e4hrend der Session an eine innere Blockade von mir gesto\u00dfen sind und Du total spontan und flexibel die Strategie ge\u00e4ndert hast. Und was dabei passiert ist, war wirklich faszinierend \u2013 die Bilder die in meinem Kopf entstanden sind. Da sind wir wirklich zum Kern vorgedrungen. Das war eine einmalige und eindr\u00fcckliche Erfahrung, die ich nicht vergessen werde. Ich w\u00fcrde jederzeit wieder eine Hypnose bei Dir machen.<\/p><p>Liebe Gr\u00fc\u00dfe,<br \/>Carolin<\/p><p>P.S.: Als Verbesserungsvorschlag w\u00fcrde mir lediglich einfallen, dass ich vielleicht an manchen Stellen w\u00e4hrend der \u201eStress-Hypnose\u201c ein wenig mehr Zeit gebraucht h\u00e4tte damit sich die Bilder im Kopf noch mehr h\u00e4tten entfalten k\u00f6nnen, oder dass die Bilder noch etwas detaillierter und plastischer geworden w\u00e4ren durch mehr Fragen zu einem Bild\/Vorstellung. Aber das ist m\u00f6glicherweise etwas sehr Individuelles und wahrscheinlich nicht bei jedem gleich.<\/p>\t\t\t\t\t\t\t\t<\/div>\n\t\t\t\t<\/div>\n\t\t\t\t<\/div>\n\t\t\t\t\t<\/div>\n\t\t\t\t<\/div>\n\t\t<div class=\"elementor-element elementor-element-c56ac56 e-grid e-con-boxed e-con e-parent\" data-id=\"c56ac56\" data-element_type=\"container\" data-e-type=\"container\" data-settings=\"{&quot;background_background&quot;:&quot;classic&quot;}\">\n\t\t\t\t\t<div class=\"e-con-inner\">\n\t\t<div class=\"elementor-element elementor-element-00b46e8 e-con-full e-flex e-con e-child\" data-id=\"00b46e8\" data-element_type=\"container\" data-e-type=\"container\">\n\t\t\t\t<div class=\"elementor-element elementor-element-80fad8b elementor-widget elementor-widget-text-editor\" data-id=\"80fad8b\" data-element_type=\"widget\" data-e-type=\"widget\" data-widget_type=\"text-editor.default\">\n\t\t\t\t<div class=\"elementor-widget-container\">\n\t\t\t\t\t\t\t\t\t<p>Hallo liebe Snjeza,<\/p><p>Nochmal 1000 Dank f\u00fcr die wundersch\u00f6ne Hypnose. Das war einfach so ber\u00fchrend und wohltuend!<\/p><p>Uuuund das Feedback:<br \/>Ich hatte eine super sch\u00f6ne Erfahrung mit Snjezana. In einem Vorgespr\u00e4ch haben wir uns erstmal noch etwas mehr kennengelernt, sie hat mir sehr viel Input zum Thema Hypnose gegeben und alles ganz genau erkl\u00e4rt. Dann sprachen wir \u00fcber mein Thema, das ich in der Hypnose behandeln wollte &amp; anschlie\u00dfend sendete sie mir einen Anamnesebogen, wo nochmals alles abgefragt wurde und ich meine Gedanken, die mir zu dem Thema kamen, schildern konnte.<\/p><p>Am Tag selbst haben wir vor der Hypnose nochmals \u00fcber meinen ausgef\u00fcllten Fragebogen gesprochen und sie hat mir zu meinem Thema nochmal so gute\u00a0 Fragen gestellt. Ich habe schon oft dar\u00fcber nachgedacht und reflektiert, jetzt konnte ich nochmal einen ganz anderen Blickwinkel gewinnen. Das war toll.<\/p><p>Und dann die Hypnose selbst &#8211; was soll ich sagen? Es war eine gro\u00dfartige Erfahrung. Snjezana hat die Hypnose so sch\u00f6n gemacht und mich hindurchgef\u00fchrt, ich habe mich die ganze Zeit sehr wohl gef\u00fchlt. Sie hat sich viel Zeit f\u00fcr die Einleitung genommen, was mir selbst auch so wichtig ist. Sie kreierte mir wundersch\u00f6ne Bilder und irgendwann liefen die Tr\u00e4nen, einfach so. Tr\u00e4nen der Erleichterung.<\/p><p>Die ganze Hypnose tat mir so gut und tut es immer noch. Ich f\u00fchle mich gut, kann gewisse Situationen besser nehmen bzw. einfach ich sein. Das ist toll. Danke liebe Snjezana. Das war jede Minute wert.<\/p><p>Ganz liebe Gr\u00fc\u00dfe sende ich dir !<br \/>Jenny W.<\/p>\t\t\t\t\t\t\t\t<\/div>\n\t\t\t\t<\/div>\n\t\t\t\t<\/div>\n\t\t\t\t\t<\/div>\n\t\t\t\t<\/div>\n\t\t<div class=\"elementor-element elementor-element-5cf1ad9 e-grid e-con-boxed e-con e-parent\" data-id=\"5cf1ad9\" data-element_type=\"container\" data-e-type=\"container\" data-settings=\"{&quot;background_background&quot;:&quot;classic&quot;}\">\n\t\t\t\t\t<div class=\"e-con-inner\">\n\t\t<div class=\"elementor-element elementor-element-b9ad4d4 e-con-full e-flex e-con e-child\" data-id=\"b9ad4d4\" data-element_type=\"container\" data-e-type=\"container\">\n\t\t\t\t<div class=\"elementor-element elementor-element-2cd32ea elementor-widget elementor-widget-text-editor\" data-id=\"2cd32ea\" data-element_type=\"widget\" data-e-type=\"widget\" data-widget_type=\"text-editor.default\">\n\t\t\t\t<div class=\"elementor-widget-container\">\n\t\t\t\t\t\t\t\t\t<p>Liebe Snjeza,<\/p><p>herzlichen Dank f\u00fcr die Online Hypnose Sitzung. Ich bin selbst Therapeutin und wollte seit Jahren diese Therapie-\/ Coaching-Form mal auszuprobieren.<\/p><p>Diese Erfahrung war f\u00fcr mich sehr \u00fcberraschend und erfrischend anders als ich es mir vorgestellt habe. Genau deshalb, weil deine pers\u00f6nliche Art, deine Stimme, deine Geschwindigkeit, um in die Tiefe zu kommen, und die Landung im Jetzt, mich sehr warm umh\u00fcllt und gut geleitet haben.<\/p><p>Das v\u00f6llige loslassen von Kontrolle, Vorstellungen dessen, was nun passieren wird, und das Eintauchen ins Unterbewusstsein ohne Angst, hast du wunderbar angeleitet, getragen und gehalten.<\/p><p>Danach f\u00fchlte ich mich entspannt und sicher, dass ich manche Herausforderung meines Lebens nun bewusster und freier annehmen und leben kann.<\/p><p>Snjeza ist eine authentische, achtsame, liebevoll zugewandte und inspirierende Pers\u00f6nlichkeit und Hypnotiseurin.<\/p><p>Ich kann sie als Hypnose-Coachin sehr empfehlen.<br \/>Sonja<\/p>\t\t\t\t\t\t\t\t<\/div>\n\t\t\t\t<\/div>\n\t\t\t\t<\/div>\n\t\t\t\t\t<\/div>\n\t\t\t\t<\/div>\n\t\t<div class=\"elementor-element elementor-element-983bdf2 e-grid e-con-boxed e-con e-parent\" data-id=\"983bdf2\" data-element_type=\"container\" data-e-type=\"container\" data-settings=\"{&quot;background_background&quot;:&quot;classic&quot;}\">\n\t\t\t\t\t<div class=\"e-con-inner\">\n\t\t<div class=\"elementor-element elementor-element-698584a e-con-full e-flex e-con e-child\" data-id=\"698584a\" data-element_type=\"container\" data-e-type=\"container\">\n\t\t\t\t<div class=\"elementor-element elementor-element-7b52f3e elementor-widget elementor-widget-text-editor\" data-id=\"7b52f3e\" data-element_type=\"widget\" data-e-type=\"widget\" data-widget_type=\"text-editor.default\">\n\t\t\t\t<div class=\"elementor-widget-container\">\n\t\t\t\t\t\t\t\t\t<p>Feedback f\u00fcr das Coaching\/Anamnesegepr\u00e4ch mit dir:<\/p><p>Ich m\u00f6chte gerne meine Erfahrungen beim Erstgespr\u00e4ch mit dir teilen. Seit Beginn unserer Sitzung am Freitag, habe ich eine Ver\u00e4nderung gesp\u00fcrt.<\/p><p>Du hast eine bemerkenswerte F\u00e4higkeit, ein unterst\u00fctzendes und einf\u00fchlsames Umfeld zu schaffen, in dem ich mich frei f\u00fchlen konnte, meine Gedanken und Gef\u00fchle auszudr\u00fccken. Deine empathische Herangehensweise half mir dabei, meine Herausforderungen zu verstehen und neue Perspektiven zu gewinnen.<\/p><p>Durch deine professionelle Anleitung konnte ich tiefer in meine eigenen Emotionen eintauchen und verborgene Muster erkennen, die mein Verhalten beeinflussten.<\/p><p>Deine methodische Herangehensweise half mir, um mit den emotionalen Herausforderungen, was meine Mutter und Schwester angeht, umzugehen.<\/p><p>Besonders beeindruckt hat mich deine F\u00e4higkeit, das komplexe Thema auf eine verst\u00e4ndliche und zug\u00e4ngliche Weise zu erkl\u00e4ren.<\/p><p>Deine Klarheit und Geduld halfen mir, selbst die Aspekte meiner inneren Welt zu verstehen und durch meine stete Selbstreflexion feststellen, dass meine \u201eProblemchen\u201c nicht wirklich die sind, die mir im Wege stehen.<\/p><p>Durch die Zusammenarbeit mit dir und in der kurzen Zeit, habe ich nicht nur eine verbesserte psychische Gesundheit erfahren, sondern auch ein tieferes Verst\u00e4ndnis f\u00fcr mich entwickelt.<\/p><p>Ich f\u00fchle mich gest\u00e4rkt und zuversichtlich, meinen Weg voranzugehen, und bin dir unendlich dankbar f\u00fcr Deine Unterst\u00fctzung auf meiner Reise zur Selbstentdeckung.<\/p><p>Ich w\u00fcrde ein Coaching bei dir jedem empfehlen, der auf der Suche nach professioneller Hilfe und pers\u00f6nlichem Wachstum ist.<\/p><p>Deine einf\u00fchlsame und kompetente Herangehensweise hat einen nachhaltigen positiven Einfluss auf mich gehabt.<\/p><p>Vielen Dank, f\u00fcr deine erstaunliche Arbeit und dein Engagement f\u00fcr mein Wohlbefinden.<\/p><p>Ganz liebe Gr\u00fc\u00dfe<br \/>Iris<\/p>\t\t\t\t\t\t\t\t<\/div>\n\t\t\t\t<\/div>\n\t\t\t\t<\/div>\n\t\t\t\t\t<\/div>\n\t\t\t\t<\/div>\n\t\t<div class=\"elementor-element elementor-element-7d74d47 e-grid e-con-boxed e-con e-parent\" data-id=\"7d74d47\" data-element_type=\"container\" data-e-type=\"container\" data-settings=\"{&quot;background_background&quot;:&quot;classic&quot;}\">\n\t\t\t\t\t<div class=\"e-con-inner\">\n\t\t<div class=\"elementor-element elementor-element-d4d9a3a e-con-full e-flex e-con e-child\" data-id=\"d4d9a3a\" data-element_type=\"container\" data-e-type=\"container\">\n\t\t\t\t<div class=\"elementor-element elementor-element-7124c6e elementor-widget elementor-widget-heading\" data-id=\"7124c6e\" data-element_type=\"widget\" data-e-type=\"widget\" data-widget_type=\"heading.default\">\n\t\t\t\t<div class=\"elementor-widget-container\">\n\t\t\t\t\t<h2 class=\"elementor-heading-title elementor-size-default\">Mehr Kundenrezensionen<\/h2>\t\t\t\t<\/div>\n\t\t\t\t<\/div>\n\t\t\t\t<\/div>\n\t\t<div class=\"elementor-element elementor-element-d68dc01 e-con-full e-flex e-con e-child\" data-id=\"d68dc01\" data-element_type=\"container\" data-e-type=\"container\">\n\t\t\t\t<div class=\"elementor-element elementor-element-dbdba0f elementor-widget elementor-widget-eael-creative-button\" data-id=\"dbdba0f\" data-element_type=\"widget\" data-e-type=\"widget\" data-widget_type=\"eael-creative-button.default\">\n\t\t\t\t<div class=\"elementor-widget-container\">\n\t\t\t\t\t        <div class=\"eael-creative-button-wrapper\">\n\n            <a class=\"eael-creative-button eael-creative-button--default eael-cb-icon-position-left\" href=\"https:\/\/bewusst-erschaffen.com\/rezensionen01\/\" data-text=\"\">\n            \t    \n                <div class=\"creative-button-inner\">\n\n                                            <span class=\"eael-creative-button-icon-left\"><svg xmlns=\"http:\/\/www.w3.org\/2000\/svg\" id=\"Ebene_2\" viewBox=\"0 0 100 100\"><defs><style>      .st0 {        fill: #ffb9a8;      }    <\/style><\/defs><path class=\"st0\" d=\"M12.2,49.8c0,19.5,15.8,35.3,35.3,35.3s35.3-15.8,35.3-35.3c0-19.5-15.8-35.3-35.3-35.3S12.2,30.3,12.2,49.8ZM14.4,49.8c0-18.3,14.8-33,33-33s33,14.8,33,33c0,18.3-14.8,33-33,33S14.4,68,14.4,49.8Z\"><\/path><polygon class=\"st0\" points=\"47.5 25.7 22.5 49.7 47.5 73.8 50.1 71.1 29.9 51.6 72.4 51.6 72.4 47.9 30.2 47.9 50.1 28.2 47.5 25.7\"><\/polygon><\/svg><\/span>                    \n                    <span class=\"cretive-button-text\">Zur\u00fcck<\/span>\n\n                                    <\/div>\n\t                        <\/a>\n        <\/div>\n        \t\t\t\t<\/div>\n\t\t\t\t<\/div>\n\t\t\t\t<div class=\"elementor-element elementor-element-f865a28 elementor-widget elementor-widget-eael-creative-button\" data-id=\"f865a28\" data-element_type=\"widget\" data-e-type=\"widget\" data-widget_type=\"eael-creative-button.default\">\n\t\t\t\t<div class=\"elementor-widget-container\">\n\t\t\t\t\t        <div class=\"eael-creative-button-wrapper\">\n\n            <a class=\"eael-creative-button eael-creative-button--default eael-cb-icon-position-right\" href=\"https:\/\/bewusst-erschaffen.com\/rezensionen03\/\" data-text=\"\">\n            \t    \n                <div class=\"creative-button-inner\">\n\n                    \n                    <span class=\"cretive-button-text\">Vor<\/span>\n\n                                            <span class=\"eael-creative-button-icon-right\"><svg xmlns=\"http:\/\/www.w3.org\/2000\/svg\" id=\"Ebene_2\" viewBox=\"0 0 100 100\"><defs><style>      .st0 {        fill: #ffb9a8;      }    <\/style><\/defs><path class=\"st0\" d=\"M47.4,14.5c-19.5,0-35.3,15.8-35.3,35.3s15.8,35.3,35.3,35.3,35.3-15.8,35.3-35.3S66.9,14.5,47.4,14.5ZM47.4,82.8c-18.3,0-33-14.8-33-33S29.2,16.7,47.4,16.7s33,14.8,33,33-14.8,33-33,33Z\"><\/path><polygon class=\"st0\" points=\"47.4 25.7 72.4 49.7 47.4 73.8 44.8 71.1 64.9 51.6 22.5 51.6 22.5 47.9 64.7 47.9 44.8 28.2 47.4 25.7\"><\/polygon><\/svg><\/span>                                    <\/div>\n\t                        <\/a>\n        <\/div>\n        \t\t\t\t<\/div>\n\t\t\t\t<\/div>\n\t\t\t\t<\/div>\n\t\t\t\t\t<\/div>\n\t\t\t\t<\/div>\n\t\t\t\t<\/div>\n\t\t","protected":false},"excerpt":{"rendered":"<p>Kundenrezensionen Seite 2\/8 Da der Schutz Ihrer Privatsph\u00e4re f\u00fcr mich h\u00f6chste Priorit\u00e4t hat, bitte ich meine Klientinnen und Klienten, ihre Rezensionen mit ihrem Vornamen, einem Pseudonym oder nur mit Initialen zu unterzeichnen. Liebe Snjezana, vielen Dank f\u00fcr die Hypnose. Ich habe mit dir eine spannende Reise in meine Vergangenheit gemacht. Es war eine tolle Erfahrung. [&hellip;]<\/p>\n","protected":false},"author":1,"featured_media":0,"parent":0,"menu_order":0,"comment_status":"closed","ping_status":"closed","template":"elementor_header_footer","meta":{"footnotes":""},"class_list":["post-824","page","type-page","status-publish","hentry"],"_links":{"self":[{"href":"https:\/\/bewusst-erschaffen.com\/start\/wp-json\/wp\/v2\/pages\/824","targetHints":{"allow":["GET"]}}],"collection":[{"href":"https:\/\/bewusst-erschaffen.com\/start\/wp-json\/wp\/v2\/pages"}],"about":[{"href":"https:\/\/bewusst-erschaffen.com\/start\/wp-json\/wp\/v2\/types\/page"}],"author":[{"embeddable":true,"href":"https:\/\/bewusst-erschaffen.com\/start\/wp-json\/wp\/v2\/users\/1"}],"replies":[{"embeddable":true,"href":"https:\/\/bewusst-erschaffen.com\/start\/wp-json\/wp\/v2\/comments?post=824"}],"version-history":[{"count":40,"href":"https:\/\/bewusst-erschaffen.com\/start\/wp-json\/wp\/v2\/pages\/824\/revisions"}],"predecessor-version":[{"id":1932,"href":"https:\/\/bewusst-erschaffen.com\/start\/wp-json\/wp\/v2\/pages\/824\/revisions\/1932"}],"wp:attachment":[{"href":"https:\/\/bewusst-erschaffen.com\/start\/wp-json\/wp\/v2\/media?parent=824"}],"curies":[{"name":"wp","href":"https:\/\/api.w.org\/{rel}","templated":true}]}}