{"id":845,"date":"2025-04-08T13:21:17","date_gmt":"2025-04-08T13:21:17","guid":{"rendered":"https:\/\/bewusst-erschaffen.com\/?page_id=845"},"modified":"2025-05-03T14:47:01","modified_gmt":"2025-05-03T14:47:01","slug":"rezensionen03","status":"publish","type":"page","link":"https:\/\/bewusst-erschaffen.com\/start\/rezensionen03\/","title":{"rendered":"Rezensionen03"},"content":{"rendered":"\t\t<div data-elementor-type=\"wp-post\" data-elementor-id=\"845\" class=\"elementor elementor-845\" data-elementor-post-type=\"page\">\n\t\t\t\t<div class=\"elementor-element elementor-element-dbb6bd7 e-grid e-con-boxed e-con e-parent\" data-id=\"dbb6bd7\" data-element_type=\"container\" data-e-type=\"container\" data-settings=\"{&quot;background_background&quot;:&quot;classic&quot;}\">\n\t\t\t\t\t<div class=\"e-con-inner\">\n\t\t<div class=\"elementor-element elementor-element-fc58b98 e-con-full e-grid e-con e-child\" data-id=\"fc58b98\" data-element_type=\"container\" data-e-type=\"container\">\n\t\t\t\t<div class=\"elementor-element elementor-element-5db82e9 elementor-widget elementor-widget-heading\" data-id=\"5db82e9\" data-element_type=\"widget\" data-e-type=\"widget\" data-widget_type=\"heading.default\">\n\t\t\t\t<div class=\"elementor-widget-container\">\n\t\t\t\t\t<h2 class=\"elementor-heading-title elementor-size-default\"><a href=\"https:\/\/bewusst-erschaffen.com\/rezensionen01\/\">Kundenrezensionen<\/a><\/h2>\t\t\t\t<\/div>\n\t\t\t\t<\/div>\n\t\t\t\t<div class=\"elementor-element elementor-element-1a57611 elementor-widget elementor-widget-text-editor\" data-id=\"1a57611\" data-element_type=\"widget\" data-e-type=\"widget\" data-widget_type=\"text-editor.default\">\n\t\t\t\t<div class=\"elementor-widget-container\">\n\t\t\t\t\t\t\t\t\t<p style=\"text-align: right;\">Seite 3\/8<\/p>\t\t\t\t\t\t\t\t<\/div>\n\t\t\t\t<\/div>\n\t\t\t\t<\/div>\n\t\t<div class=\"elementor-element elementor-element-22849eb e-con-full e-flex e-con e-child\" data-id=\"22849eb\" data-element_type=\"container\" data-e-type=\"container\">\n\t\t\t\t<div class=\"elementor-element elementor-element-db5b8db elementor-widget elementor-widget-text-editor\" data-id=\"db5b8db\" data-element_type=\"widget\" data-e-type=\"widget\" data-widget_type=\"text-editor.default\">\n\t\t\t\t<div class=\"elementor-widget-container\">\n\t\t\t\t\t\t\t\t\t<p>Da der Schutz Ihrer Privatsph\u00e4re f\u00fcr mich h\u00f6chste Priorit\u00e4t hat, bitte ich meine Klientinnen und Klienten, ihre Rezensionen mit ihrem Vornamen, einem Pseudonym oder nur mit Initialen zu unterzeichnen.<\/p>\t\t\t\t\t\t\t\t<\/div>\n\t\t\t\t<\/div>\n\t\t\t\t<\/div>\n\t\t\t\t\t<\/div>\n\t\t\t\t<\/div>\n\t\t<div class=\"elementor-element elementor-element-fe44d4c e-grid e-con-boxed e-con e-parent\" data-id=\"fe44d4c\" data-element_type=\"container\" data-e-type=\"container\" data-settings=\"{&quot;background_background&quot;:&quot;classic&quot;}\">\n\t\t\t\t\t<div class=\"e-con-inner\">\n\t\t<div class=\"elementor-element elementor-element-77862a7 e-con-full e-flex e-con e-child\" data-id=\"77862a7\" data-element_type=\"container\" data-e-type=\"container\">\n\t\t\t\t<div class=\"elementor-element elementor-element-be60a07 elementor-widget elementor-widget-text-editor\" data-id=\"be60a07\" data-element_type=\"widget\" data-e-type=\"widget\" data-widget_type=\"text-editor.default\">\n\t\t\t\t<div class=\"elementor-widget-container\">\n\t\t\t\t\t\t\t\t\t<p>Ich habe mit der Arbeit von Snjezana absolut positive Erfahrungen gemacht.<\/p><p>Weil ich vorher bereits einmal etwas intensiver mit Hypnose in Kontakt gekommen bin, da allerdings keinen wirklichen Zugang finden konnte, war ich zu Beginn etwas skeptisch.<\/p><p>Snjezana hat mich dann aber in ihrer ruhigen, klaren und gleichzeitig begeisternden Art davon \u00fcberzeugt, es noch einmal bei ihr auszuprobieren und richtig gut abgeholt.<\/p><p>Bereits das Vorgespr\u00e4ch und der Anamnesebogen haben mich \u00fcberzeugt. Hier wird sehr ausf\u00fchrlich und gut aufgekl\u00e4rt, nachgefragt und erl\u00e4utert.<\/p><p>Ich habe direkt von Beginn an das Gef\u00fchl gehabt, mich in die H\u00e4nde einer Expertin zu begeben, die nicht nur wei\u00df, was sie tut, sondern ihre Arbeit auch mit voller Leidenschaft und Begeisterung ausf\u00fchrt.<\/p><p>Nach der ausf\u00fchrlichen Aufkl\u00e4rung und dem Vorgespr\u00e4ch f\u00fchlte ich mich wirklich gut auf die Hypnose-Sitzung vorbereitet und habe mich sehr darauf gefreut, gleichzeitig war ich gespannt, ob ich nun einen besseren Zugang dazu finden w\u00fcrde.<\/p><p>Am Tag der Hypnose, die online stattfand (was absolut gut geklappt hat!), gab es noch ein kurzes Vorgespr\u00e4ch und dann sind wir auch relativ schnell eingestiegen.<\/p><p>Was mir besonders aufgefallen ist: Ich habe mich mit meinem Thema (Arbeit an meinem Selbstwertgef\u00fchl) und meiner Person komplett angenommen gef\u00fchlt.<\/p><p>Snjezana hat eine unglaublich warme, herzliche, akzeptierende und liebevolle Art, die es leicht macht, sich v\u00f6llig fallenzulassen.<\/p><p>Die Hypnose selbst war eine wunderbare Erfahrung: Ich wurde in die Lage versetzt, ber\u00fchrende Bilder zu sehen, mich v\u00f6llig zu entspannen und darauf einzulassen. Snjezana hat mich einf\u00fchlsam durch den gesamten Prozess gef\u00fchrt, in dem ich dann auch alte Zweifel loslassen und neue, st\u00e4rkende Erfahrungen machen konnte.<\/p><p>Nach der Hypnose f\u00fchlte ich mich sehr optimistisch und voller Tatendrang, was auch noch sehr lange nach der Erfahrung anhielt und mich grundlegend gest\u00e4rkt und unterst\u00fctzt hat.<\/p><p>Die Hypnose-Erfahrung hat mir viel Kraft gegeben und eine Reihe von weiteren Prozessen angesto\u00dfen. Ich m\u00f6chte die Arbeit an meinem Thema auf jeden Fall noch weiter vertiefen, weshalb bald ein zweites Treffen geplant ist.<\/p><p>Durch die Arbeit von Snjezana sind mir die M\u00f6glichkeiten und die tiefe Wirkungsweise von Hypnose bewusst geworden.<\/p><p>Ich kann die Arbeit von und mit Snjezana jedem w\u00e4rmstens ans Herz legen \u2013 sie ist kompetent, erfahren und verf\u00fcgt \u00fcber ein enormes Fachwissen aus verschiedenen Hypnoserichtungen, die sie elegant miteinander kombiniert. Gleichzeitig ist sie als Pers\u00f6nlichkeit so wertsch\u00e4tzend und unterst\u00fctzend, dass es mir unglaublich leicht gefallen ist, mich im Prozess der Hypnose darauf einzulassen und die Bearbeitung meiner Themen anzugehen.<\/p><p>Ich bin unglaublich dankbar f\u00fcr die M\u00f6glichkeit, diese Erfahrung machen zu d\u00fcrfen \u2013 und mittlerweile auch wirklich \u00fcberzeugt davon, dass es mit Hypnose noch einmal ganz anders m\u00f6glich ist, Ver\u00e4nderungen anzusto\u00dfen und Prozesse zu initiieren, die ansonsten eventuell eher in unserem Unterbewusstsein verborgen bleiben w\u00fcrden.<\/p><p>Vielen Dank von Herzen f\u00fcr die tolle Arbeit!<br \/>Kristin B.<\/p>\t\t\t\t\t\t\t\t<\/div>\n\t\t\t\t<\/div>\n\t\t\t\t<\/div>\n\t\t\t\t\t<\/div>\n\t\t\t\t<\/div>\n\t\t<div class=\"elementor-element elementor-element-3766924 e-grid e-con-boxed e-con e-parent\" data-id=\"3766924\" data-element_type=\"container\" data-e-type=\"container\" data-settings=\"{&quot;background_background&quot;:&quot;classic&quot;}\">\n\t\t\t\t\t<div class=\"e-con-inner\">\n\t\t<div class=\"elementor-element elementor-element-dfbe796 e-con-full e-flex e-con e-child\" data-id=\"dfbe796\" data-element_type=\"container\" data-e-type=\"container\">\n\t\t\t\t<div class=\"elementor-element elementor-element-0112c24 elementor-widget elementor-widget-text-editor\" data-id=\"0112c24\" data-element_type=\"widget\" data-e-type=\"widget\" data-widget_type=\"text-editor.default\">\n\t\t\t\t<div class=\"elementor-widget-container\">\n\t\t\t\t\t\t\t\t\t<p>Liebe Snjezana,<\/p><p>Ich hoffe, ich werde die richtigen Worte finden f\u00fcr das, was deine Arbeit mit der Hypnose auf mich gewirkt hat.<\/p><p>Immer wieder staune ich, wie effizient die Hypnose ist und wie Du \u00fcberhaupt mit deiner Art und Professionalit\u00e4t schaffst, mich auf eine Ebene zu begleiten und meine Blockaden zu bearbeiten und l\u00f6sen.<\/p><p>Es ist eine sehr gezielte Arbeit, die Du machst mit viel Mitgef\u00fchl, Vorsicht und Liebe. Du gehst mit mir in die Reise der Hypnose und bist soo vorsichtig aber auch zielgerichtet und sicher in deiner Fragestellung.<\/p><p>Ich habe mit Dir mehrere Sachen gel\u00f6st, zuletzt die Versagensangst.<\/p><p>Ich f\u00fchle mich jetzt wunderbar, ich habe Ziele und Tr\u00e4ume, die ich auch verwirklichen m\u00f6chte, aber ohne diese st\u00e4ndige Angst es nicht zu schaffen, zu versagen.<\/p><p>Ich gehe meinen Weg mit mehr Leichtigkeit.<\/p><p>Die letzte Reise in der Hypnose war wahnsinnig spannend und gleichzeitig sehr emotional und erleichternd.<\/p><p>Ich danke Dir herzlich daf\u00fcr, dass Du eine gro\u00dfartige Person bist und, dass Deine Arbeit mit viel Liebe und Professionalit\u00e4t wie auch mit einer gewissen Leichtigkeit machst und beherrschst.<\/p><p>Ich werde Dich gerne weiterempfehlen, weil Du die Hypnose einfach verk\u00f6rperst.<\/p><p>Viele liebe Gr\u00fc\u00dfe<br \/>Cristina<\/p>\t\t\t\t\t\t\t\t<\/div>\n\t\t\t\t<\/div>\n\t\t\t\t<\/div>\n\t\t\t\t\t<\/div>\n\t\t\t\t<\/div>\n\t\t<div class=\"elementor-element elementor-element-c56ac56 e-grid e-con-boxed e-con e-parent\" data-id=\"c56ac56\" data-element_type=\"container\" data-e-type=\"container\" data-settings=\"{&quot;background_background&quot;:&quot;classic&quot;}\">\n\t\t\t\t\t<div class=\"e-con-inner\">\n\t\t<div class=\"elementor-element elementor-element-00b46e8 e-con-full e-flex e-con e-child\" data-id=\"00b46e8\" data-element_type=\"container\" data-e-type=\"container\">\n\t\t\t\t<div class=\"elementor-element elementor-element-80fad8b elementor-widget elementor-widget-text-editor\" data-id=\"80fad8b\" data-element_type=\"widget\" data-e-type=\"widget\" data-widget_type=\"text-editor.default\">\n\t\t\t\t<div class=\"elementor-widget-container\">\n\t\t\t\t\t\t\t\t\t<p>Hallo Snjezana,\u2028<br \/>hier mein Feedback:\u2028\u2028Der Kontakt mit dir war die ganze Zeit \u00fcber sehr positiv und sehr emphatisch.<\/p><p>Ich hatte jeder Zeit das Gef\u00fchl gut aufgehoben und verstanden zu sein.<\/p><p>Auf mich machtest du einen sehr fachlich fundierten Eindruck, was sich in unserer weiteren Arbeit dann auch best\u00e4tigt hat.\u2028\u2028<\/p><p>Im Vorfeld wurde ich von dir in einem separaten Gespr\u00e4ch sehr gut beraten und du hast mir alle Aspekte der Hypnose fundiert r\u00fcber bringen k\u00f6nnen. Dadurch konntest du etwaige \u00c4ngste, die man der Hypnose gegen\u00fcber schon mal hat, aufl\u00f6sen.\u2028\u2028<\/p><p>Deine Art der Arbeit mit deinen Mitmenschen ist sehr strukturiert und auf die individuellen Bed\u00fcrfnisse zugeschnitten.\u2028\u2028<\/p><p>Mein Anliegen waren Verlust\u00e4ngste und daraus entstehende Kontrolle mit Eifersucht.\u2028\u2028<\/p><p>Ich wurde sehr angenehm durch die Hypnose gef\u00fchrt und dabei hast du dir ausreichend Zeit genommen. Am Ende blieben keine Fragen offen.\u2028\u2028<\/p><p>Alle Fragen wurden kompetent beantwortet. Auch die Nachfrage nach einigen Tagen, wie es mir geht und welche Ver\u00e4nderungen ich wahrgenommen habe, fand ich sehr gut.<\/p><p>Das lie\u00df gut erkennen, dass dir die Belange deiner Mitmenschen wichtig sind und sie als Person mit ihren Problemen wahrgenommen werden.\u2028\u2028<\/p><p>Verbesserungsw\u00fcrdig: Fachausdr\u00fccke sollten eher umschrieben werden, da diese nicht von jedermann verstanden werden.\u2028\u2028 Sehr kompetente Betreuung&#8230; Sehr empfehlenswert &#8211;&gt; Daumen hoch!\u2028\u2028<\/p><p>Lieben Gru\u00df\u2028<\/p><p>J\u00fcrgen<\/p>\t\t\t\t\t\t\t\t<\/div>\n\t\t\t\t<\/div>\n\t\t\t\t<\/div>\n\t\t\t\t\t<\/div>\n\t\t\t\t<\/div>\n\t\t<div class=\"elementor-element elementor-element-5cf1ad9 e-grid e-con-boxed e-con e-parent\" data-id=\"5cf1ad9\" data-element_type=\"container\" data-e-type=\"container\" data-settings=\"{&quot;background_background&quot;:&quot;classic&quot;}\">\n\t\t\t\t\t<div class=\"e-con-inner\">\n\t\t<div class=\"elementor-element elementor-element-b9ad4d4 e-con-full e-flex e-con e-child\" data-id=\"b9ad4d4\" data-element_type=\"container\" data-e-type=\"container\">\n\t\t\t\t<div class=\"elementor-element elementor-element-2cd32ea elementor-widget elementor-widget-text-editor\" data-id=\"2cd32ea\" data-element_type=\"widget\" data-e-type=\"widget\" data-widget_type=\"text-editor.default\">\n\t\t\t\t<div class=\"elementor-widget-container\">\n\t\t\t\t\t\t\t\t\t<p>Snje\u017eana hilft, Wunder zu vollbringen.<\/p><p>Ich bin Naturwissenschaftlern, in der Industrie t\u00e4tig \u2013 pragmatisch, Macherin.<\/p><p>\u00dcber die Jahren habe ich mein bestes gegeben in allem, was ich mache, und f\u00fchlte mich im Hamsterrad, ohne Aussicht auf wirkliches Gl\u00fccklichsein.<\/p><p>Gott sei Dank, dann habe ich Snje\u017eana getroffen.<\/p><p>Sie hat mich gecoacht und durch den Prozess durchgef\u00fchrt, indem ich aufbl\u00fchte. Ich musste keine neuen F\u00e4higkeiten erwerben \u2013 sie waren schon alle in mir. Dank Snje\u017eana\u00b4s Coaching-Methoden k\u00f6nnte ich dies erkennen.<\/p><p>Snje\u017eana hat mir geholfen, in meinem Kopf eine gl\u00fccklichere Version von mir selbst zu erschaffen. Sie hat mir geholfen, durch eine neue Einstellung zu mir selbst, meine Brillianz zu sehen.<\/p><p>Ich habe ihr nicht gleich geglaubt \u2013 wie gesagt, ich bin eine Pragmatikerin \u2013 und es war schwer, mich zu coachen (danke f\u00fcr Deine Geduld!).<\/p><p>In schwierigen Situationen erwies Snje\u017eana sich mir gegen\u00fcber sehr loyal. Sie ist stark bei mir gestanden und hat mehr an mich geglaubt, als ich an mich selbst geglaubt habe. DANKE!!! <\/p><p>Snje\u017eana, in diesem Jahr warst du der wichtigste Mensch in meinem Leben. Ich habe sehr viel von dir gelernt.<\/p><p>Geh in die Welt und unterst\u00fctze die Menschen mit deinem K\u00f6nnen. Ich w\u00fcnsche mir, dass Du auch den Anderen hilfst, so wie Du mir geholfen hast.<\/p><p>Ekaterina<\/p>\t\t\t\t\t\t\t\t<\/div>\n\t\t\t\t<\/div>\n\t\t\t\t<\/div>\n\t\t\t\t\t<\/div>\n\t\t\t\t<\/div>\n\t\t<div class=\"elementor-element elementor-element-983bdf2 e-grid e-con-boxed e-con e-parent\" data-id=\"983bdf2\" data-element_type=\"container\" data-e-type=\"container\" data-settings=\"{&quot;background_background&quot;:&quot;classic&quot;}\">\n\t\t\t\t\t<div class=\"e-con-inner\">\n\t\t<div class=\"elementor-element elementor-element-698584a e-con-full e-flex e-con e-child\" data-id=\"698584a\" data-element_type=\"container\" data-e-type=\"container\">\n\t\t\t\t<div class=\"elementor-element elementor-element-7b52f3e elementor-widget elementor-widget-text-editor\" data-id=\"7b52f3e\" data-element_type=\"widget\" data-e-type=\"widget\" data-widget_type=\"text-editor.default\">\n\t\t\t\t<div class=\"elementor-widget-container\">\n\t\t\t\t\t\t\t\t\t<p>Ich kam mit einem klaren Thema in das Coaching mit Snje\u017eana. Dank dem Fragebogen schon konnte deutlich erkennen, welche Ziele ich erreichen wollte.<br \/>\u00a0<br \/>Mit ihrer m\u00fchsamen, liebevollen, mitf\u00fchlenden, zielstrebigen und professionellen Art, hat mich Snje\u017eana direkt zur Ursache des Problems gebracht und Dank ihren zielgerichteten Fragen zur L\u00f6sung gef\u00fchrt.<br \/>\u00a0<br \/>Sie hat mich ermutigt &#8222;ich selbst zu sein&#8220;, in meiner Integrit\u00e4t. Sie hat es auch geschafft, dass ich st\u00e4rker, klarer und sicherer im Bezug auf meine Zukunft werde.<br \/>\u00a0<br \/>Snje\u017eana ist eine sehr professionelle, kompetente, vielfaltig talentierte Coachin. Sie hat eine besondere Art die beste Seite von dir rauszuholen und zum Nutzen deines h\u00f6chsten Wohls zu werden. Ihre sanfte Stimme schenkt Ruhe und gleichzeitig Sicherheit. Selbst ihre Pr\u00e4senz strahlt Wissen, Sicherheit und innere Kraft. Es ist sehr bereichernd mit ihr zu arbeiten, weil sie sehr kultiviert und kenntnisreich ist.<br \/>\u00a0<br \/>Snje\u017eana ist immer mit Rat und Tat an meiner Seite, dadurch f\u00fchle ich mich sehr positiv unterst\u00fctzt und traue mich erfolgreiche Wege zu gehen. Wenn jemand an sich zweifelt, soll er zu Snje\u017eana gehen, es wird sich alles \u00e4ndern.<br \/>\u00a0<br \/>Sie ist als Coach auf jeden Fall sehr empfehlenswert.<br \/>C. F.<\/p>\t\t\t\t\t\t\t\t<\/div>\n\t\t\t\t<\/div>\n\t\t\t\t<\/div>\n\t\t\t\t\t<\/div>\n\t\t\t\t<\/div>\n\t\t<div class=\"elementor-element elementor-element-7d74d47 e-grid e-con-boxed e-con e-parent\" data-id=\"7d74d47\" data-element_type=\"container\" data-e-type=\"container\" data-settings=\"{&quot;background_background&quot;:&quot;classic&quot;}\">\n\t\t\t\t\t<div class=\"e-con-inner\">\n\t\t<div class=\"elementor-element elementor-element-d4d9a3a e-con-full e-flex e-con e-child\" data-id=\"d4d9a3a\" data-element_type=\"container\" data-e-type=\"container\">\n\t\t\t\t<div class=\"elementor-element elementor-element-7124c6e elementor-widget elementor-widget-heading\" data-id=\"7124c6e\" data-element_type=\"widget\" data-e-type=\"widget\" data-widget_type=\"heading.default\">\n\t\t\t\t<div class=\"elementor-widget-container\">\n\t\t\t\t\t<h2 class=\"elementor-heading-title elementor-size-default\">Mehr Kundenrezensionen<\/h2>\t\t\t\t<\/div>\n\t\t\t\t<\/div>\n\t\t\t\t<\/div>\n\t\t<div class=\"elementor-element elementor-element-d68dc01 e-con-full e-flex e-con e-child\" data-id=\"d68dc01\" data-element_type=\"container\" data-e-type=\"container\">\n\t\t\t\t<div class=\"elementor-element elementor-element-dbdba0f elementor-widget elementor-widget-eael-creative-button\" data-id=\"dbdba0f\" data-element_type=\"widget\" data-e-type=\"widget\" data-widget_type=\"eael-creative-button.default\">\n\t\t\t\t<div class=\"elementor-widget-container\">\n\t\t\t\t\t        <div class=\"eael-creative-button-wrapper\">\n\n            <a class=\"eael-creative-button eael-creative-button--default eael-cb-icon-position-left\" href=\"https:\/\/bewusst-erschaffen.com\/rezensionen02\/\" data-text=\"\">\n            \t    \n                <div class=\"creative-button-inner\">\n\n                                            <span class=\"eael-creative-button-icon-left\"><svg xmlns=\"http:\/\/www.w3.org\/2000\/svg\" id=\"Ebene_2\" viewBox=\"0 0 100 100\"><defs><style>      .st0 {        fill: #ffb9a8;      }    <\/style><\/defs><path class=\"st0\" d=\"M12.2,49.8c0,19.5,15.8,35.3,35.3,35.3s35.3-15.8,35.3-35.3c0-19.5-15.8-35.3-35.3-35.3S12.2,30.3,12.2,49.8ZM14.4,49.8c0-18.3,14.8-33,33-33s33,14.8,33,33c0,18.3-14.8,33-33,33S14.4,68,14.4,49.8Z\"><\/path><polygon class=\"st0\" points=\"47.5 25.7 22.5 49.7 47.5 73.8 50.1 71.1 29.9 51.6 72.4 51.6 72.4 47.9 30.2 47.9 50.1 28.2 47.5 25.7\"><\/polygon><\/svg><\/span>                    \n                    <span class=\"cretive-button-text\">Zur\u00fcck<\/span>\n\n                                    <\/div>\n\t                        <\/a>\n        <\/div>\n        \t\t\t\t<\/div>\n\t\t\t\t<\/div>\n\t\t\t\t<div class=\"elementor-element elementor-element-f865a28 elementor-widget elementor-widget-eael-creative-button\" data-id=\"f865a28\" data-element_type=\"widget\" data-e-type=\"widget\" data-widget_type=\"eael-creative-button.default\">\n\t\t\t\t<div class=\"elementor-widget-container\">\n\t\t\t\t\t        <div class=\"eael-creative-button-wrapper\">\n\n            <a class=\"eael-creative-button eael-creative-button--default eael-cb-icon-position-right\" href=\"https:\/\/bewusst-erschaffen.com\/rezensionen04\/\" data-text=\"\">\n            \t    \n                <div class=\"creative-button-inner\">\n\n                    \n                    <span class=\"cretive-button-text\">Vor<\/span>\n\n                                            <span class=\"eael-creative-button-icon-right\"><svg xmlns=\"http:\/\/www.w3.org\/2000\/svg\" id=\"Ebene_2\" viewBox=\"0 0 100 100\"><defs><style>      .st0 {        fill: #ffb9a8;      }    <\/style><\/defs><path class=\"st0\" d=\"M47.4,14.5c-19.5,0-35.3,15.8-35.3,35.3s15.8,35.3,35.3,35.3,35.3-15.8,35.3-35.3S66.9,14.5,47.4,14.5ZM47.4,82.8c-18.3,0-33-14.8-33-33S29.2,16.7,47.4,16.7s33,14.8,33,33-14.8,33-33,33Z\"><\/path><polygon class=\"st0\" points=\"47.4 25.7 72.4 49.7 47.4 73.8 44.8 71.1 64.9 51.6 22.5 51.6 22.5 47.9 64.7 47.9 44.8 28.2 47.4 25.7\"><\/polygon><\/svg><\/span>                                    <\/div>\n\t                        <\/a>\n        <\/div>\n        \t\t\t\t<\/div>\n\t\t\t\t<\/div>\n\t\t\t\t<\/div>\n\t\t\t\t\t<\/div>\n\t\t\t\t<\/div>\n\t\t\t\t<\/div>\n\t\t","protected":false},"excerpt":{"rendered":"<p>Kundenrezensionen Seite 3\/8 Da der Schutz Ihrer Privatsph\u00e4re f\u00fcr mich h\u00f6chste Priorit\u00e4t hat, bitte ich meine Klientinnen und Klienten, ihre Rezensionen mit ihrem Vornamen, einem Pseudonym oder nur mit Initialen zu unterzeichnen. Ich habe mit der Arbeit von Snjezana absolut positive Erfahrungen gemacht. Weil ich vorher bereits einmal etwas intensiver mit Hypnose in Kontakt gekommen [&hellip;]<\/p>\n","protected":false},"author":1,"featured_media":0,"parent":0,"menu_order":0,"comment_status":"closed","ping_status":"closed","template":"elementor_header_footer","meta":{"footnotes":""},"class_list":["post-845","page","type-page","status-publish","hentry"],"_links":{"self":[{"href":"https:\/\/bewusst-erschaffen.com\/start\/wp-json\/wp\/v2\/pages\/845","targetHints":{"allow":["GET"]}}],"collection":[{"href":"https:\/\/bewusst-erschaffen.com\/start\/wp-json\/wp\/v2\/pages"}],"about":[{"href":"https:\/\/bewusst-erschaffen.com\/start\/wp-json\/wp\/v2\/types\/page"}],"author":[{"embeddable":true,"href":"https:\/\/bewusst-erschaffen.com\/start\/wp-json\/wp\/v2\/users\/1"}],"replies":[{"embeddable":true,"href":"https:\/\/bewusst-erschaffen.com\/start\/wp-json\/wp\/v2\/comments?post=845"}],"version-history":[{"count":36,"href":"https:\/\/bewusst-erschaffen.com\/start\/wp-json\/wp\/v2\/pages\/845\/revisions"}],"predecessor-version":[{"id":1935,"href":"https:\/\/bewusst-erschaffen.com\/start\/wp-json\/wp\/v2\/pages\/845\/revisions\/1935"}],"wp:attachment":[{"href":"https:\/\/bewusst-erschaffen.com\/start\/wp-json\/wp\/v2\/media?parent=845"}],"curies":[{"name":"wp","href":"https:\/\/api.w.org\/{rel}","templated":true}]}}