{"id":857,"date":"2025-04-08T13:26:05","date_gmt":"2025-04-08T13:26:05","guid":{"rendered":"https:\/\/bewusst-erschaffen.com\/?page_id=857"},"modified":"2025-05-03T14:48:02","modified_gmt":"2025-05-03T14:48:02","slug":"rezensionen05","status":"publish","type":"page","link":"https:\/\/bewusst-erschaffen.com\/start\/rezensionen05\/","title":{"rendered":"Rezensionen05"},"content":{"rendered":"\t\t<div data-elementor-type=\"wp-post\" data-elementor-id=\"857\" class=\"elementor elementor-857\" data-elementor-post-type=\"page\">\n\t\t\t\t<div class=\"elementor-element elementor-element-dbb6bd7 e-grid e-con-boxed e-con e-parent\" data-id=\"dbb6bd7\" data-element_type=\"container\" data-e-type=\"container\" data-settings=\"{&quot;background_background&quot;:&quot;classic&quot;}\">\n\t\t\t\t\t<div class=\"e-con-inner\">\n\t\t<div class=\"elementor-element elementor-element-fc58b98 e-con-full e-grid e-con e-child\" data-id=\"fc58b98\" data-element_type=\"container\" data-e-type=\"container\">\n\t\t\t\t<div class=\"elementor-element elementor-element-5db82e9 elementor-widget elementor-widget-heading\" data-id=\"5db82e9\" data-element_type=\"widget\" data-e-type=\"widget\" data-widget_type=\"heading.default\">\n\t\t\t\t<div class=\"elementor-widget-container\">\n\t\t\t\t\t<h2 class=\"elementor-heading-title elementor-size-default\"><a href=\"https:\/\/bewusst-erschaffen.com\/rezensionen01\/\">Kundenrezensionen<\/a><\/h2>\t\t\t\t<\/div>\n\t\t\t\t<\/div>\n\t\t\t\t<div class=\"elementor-element elementor-element-1a57611 elementor-widget elementor-widget-text-editor\" data-id=\"1a57611\" data-element_type=\"widget\" data-e-type=\"widget\" data-widget_type=\"text-editor.default\">\n\t\t\t\t<div class=\"elementor-widget-container\">\n\t\t\t\t\t\t\t\t\t<p style=\"text-align: right;\">Seite 5\/8<\/p>\t\t\t\t\t\t\t\t<\/div>\n\t\t\t\t<\/div>\n\t\t\t\t<\/div>\n\t\t<div class=\"elementor-element elementor-element-f5cd6fe e-con-full e-flex e-con e-child\" data-id=\"f5cd6fe\" data-element_type=\"container\" data-e-type=\"container\">\n\t\t\t\t<div class=\"elementor-element elementor-element-f87cebc elementor-widget elementor-widget-text-editor\" data-id=\"f87cebc\" data-element_type=\"widget\" data-e-type=\"widget\" data-widget_type=\"text-editor.default\">\n\t\t\t\t<div class=\"elementor-widget-container\">\n\t\t\t\t\t\t\t\t\t<p>Da der Schutz Ihrer Privatsph\u00e4re f\u00fcr mich h\u00f6chste Priorit\u00e4t hat, bitte ich meine Klientinnen und Klienten, ihre Rezensionen mit ihrem Vornamen, einem Pseudonym oder nur mit Initialen zu unterzeichnen.<\/p>\t\t\t\t\t\t\t\t<\/div>\n\t\t\t\t<\/div>\n\t\t\t\t<\/div>\n\t\t\t\t\t<\/div>\n\t\t\t\t<\/div>\n\t\t<div class=\"elementor-element elementor-element-fe44d4c e-grid e-con-boxed e-con e-parent\" data-id=\"fe44d4c\" data-element_type=\"container\" data-e-type=\"container\" data-settings=\"{&quot;background_background&quot;:&quot;classic&quot;}\">\n\t\t\t\t\t<div class=\"e-con-inner\">\n\t\t<div class=\"elementor-element elementor-element-77862a7 e-con-full e-flex e-con e-child\" data-id=\"77862a7\" data-element_type=\"container\" data-e-type=\"container\">\n\t\t\t\t<div class=\"elementor-element elementor-element-be60a07 elementor-widget elementor-widget-text-editor\" data-id=\"be60a07\" data-element_type=\"widget\" data-e-type=\"widget\" data-widget_type=\"text-editor.default\">\n\t\t\t\t<div class=\"elementor-widget-container\">\n\t\t\t\t\t\t\t\t\t<p>Snjezana Tjaden ist eine kreative, poetische Powerfrau mit Leidenschaft.<\/p><p>Sie ist einf\u00fchlsam und pr\u00e4sent mit allem, was sie ausmacht und das ist eine ganze Menge.<\/p><p>Ihr Wohlwollen und Wertsch\u00e4tzung entspannt und ermutigt den Klienten anzukommen und zu inspirieren.<\/p><p>Snjezana schafft neue R\u00e4ume der Kreativit\u00e4t und des Erschaffens jenseits der konditionierten Vorstellungen.<\/p><p>Ihre zahlreichen Ausbildungen erg\u00e4nzen sich sehr gut und sind zum absoluten Vorteil in der Begleitung des Coachees.<\/p><p>Bei ihr und mit ihr sind Wunder m\u00f6glich und neue Wege werden sichtbar und machtbar. Ich sch\u00e4tze ihre Integrit\u00e4t.<\/p><p>Diana<\/p>\t\t\t\t\t\t\t\t<\/div>\n\t\t\t\t<\/div>\n\t\t\t\t<\/div>\n\t\t\t\t\t<\/div>\n\t\t\t\t<\/div>\n\t\t<div class=\"elementor-element elementor-element-3766924 e-grid e-con-boxed e-con e-parent\" data-id=\"3766924\" data-element_type=\"container\" data-e-type=\"container\" data-settings=\"{&quot;background_background&quot;:&quot;classic&quot;}\">\n\t\t\t\t\t<div class=\"e-con-inner\">\n\t\t<div class=\"elementor-element elementor-element-dfbe796 e-con-full e-flex e-con e-child\" data-id=\"dfbe796\" data-element_type=\"container\" data-e-type=\"container\">\n\t\t\t\t<div class=\"elementor-element elementor-element-0112c24 elementor-widget elementor-widget-text-editor\" data-id=\"0112c24\" data-element_type=\"widget\" data-e-type=\"widget\" data-widget_type=\"text-editor.default\">\n\t\t\t\t<div class=\"elementor-widget-container\">\n\t\t\t\t\t\t\t\t\t<p>Einf\u00fchlsam, wertsch\u00e4tzend und zielorientiert.<\/p><p>Anamnese<br \/>Bereits vor der Hypnose wurden in Form eines Anamnesebogens wesentliche Fragen zur eigenen Pers\u00f6nlichkeit gekl\u00e4rt, die sich als sehr wertvoll und erkenntnisreich f\u00fcr mich erwiesen.<\/p><p>Hypnose<br \/>Nach einer kurzen Einleitung in die Entspannung machte sich Snjezana gemeinsam mit mir auf den Weg zum inneren Kind. Dieser Weg f\u00fchrte \u00fcber eine Treppe, durch eine T\u00fcr hindurch in einen Raum und eine Zeit, die ich selbst ausgew\u00e4hlt habe.<\/p><p>W\u00e4hrend der Anleitung hat Snjezana mit ruhiger Stimme gesprochen und auch bildhafte Elemente in ihrer Sprache benutzt. Die Aufmerksamkeit war auf das Innenleben sowie die K\u00f6rperempfindungen gerichtet.<\/p><p>Snjezana hat mir geholfen, den Kontakt mit meinem inneren Kind herzustellen, und hat die Verbindung zu diesem wohlwollend und zielorientiert angeleitet.<\/p><p>Durch die Unterst\u00fctzung von Snjezana konnte ich Gef\u00fchle in mir entdecken, die im Anschluss bearbeitet und gel\u00f6st werden konnten.<\/p><p>Den gesamten Prozess hat Snjezana wertsch\u00e4tzend und einf\u00fchlsam gef\u00fchrt und stand f\u00fcr R\u00fcckfragen zur Verf\u00fcgung.<\/p><p>Liebe Gr\u00fc\u00dfe,<br \/>Manuela<\/p>\t\t\t\t\t\t\t\t<\/div>\n\t\t\t\t<\/div>\n\t\t\t\t<\/div>\n\t\t\t\t\t<\/div>\n\t\t\t\t<\/div>\n\t\t<div class=\"elementor-element elementor-element-c56ac56 e-grid e-con-boxed e-con e-parent\" data-id=\"c56ac56\" data-element_type=\"container\" data-e-type=\"container\" data-settings=\"{&quot;background_background&quot;:&quot;classic&quot;}\">\n\t\t\t\t\t<div class=\"e-con-inner\">\n\t\t<div class=\"elementor-element elementor-element-00b46e8 e-con-full e-flex e-con e-child\" data-id=\"00b46e8\" data-element_type=\"container\" data-e-type=\"container\">\n\t\t\t\t<div class=\"elementor-element elementor-element-80fad8b elementor-widget elementor-widget-text-editor\" data-id=\"80fad8b\" data-element_type=\"widget\" data-e-type=\"widget\" data-widget_type=\"text-editor.default\">\n\t\t\t\t<div class=\"elementor-widget-container\">\n\t\t\t\t\t\t\t\t\t<p>Liebe Snjezana,<br \/>eigentlich habe ich dich ja schon bewertet, und ich wei\u00df nicht, ob dieser Text jetzt eine Bewertung ist, wie man sie auf deiner Website abdrucken kann:\u00a0aber ich kann es immer wieder betonen:<\/p><p>Diese Hypnose hat wirklich alles ver\u00e4ndert in meinem Leben. In der Woche danach wurde mir t\u00e4glich bewusst, wie tief das Trauma des Ahnen in mir war, und ich kann es immer noch nicht glauben, diese \u00dcberraschung, als wir nicht das Land gesehen haben, auf das wir uns fokussiert hatten. Sondern ein ganz anderes Land.<\/p><p>Seit diesem Tag ist mein innerer Knoten v\u00f6llig weg. Ich habe \u00fcberhaupt keine Panik mehr, in vollen Z\u00fcgen zu fahren, bin trotz Lautst\u00e4rke entspannt. Und dabei ist es nicht wie nach einer Verhaltenstherapie mit \u201etief durchatmen\u201c, es ist einfach so passiert. Ich musste gar nichts daf\u00fcr tun, ein belasteter Anteil in mir ist verschwunden. Ich hatte meiner Schwester nichts von der Hypnose erz\u00e4hlt, und doch sagte sie mir, ich sei seit ein paar Tagen wie neugeboren, total ver\u00e4ndert, sogar optisch w\u00e4ren meine F\u00e4ltchen weg.<\/p><p>Seit der Hypnose passieren nach wie vor \u201eWunder\u201c: alte Freunde melden sich nach vielen Jahren wieder (gleich drei alte Freunde in einer Woche!!). Und weitere Dinge, mit denen ich nie gerechnet habe.<\/p><p>Liebe Snjezana, ich f\u00fchle mich wirklich wie ein neuer Mensch! Ich stehe problemlos f\u00fcr mich ein, ich gebe Widerworte und stehe dazu. Es ist wirklich ein \u201eneues Leben\u201c. Vielen Dank daf\u00fcr!<\/p><p>Ich kann dich absolut und zu hundert Prozent weiterempfehlen, und gerne darfst Du meine Kontaktdaten weitergeben, wenn sich jemand mal direkt bei mir \u00fcber den Erfolg informieren will.<\/p><p>Ich werde wirklich ewig dankbar sein, dass wir uns durch \u201eZufall\u201c begegnet sind.<\/p><p>Alles Liebe Dir!!<br \/>Martina<\/p>\t\t\t\t\t\t\t\t<\/div>\n\t\t\t\t<\/div>\n\t\t\t\t<\/div>\n\t\t\t\t\t<\/div>\n\t\t\t\t<\/div>\n\t\t<div class=\"elementor-element elementor-element-5cf1ad9 e-grid e-con-boxed e-con e-parent\" data-id=\"5cf1ad9\" data-element_type=\"container\" data-e-type=\"container\" data-settings=\"{&quot;background_background&quot;:&quot;classic&quot;}\">\n\t\t\t\t\t<div class=\"e-con-inner\">\n\t\t<div class=\"elementor-element elementor-element-b9ad4d4 e-con-full e-flex e-con e-child\" data-id=\"b9ad4d4\" data-element_type=\"container\" data-e-type=\"container\">\n\t\t\t\t<div class=\"elementor-element elementor-element-2cd32ea elementor-widget elementor-widget-text-editor\" data-id=\"2cd32ea\" data-element_type=\"widget\" data-e-type=\"widget\" data-widget_type=\"text-editor.default\">\n\t\t\t\t<div class=\"elementor-widget-container\">\n\t\t\t\t\t\t\t\t\t<p>Meine Herzens-Rezession f\u00fcr Dich, liebe Snje\u017eana <br \/>Ich bin so dankbar, dass ich in dieser Hypnose Sitzung von Snje\u017eana so wunderbar aufgefangen, begleitet und durchgef\u00fchrt wurde.<\/p><p>Tief liegende Blockaden &amp; traumatische Erfahrungen habe ich gut gewandelt bekommen und mich jeder Zeit sicher gef\u00fchlt. Gleich danach f\u00fchlte ich mich so in meiner Kraft.<\/p><p>Das aller Sch\u00f6nste f\u00fcr mich war, dass ich von Herzen heraus wieder lachen kann.<\/p><p>Mit tiefer Dankbarkeit verbunden f\u00fcr diese gro\u00dfartige Arbeit w\u00fcnsche ich Dir das Sch\u00f6nste und Wundervollste auf Deinem Weg.<\/p><p>Theresia<\/p>\t\t\t\t\t\t\t\t<\/div>\n\t\t\t\t<\/div>\n\t\t\t\t<\/div>\n\t\t\t\t\t<\/div>\n\t\t\t\t<\/div>\n\t\t<div class=\"elementor-element elementor-element-983bdf2 e-grid e-con-boxed e-con e-parent\" data-id=\"983bdf2\" data-element_type=\"container\" data-e-type=\"container\" data-settings=\"{&quot;background_background&quot;:&quot;classic&quot;}\">\n\t\t\t\t\t<div class=\"e-con-inner\">\n\t\t<div class=\"elementor-element elementor-element-698584a e-con-full e-flex e-con e-child\" data-id=\"698584a\" data-element_type=\"container\" data-e-type=\"container\">\n\t\t\t\t<div class=\"elementor-element elementor-element-7b52f3e elementor-widget elementor-widget-text-editor\" data-id=\"7b52f3e\" data-element_type=\"widget\" data-e-type=\"widget\" data-widget_type=\"text-editor.default\">\n\t\t\t\t<div class=\"elementor-widget-container\">\n\t\t\t\t\t\t\t\t\t<p>Snjezana ist mir mit einem gro\u00dfen Herz begegnet und hat mich w\u00e4hrend der ganzen Zeit sehr einf\u00fchlsam gehalten. Ich habe mich gesehen gef\u00fchlt und konnte mich durch ihre herzliche Art sehr gut \u00f6ffnen. Je mehr ich preis gegeben, desto besser konnte Snjezana die Hypnose vorbereiten. Snjezana hat mich kompetent \u00fcber die unterschiedlichen Arten von Hypnosen aufgekl\u00e4rt. Ich gebe zu, dass ich vor der Behandlung schon skeptisch gegen\u00fcber Hypnose war, weil ich teils ein Kopfmensch bin bzw. mein Verstand immer nach L\u00f6sungen sucht.<br \/>\u00a0<br \/>In einem ausf\u00fchrlichem Vorgespr\u00e4ch konnte ich\u00a0 Snjezana kennenlernen. Sie macht die Sache mit gro\u00dfer Passion. Das hat mich gleich in den Bann genommen und ich war mich sicher, dass ich die Hypnose auch machen m\u00f6chte.<br \/>\u00a0<br \/>Es gab zu keiner Zeit irgendwelche St\u00f6rungen und ich habe mich als Hauptperson gef\u00fchlt. Die Hypnose an sich habe ich als angenehm empfunden. Als Hauptoberthema hatte ich Gewichtsreduzierung. Allerdings war im Vorgespr\u00e4ch schon klar, dass dahinter etwas tieferes steckt. Die Aufkl\u00e4rung war sehr gut. Jede noch so banale Frage konnte mir beantwortet werden.<br \/>\u00a0<br \/>W\u00e4hrend der Hypnose hat mit Snjezana kompetent und sicher angeleitet und ich habe mich sehr sicher gef\u00fchlt. Es wurden Themen wie Angst, Wut, gro\u00dfe Entt\u00e4uschungen aus der Vergangenheit bearbeitet. Ich habe diese Gef\u00fchle deutlich gef\u00fchlt und konnte sie unter Snjezana Anleitung prima aufl\u00f6sen. Ich habe das Gl\u00fcck, dass ich mir Bilder vorstellen und bei geschlossenen Augen &#8222;sehen&#8220; kann. Somit konnte ich mich in die Situation hineinversetzen und die gespeicherten Gef\u00fchle hoch holen.<br \/>\u00a0<br \/>Die Hypnosesitzung hat etwas mehr als eine Stunde gedauert. Jederzeit f\u00fchlte ich mich sicher und richtig gut begleitet.<br \/>\u00a0<br \/>Nach der Hypnose war zun\u00e4chst eine Verschlimmbesserung. Das erkl\u00e4re ich mir damit, dass maskierte Gef\u00fchle wie zB die gro\u00dfe Trauer um meine k\u00fcrzlich verstorbene Mutter endlich hochkommen konnten. Mittlerweile merke ich, dass sich nach bzw. durch die Hypnose viel mehr bei mir bin und mich nicht mehr so sehr auf mein Umfeld gucke. Ich empfinde mehr Selbstsicherheit und Akzeptanz mir selbst gegen\u00fcber.<br \/>\u00a0<br \/>Ich kann die liebe Snjezana wirklich weiter empfehlen. Bei ihr ist man in guten H\u00e4nden. Sie hat sich auch nach der Hypnose intensiv um mich gek\u00fcmmert, so dass ich mich auch da komplett gehalten gef\u00fchlt habe.<br \/>\u00a0<br \/>Vielen Dank, liebste Snjezana f\u00fcr Deine wundervolle Arbeit.<br \/>Yvonne<\/p>\t\t\t\t\t\t\t\t<\/div>\n\t\t\t\t<\/div>\n\t\t\t\t<\/div>\n\t\t\t\t\t<\/div>\n\t\t\t\t<\/div>\n\t\t<div class=\"elementor-element elementor-element-7d74d47 e-grid e-con-boxed e-con e-parent\" data-id=\"7d74d47\" data-element_type=\"container\" data-e-type=\"container\" data-settings=\"{&quot;background_background&quot;:&quot;classic&quot;}\">\n\t\t\t\t\t<div class=\"e-con-inner\">\n\t\t<div class=\"elementor-element elementor-element-d4d9a3a e-con-full e-flex e-con e-child\" data-id=\"d4d9a3a\" data-element_type=\"container\" data-e-type=\"container\">\n\t\t\t\t<div class=\"elementor-element elementor-element-7124c6e elementor-widget elementor-widget-heading\" data-id=\"7124c6e\" data-element_type=\"widget\" data-e-type=\"widget\" data-widget_type=\"heading.default\">\n\t\t\t\t<div class=\"elementor-widget-container\">\n\t\t\t\t\t<h2 class=\"elementor-heading-title elementor-size-default\">Mehr Kundenrezensionen<\/h2>\t\t\t\t<\/div>\n\t\t\t\t<\/div>\n\t\t\t\t<\/div>\n\t\t<div class=\"elementor-element elementor-element-d68dc01 e-con-full e-flex e-con e-child\" data-id=\"d68dc01\" data-element_type=\"container\" data-e-type=\"container\">\n\t\t\t\t<div class=\"elementor-element elementor-element-dbdba0f elementor-widget elementor-widget-eael-creative-button\" data-id=\"dbdba0f\" data-element_type=\"widget\" data-e-type=\"widget\" data-widget_type=\"eael-creative-button.default\">\n\t\t\t\t<div class=\"elementor-widget-container\">\n\t\t\t\t\t        <div class=\"eael-creative-button-wrapper\">\n\n            <a class=\"eael-creative-button eael-creative-button--default eael-cb-icon-position-left\" href=\"https:\/\/bewusst-erschaffen.com\/rezensionen04\/\" data-text=\"\">\n            \t    \n                <div class=\"creative-button-inner\">\n\n                                            <span class=\"eael-creative-button-icon-left\"><svg xmlns=\"http:\/\/www.w3.org\/2000\/svg\" id=\"Ebene_2\" viewBox=\"0 0 100 100\"><defs><style>      .st0 {        fill: #ffb9a8;      }    <\/style><\/defs><path class=\"st0\" d=\"M12.2,49.8c0,19.5,15.8,35.3,35.3,35.3s35.3-15.8,35.3-35.3c0-19.5-15.8-35.3-35.3-35.3S12.2,30.3,12.2,49.8ZM14.4,49.8c0-18.3,14.8-33,33-33s33,14.8,33,33c0,18.3-14.8,33-33,33S14.4,68,14.4,49.8Z\"><\/path><polygon class=\"st0\" points=\"47.5 25.7 22.5 49.7 47.5 73.8 50.1 71.1 29.9 51.6 72.4 51.6 72.4 47.9 30.2 47.9 50.1 28.2 47.5 25.7\"><\/polygon><\/svg><\/span>                    \n                    <span class=\"cretive-button-text\">Zur\u00fcck<\/span>\n\n                                    <\/div>\n\t                        <\/a>\n        <\/div>\n        \t\t\t\t<\/div>\n\t\t\t\t<\/div>\n\t\t\t\t<div class=\"elementor-element elementor-element-f865a28 elementor-widget elementor-widget-eael-creative-button\" data-id=\"f865a28\" data-element_type=\"widget\" data-e-type=\"widget\" data-widget_type=\"eael-creative-button.default\">\n\t\t\t\t<div class=\"elementor-widget-container\">\n\t\t\t\t\t        <div class=\"eael-creative-button-wrapper\">\n\n            <a class=\"eael-creative-button eael-creative-button--default eael-cb-icon-position-right\" href=\"https:\/\/bewusst-erschaffen.com\/rezensionen06\/\" data-text=\"\">\n            \t    \n                <div class=\"creative-button-inner\">\n\n                    \n                    <span class=\"cretive-button-text\">Vor<\/span>\n\n                                            <span class=\"eael-creative-button-icon-right\"><svg xmlns=\"http:\/\/www.w3.org\/2000\/svg\" id=\"Ebene_2\" viewBox=\"0 0 100 100\"><defs><style>      .st0 {        fill: #ffb9a8;      }    <\/style><\/defs><path class=\"st0\" d=\"M47.4,14.5c-19.5,0-35.3,15.8-35.3,35.3s15.8,35.3,35.3,35.3,35.3-15.8,35.3-35.3S66.9,14.5,47.4,14.5ZM47.4,82.8c-18.3,0-33-14.8-33-33S29.2,16.7,47.4,16.7s33,14.8,33,33-14.8,33-33,33Z\"><\/path><polygon class=\"st0\" points=\"47.4 25.7 72.4 49.7 47.4 73.8 44.8 71.1 64.9 51.6 22.5 51.6 22.5 47.9 64.7 47.9 44.8 28.2 47.4 25.7\"><\/polygon><\/svg><\/span>                                    <\/div>\n\t                        <\/a>\n        <\/div>\n        \t\t\t\t<\/div>\n\t\t\t\t<\/div>\n\t\t\t\t<\/div>\n\t\t\t\t\t<\/div>\n\t\t\t\t<\/div>\n\t\t\t\t<\/div>\n\t\t","protected":false},"excerpt":{"rendered":"<p>Kundenrezensionen Seite 5\/8 Da der Schutz Ihrer Privatsph\u00e4re f\u00fcr mich h\u00f6chste Priorit\u00e4t hat, bitte ich meine Klientinnen und Klienten, ihre Rezensionen mit ihrem Vornamen, einem Pseudonym oder nur mit Initialen zu unterzeichnen. Snjezana Tjaden ist eine kreative, poetische Powerfrau mit Leidenschaft. Sie ist einf\u00fchlsam und pr\u00e4sent mit allem, was sie ausmacht und das ist eine [&hellip;]<\/p>\n","protected":false},"author":1,"featured_media":0,"parent":0,"menu_order":0,"comment_status":"closed","ping_status":"closed","template":"elementor_header_footer","meta":{"footnotes":""},"class_list":["post-857","page","type-page","status-publish","hentry"],"_links":{"self":[{"href":"https:\/\/bewusst-erschaffen.com\/start\/wp-json\/wp\/v2\/pages\/857","targetHints":{"allow":["GET"]}}],"collection":[{"href":"https:\/\/bewusst-erschaffen.com\/start\/wp-json\/wp\/v2\/pages"}],"about":[{"href":"https:\/\/bewusst-erschaffen.com\/start\/wp-json\/wp\/v2\/types\/page"}],"author":[{"embeddable":true,"href":"https:\/\/bewusst-erschaffen.com\/start\/wp-json\/wp\/v2\/users\/1"}],"replies":[{"embeddable":true,"href":"https:\/\/bewusst-erschaffen.com\/start\/wp-json\/wp\/v2\/comments?post=857"}],"version-history":[{"count":28,"href":"https:\/\/bewusst-erschaffen.com\/start\/wp-json\/wp\/v2\/pages\/857\/revisions"}],"predecessor-version":[{"id":1941,"href":"https:\/\/bewusst-erschaffen.com\/start\/wp-json\/wp\/v2\/pages\/857\/revisions\/1941"}],"wp:attachment":[{"href":"https:\/\/bewusst-erschaffen.com\/start\/wp-json\/wp\/v2\/media?parent=857"}],"curies":[{"name":"wp","href":"https:\/\/api.w.org\/{rel}","templated":true}]}}