{"id":886,"date":"2025-04-08T13:37:06","date_gmt":"2025-04-08T13:37:06","guid":{"rendered":"https:\/\/bewusst-erschaffen.com\/?page_id=886"},"modified":"2025-05-03T14:48:30","modified_gmt":"2025-05-03T14:48:30","slug":"rezensionen06","status":"publish","type":"page","link":"https:\/\/bewusst-erschaffen.com\/start\/rezensionen06\/","title":{"rendered":"Rezensionen06"},"content":{"rendered":"\t\t<div data-elementor-type=\"wp-post\" data-elementor-id=\"886\" class=\"elementor elementor-886\" data-elementor-post-type=\"page\">\n\t\t\t\t<div class=\"elementor-element elementor-element-dbb6bd7 e-grid e-con-boxed e-con e-parent\" data-id=\"dbb6bd7\" data-element_type=\"container\" data-e-type=\"container\" data-settings=\"{&quot;background_background&quot;:&quot;classic&quot;}\">\n\t\t\t\t\t<div class=\"e-con-inner\">\n\t\t<div class=\"elementor-element elementor-element-fc58b98 e-con-full e-grid e-con e-child\" data-id=\"fc58b98\" data-element_type=\"container\" data-e-type=\"container\">\n\t\t\t\t<div class=\"elementor-element elementor-element-5db82e9 elementor-widget elementor-widget-heading\" data-id=\"5db82e9\" data-element_type=\"widget\" data-e-type=\"widget\" data-widget_type=\"heading.default\">\n\t\t\t\t<div class=\"elementor-widget-container\">\n\t\t\t\t\t<h2 class=\"elementor-heading-title elementor-size-default\"><a href=\"https:\/\/bewusst-erschaffen.com\/rezensionen01\/\">Kundenrezensionen<\/a><\/h2>\t\t\t\t<\/div>\n\t\t\t\t<\/div>\n\t\t\t\t<div class=\"elementor-element elementor-element-1a57611 elementor-widget elementor-widget-text-editor\" data-id=\"1a57611\" data-element_type=\"widget\" data-e-type=\"widget\" data-widget_type=\"text-editor.default\">\n\t\t\t\t<div class=\"elementor-widget-container\">\n\t\t\t\t\t\t\t\t\t<p style=\"text-align: right;\">Seite 6\/8<\/p>\t\t\t\t\t\t\t\t<\/div>\n\t\t\t\t<\/div>\n\t\t\t\t<\/div>\n\t\t<div class=\"elementor-element elementor-element-9e8049f e-con-full e-flex e-con e-child\" data-id=\"9e8049f\" data-element_type=\"container\" data-e-type=\"container\">\n\t\t\t\t<div class=\"elementor-element elementor-element-d8e6dbc elementor-widget elementor-widget-text-editor\" data-id=\"d8e6dbc\" data-element_type=\"widget\" data-e-type=\"widget\" data-widget_type=\"text-editor.default\">\n\t\t\t\t<div class=\"elementor-widget-container\">\n\t\t\t\t\t\t\t\t\t<p>Da der Schutz Ihrer Privatsph\u00e4re f\u00fcr mich h\u00f6chste Priorit\u00e4t hat, bitte ich meine Klientinnen und Klienten, ihre Rezensionen mit ihrem Vornamen, einem Pseudonym oder nur mit Initialen zu unterzeichnen.<\/p>\t\t\t\t\t\t\t\t<\/div>\n\t\t\t\t<\/div>\n\t\t\t\t<\/div>\n\t\t\t\t\t<\/div>\n\t\t\t\t<\/div>\n\t\t<div class=\"elementor-element elementor-element-fe44d4c e-grid e-con-boxed e-con e-parent\" data-id=\"fe44d4c\" data-element_type=\"container\" data-e-type=\"container\" data-settings=\"{&quot;background_background&quot;:&quot;classic&quot;}\">\n\t\t\t\t\t<div class=\"e-con-inner\">\n\t\t<div class=\"elementor-element elementor-element-77862a7 e-con-full e-flex e-con e-child\" data-id=\"77862a7\" data-element_type=\"container\" data-e-type=\"container\">\n\t\t\t\t<div class=\"elementor-element elementor-element-be60a07 elementor-widget elementor-widget-text-editor\" data-id=\"be60a07\" data-element_type=\"widget\" data-e-type=\"widget\" data-widget_type=\"text-editor.default\">\n\t\t\t\t<div class=\"elementor-widget-container\">\n\t\t\t\t\t\t\t\t\t<p>Snje\u017eanas Begeisterung, welche Blockaden sich durch ihre Hypnose l\u00f6sen lassen w\u00fcrden, war f\u00fcr mich so ansteckend, dass ich es direkt ausprobierte.<\/p><p>Ich hatte gro\u00dfen Stress vor zwei Auftritten, die mich sehr blockierten und daran hinderten, mein Potenzial aussch\u00f6pfen zu k\u00f6nnen.<\/p><p>Snje\u017eana begleitete mich sehr professionell und ausgezeichnet durch die Hypnose, nachdem sie ein paar Tage zuvor eine gr\u00fcndliche Anamnese bei mir durchf\u00fchrte.<\/p><p>W\u00e4hrend und nach meinen Auftritten war ich sehr beeindruckt, wie souver\u00e4n ich bleiben konnte.<br \/>So kann ich die Zusammenarbeit mit Snje\u017eana sehr empfehlen, gerade wenn man emotionale Blockaden l\u00f6sen m\u00f6chte.<\/p><p>Liebe Snje\u017eana, ich bin nach wie vor beeindruckt, wie gut ich emotional durch diese Situation gehen konnte.<\/p><p>Vielen vielen Dank dir nochmal von ganzem Herzen!!!<\/p><p>Silke<\/p>\t\t\t\t\t\t\t\t<\/div>\n\t\t\t\t<\/div>\n\t\t\t\t<\/div>\n\t\t\t\t\t<\/div>\n\t\t\t\t<\/div>\n\t\t<div class=\"elementor-element elementor-element-3766924 e-grid e-con-boxed e-con e-parent\" data-id=\"3766924\" data-element_type=\"container\" data-e-type=\"container\" data-settings=\"{&quot;background_background&quot;:&quot;classic&quot;}\">\n\t\t\t\t\t<div class=\"e-con-inner\">\n\t\t<div class=\"elementor-element elementor-element-dfbe796 e-con-full e-flex e-con e-child\" data-id=\"dfbe796\" data-element_type=\"container\" data-e-type=\"container\">\n\t\t\t\t<div class=\"elementor-element elementor-element-0112c24 elementor-widget elementor-widget-text-editor\" data-id=\"0112c24\" data-element_type=\"widget\" data-e-type=\"widget\" data-widget_type=\"text-editor.default\">\n\t\t\t\t<div class=\"elementor-widget-container\">\n\t\t\t\t\t\t\t\t\t<p>Liebe Snjezana,<br \/>ich bedanke mich noch einmal von Herzen f\u00fcr die geniale Hypnosesitzung!<br \/>Gerne schreibe ich dir meine Rezension:<\/p><p>Ich hatte dir bereits bei unserem Vorgespr\u00e4ch von meinen \u00c4ngsten erz\u00e4hlt, die sich aktuell um das Thema, dass mein j\u00fcngstes Kind nun auch fl\u00fcgge wird, das Abitur in der Tasche hat und sich weiter abnabelt, bei mir gezeigt haben.<\/p><p>Das Gef\u00fchl, ich werde allein gelassen, zeigte sich sehr heftig. Kurz darauf war ich bei dir zur Hypnose und ich reiste gef\u00fchlt an die Wurzel, diese Gef\u00fchls in ein anderes Leben. Diese Gef\u00fchle von allein und hilflos zu sein und auch das Gef\u00fchl der Wertlosigkeit waren in der Hypnosesequenz sehr stark pr\u00e4sent.<\/p><p>Ich konnte die Situation durch dein einf\u00fchlsames F\u00fchren in der Hypnose ver\u00e4ndern und diese Situation in meinem Unterbewusstsein positiver abspeichern. Du hast mich super gut durch die Hypnose gef\u00fchrt und ich habe mich in jedem Moment sicher bei dir gef\u00fchlt.<\/p><p>Schon kurz nach der Hypnose und in den Wochen danach, trat eine sehr positive Ver\u00e4nderung bei mir auf. Wie gew\u00fcnscht mache ich wundervolle Erfahrungen mit neuen Menschen, die aktuell in mein Leben treten. Ich f\u00fchle mich in mir selbst gut aufgehoben und die alten \u00c4ngste sind wie<br \/>weggeblasen.<\/p><p>Liebe Gr\u00fc\u00dfe, Anke<\/p>\t\t\t\t\t\t\t\t<\/div>\n\t\t\t\t<\/div>\n\t\t\t\t<\/div>\n\t\t\t\t\t<\/div>\n\t\t\t\t<\/div>\n\t\t<div class=\"elementor-element elementor-element-c56ac56 e-grid e-con-boxed e-con e-parent\" data-id=\"c56ac56\" data-element_type=\"container\" data-e-type=\"container\" data-settings=\"{&quot;background_background&quot;:&quot;classic&quot;}\">\n\t\t\t\t\t<div class=\"e-con-inner\">\n\t\t<div class=\"elementor-element elementor-element-00b46e8 e-con-full e-flex e-con e-child\" data-id=\"00b46e8\" data-element_type=\"container\" data-e-type=\"container\">\n\t\t\t\t<div class=\"elementor-element elementor-element-80fad8b elementor-widget elementor-widget-text-editor\" data-id=\"80fad8b\" data-element_type=\"widget\" data-e-type=\"widget\" data-widget_type=\"text-editor.default\">\n\t\t\t\t<div class=\"elementor-widget-container\">\n\t\t\t\t\t\t\t\t\t<p>Ich hatte das gro\u00dfe Gl\u00fcck, eine Hypnosesitzung bei Snjezana machen zu k\u00f6nnen.<\/p><p>Ihre freundliche und wertsch\u00e4tzende Art hat mir von Anfang an die Sicherheit und Geborgenheit vermittelt, die ich ben\u00f6tigte, um mich auf eine Hypnose einzulassen.<\/p><p>Snjezana hat mich im Vorgespr\u00e4ch sehr gut auf die Hypnose vorbereitet. Sie hat mir erkl\u00e4rt, was Hypnose ist und wie sie wirkt, worauf ich mich einstellen darf und was im Anschluss danach alles passieren wird.<\/p><p>Snjezana hat mein Anliegen im Vorgespr\u00e4ch schnell verstanden und hat ihr weiteres Vorgehen kompetent und kreativ darauf abgestimmt. Ich bin mit dem Thema zu ihr gekommen, eine Blockade zu l\u00f6sen, die mich oft davon abh\u00e4lt, erfolgreich zu sein (z.B. um abzunehmen, aber auch in anderen Bereichen meines Lebens).<\/p><p>Durch die Hypnose mit Snjezana habe ich ein sehr interessantes Bild davon bekommen, was mich hier immer wieder zur\u00fcckh\u00e4lt, was mich blockiert und sich wie eine gro\u00dfe Fledermaus um mich gewickelt hat. Mit ihrer Hilfe war ich in der Lage, diese Blockade aufzul\u00f6sen und mich von ihr zu befreien. Dieses gute Gef\u00fchl, mit dem ich aus der Hypnose gekommen bin, manifestiert sich nun zunehmend in meinem Alltag.<\/p><p>Auch nach der Sitzung begleitete mich Snjezana durch die erste Zeit, um sicherzustellen, dass es mir gut geht und um mir zu zeigen, dass ich sie jederzeit ansprechen kann.<\/p><p>Ich f\u00fchlte mich von Snjezana w\u00e4hrend des gesamten Prozesses sehr gut begleitet und w\u00fcrde<br \/>jederzeit wieder eine Hypnosesitzung bei ihr machen.<\/p><p>Birgit<\/p>\t\t\t\t\t\t\t\t<\/div>\n\t\t\t\t<\/div>\n\t\t\t\t<\/div>\n\t\t\t\t\t<\/div>\n\t\t\t\t<\/div>\n\t\t<div class=\"elementor-element elementor-element-5cf1ad9 e-grid e-con-boxed e-con e-parent\" data-id=\"5cf1ad9\" data-element_type=\"container\" data-e-type=\"container\" data-settings=\"{&quot;background_background&quot;:&quot;classic&quot;}\">\n\t\t\t\t\t<div class=\"e-con-inner\">\n\t\t<div class=\"elementor-element elementor-element-b9ad4d4 e-con-full e-flex e-con e-child\" data-id=\"b9ad4d4\" data-element_type=\"container\" data-e-type=\"container\">\n\t\t\t\t<div class=\"elementor-element elementor-element-2cd32ea elementor-widget elementor-widget-text-editor\" data-id=\"2cd32ea\" data-element_type=\"widget\" data-e-type=\"widget\" data-widget_type=\"text-editor.default\">\n\t\t\t\t<div class=\"elementor-widget-container\">\n\t\t\t\t\t\t\t\t\t<p>Liebe Snjezana,<br \/>ich m\u00f6chte gerne ein weiteres Feedback zu der Hypnosesitzung mit dir teilen und ich bin immer noch begeistert von den Ergebnissen.<\/p><p>Ich m\u00f6chte nochmals betonen, dass ich mich w\u00e4hrend der gesamten Sitzung sehr wohl und sicher gef\u00fchlt habe. Wie du die Sitzung geleitet hast, hat mir geholfen, mich zu \u00f6ffnen und mich auf den Prozess einzulassen.<\/p><p>Die Hypnose hat definitiv eine Nachwirkung auf mich gehabt. Seit der Sitzung f\u00fchle ich eine sp\u00fcrbare Erleichterung und ein tieferes Verst\u00e4ndnis f\u00fcr meine Mutter.<\/p><p>Ich habe alte Wunden heilen k\u00f6nnen und f\u00fchle mich nun freier von den emotionalen Lasten, die mich fr\u00fcher belastet haben.<br \/>Diese Erleichterung hat sich auch in meinem Alltag bemerkbar gemacht. Ich gehe gelassener mit schwierigen Situationen um und f\u00fchle mich insgesamt zufriedener und ausgeglichener.<\/p><p>Besonders beeindruckend ist f\u00fcr mich, wie sich die Hypnose auf meine Beziehung ausgewirkt hat. Ich habe festgestellt, dass ich nun viel offener und kommunikativer bin, insbesondere wenn es darum geht, meine Bed\u00fcrfnisse und Gef\u00fchle meinem Partner gegen\u00fcber auszudr\u00fccken.<\/p><p>Insgesamt bin ich \u00e4u\u00dferst dankbar f\u00fcr diese Erfahrung und die positiven Ver\u00e4nderungen, die du in meinem Leben bewirkt hast.<\/p><p>Vielen Dank noch einmal f\u00fcr deine Unterst\u00fctzung und einf\u00fchlsame Begleitung w\u00e4hrend der Hypnosesitzung.<\/p><p>Iris<\/p>\t\t\t\t\t\t\t\t<\/div>\n\t\t\t\t<\/div>\n\t\t\t\t<\/div>\n\t\t\t\t\t<\/div>\n\t\t\t\t<\/div>\n\t\t<div class=\"elementor-element elementor-element-983bdf2 e-grid e-con-boxed e-con e-parent\" data-id=\"983bdf2\" data-element_type=\"container\" data-e-type=\"container\" data-settings=\"{&quot;background_background&quot;:&quot;classic&quot;}\">\n\t\t\t\t\t<div class=\"e-con-inner\">\n\t\t<div class=\"elementor-element elementor-element-698584a e-con-full e-flex e-con e-child\" data-id=\"698584a\" data-element_type=\"container\" data-e-type=\"container\">\n\t\t\t\t<div class=\"elementor-element elementor-element-7b52f3e elementor-widget elementor-widget-text-editor\" data-id=\"7b52f3e\" data-element_type=\"widget\" data-e-type=\"widget\" data-widget_type=\"text-editor.default\">\n\t\t\t\t<div class=\"elementor-widget-container\">\n\t\t\t\t\t\t\t\t\t<p>Die Hypnose mit Snje\u017eana war nicht meine erste Hypnose. Es war jedoch die am besten vorbereitete und durchgef\u00fchrte Hypnose.<\/p><p>\u00dcber das ausf\u00fchrliche Vorgespr\u00e4ch und die schriftlichen Informationen habe ich mich sehr professionell und pers\u00f6nlich abgeholt gef\u00fchlt. W\u00e4hrend der Hypnose habe ich mich sehr wohl und sicher gef\u00fchlt. Ein sehr entspannendes Erlebnis.<\/p><p>So gut wie danach habe ich schon lange nicht mehr geschlafen.<\/p><p>Auch im Anschluss war Snje\u017eana zuverl\u00e4ssig ansprechbar.<\/p><p>Mein Anliegen konnte in nur einer Sitzung gel\u00f6st werden.<\/p><p>Vielen Dank, liebe Snje\u017eana. Ich empfehle Dich sehr gerne weiter.\u2028\u2028<\/p><p>Bettina U.<\/p>\t\t\t\t\t\t\t\t<\/div>\n\t\t\t\t<\/div>\n\t\t\t\t<\/div>\n\t\t\t\t\t<\/div>\n\t\t\t\t<\/div>\n\t\t<div class=\"elementor-element elementor-element-7d74d47 e-grid e-con-boxed e-con e-parent\" data-id=\"7d74d47\" data-element_type=\"container\" data-e-type=\"container\" data-settings=\"{&quot;background_background&quot;:&quot;classic&quot;}\">\n\t\t\t\t\t<div class=\"e-con-inner\">\n\t\t<div class=\"elementor-element elementor-element-d4d9a3a e-con-full e-flex e-con e-child\" data-id=\"d4d9a3a\" data-element_type=\"container\" data-e-type=\"container\">\n\t\t\t\t<div class=\"elementor-element elementor-element-7124c6e elementor-widget elementor-widget-heading\" data-id=\"7124c6e\" data-element_type=\"widget\" data-e-type=\"widget\" data-widget_type=\"heading.default\">\n\t\t\t\t<div class=\"elementor-widget-container\">\n\t\t\t\t\t<h2 class=\"elementor-heading-title elementor-size-default\">Mehr Kundenrezensionen<\/h2>\t\t\t\t<\/div>\n\t\t\t\t<\/div>\n\t\t\t\t<\/div>\n\t\t<div class=\"elementor-element elementor-element-d68dc01 e-con-full e-flex e-con e-child\" data-id=\"d68dc01\" data-element_type=\"container\" data-e-type=\"container\">\n\t\t\t\t<div class=\"elementor-element elementor-element-dbdba0f elementor-widget elementor-widget-eael-creative-button\" data-id=\"dbdba0f\" data-element_type=\"widget\" data-e-type=\"widget\" data-widget_type=\"eael-creative-button.default\">\n\t\t\t\t<div class=\"elementor-widget-container\">\n\t\t\t\t\t        <div class=\"eael-creative-button-wrapper\">\n\n            <a class=\"eael-creative-button eael-creative-button--default eael-cb-icon-position-left\" href=\"https:\/\/bewusst-erschaffen.com\/rezensionen05\/\" data-text=\"\">\n            \t    \n                <div class=\"creative-button-inner\">\n\n                                            <span class=\"eael-creative-button-icon-left\"><svg xmlns=\"http:\/\/www.w3.org\/2000\/svg\" id=\"Ebene_2\" viewBox=\"0 0 100 100\"><defs><style>      .st0 {        fill: #ffb9a8;      }    <\/style><\/defs><path class=\"st0\" d=\"M12.2,49.8c0,19.5,15.8,35.3,35.3,35.3s35.3-15.8,35.3-35.3c0-19.5-15.8-35.3-35.3-35.3S12.2,30.3,12.2,49.8ZM14.4,49.8c0-18.3,14.8-33,33-33s33,14.8,33,33c0,18.3-14.8,33-33,33S14.4,68,14.4,49.8Z\"><\/path><polygon class=\"st0\" points=\"47.5 25.7 22.5 49.7 47.5 73.8 50.1 71.1 29.9 51.6 72.4 51.6 72.4 47.9 30.2 47.9 50.1 28.2 47.5 25.7\"><\/polygon><\/svg><\/span>                    \n                    <span class=\"cretive-button-text\">Zur\u00fcck<\/span>\n\n                                    <\/div>\n\t                        <\/a>\n        <\/div>\n        \t\t\t\t<\/div>\n\t\t\t\t<\/div>\n\t\t\t\t<div class=\"elementor-element elementor-element-f865a28 elementor-widget elementor-widget-eael-creative-button\" data-id=\"f865a28\" data-element_type=\"widget\" data-e-type=\"widget\" data-widget_type=\"eael-creative-button.default\">\n\t\t\t\t<div class=\"elementor-widget-container\">\n\t\t\t\t\t        <div class=\"eael-creative-button-wrapper\">\n\n            <a class=\"eael-creative-button eael-creative-button--default eael-cb-icon-position-right\" href=\"https:\/\/bewusst-erschaffen.com\/rezensionen07\/\" data-text=\"\">\n            \t    \n                <div class=\"creative-button-inner\">\n\n                    \n                    <span class=\"cretive-button-text\">Vor<\/span>\n\n                                            <span class=\"eael-creative-button-icon-right\"><svg xmlns=\"http:\/\/www.w3.org\/2000\/svg\" id=\"Ebene_2\" viewBox=\"0 0 100 100\"><defs><style>      .st0 {        fill: #ffb9a8;      }    <\/style><\/defs><path class=\"st0\" d=\"M47.4,14.5c-19.5,0-35.3,15.8-35.3,35.3s15.8,35.3,35.3,35.3,35.3-15.8,35.3-35.3S66.9,14.5,47.4,14.5ZM47.4,82.8c-18.3,0-33-14.8-33-33S29.2,16.7,47.4,16.7s33,14.8,33,33-14.8,33-33,33Z\"><\/path><polygon class=\"st0\" points=\"47.4 25.7 72.4 49.7 47.4 73.8 44.8 71.1 64.9 51.6 22.5 51.6 22.5 47.9 64.7 47.9 44.8 28.2 47.4 25.7\"><\/polygon><\/svg><\/span>                                    <\/div>\n\t                        <\/a>\n        <\/div>\n        \t\t\t\t<\/div>\n\t\t\t\t<\/div>\n\t\t\t\t<\/div>\n\t\t\t\t\t<\/div>\n\t\t\t\t<\/div>\n\t\t\t\t<\/div>\n\t\t","protected":false},"excerpt":{"rendered":"<p>Kundenrezensionen Seite 6\/8 Da der Schutz Ihrer Privatsph\u00e4re f\u00fcr mich h\u00f6chste Priorit\u00e4t hat, bitte ich meine Klientinnen und Klienten, ihre Rezensionen mit ihrem Vornamen, einem Pseudonym oder nur mit Initialen zu unterzeichnen. Snje\u017eanas Begeisterung, welche Blockaden sich durch ihre Hypnose l\u00f6sen lassen w\u00fcrden, war f\u00fcr mich so ansteckend, dass ich es direkt ausprobierte. Ich hatte [&hellip;]<\/p>\n","protected":false},"author":1,"featured_media":0,"parent":0,"menu_order":0,"comment_status":"closed","ping_status":"closed","template":"elementor_header_footer","meta":{"footnotes":""},"class_list":["post-886","page","type-page","status-publish","hentry"],"_links":{"self":[{"href":"https:\/\/bewusst-erschaffen.com\/start\/wp-json\/wp\/v2\/pages\/886","targetHints":{"allow":["GET"]}}],"collection":[{"href":"https:\/\/bewusst-erschaffen.com\/start\/wp-json\/wp\/v2\/pages"}],"about":[{"href":"https:\/\/bewusst-erschaffen.com\/start\/wp-json\/wp\/v2\/types\/page"}],"author":[{"embeddable":true,"href":"https:\/\/bewusst-erschaffen.com\/start\/wp-json\/wp\/v2\/users\/1"}],"replies":[{"embeddable":true,"href":"https:\/\/bewusst-erschaffen.com\/start\/wp-json\/wp\/v2\/comments?post=886"}],"version-history":[{"count":28,"href":"https:\/\/bewusst-erschaffen.com\/start\/wp-json\/wp\/v2\/pages\/886\/revisions"}],"predecessor-version":[{"id":1944,"href":"https:\/\/bewusst-erschaffen.com\/start\/wp-json\/wp\/v2\/pages\/886\/revisions\/1944"}],"wp:attachment":[{"href":"https:\/\/bewusst-erschaffen.com\/start\/wp-json\/wp\/v2\/media?parent=886"}],"curies":[{"name":"wp","href":"https:\/\/api.w.org\/{rel}","templated":true}]}}