{"id":894,"date":"2025-04-08T13:40:11","date_gmt":"2025-04-08T13:40:11","guid":{"rendered":"https:\/\/bewusst-erschaffen.com\/?page_id=894"},"modified":"2025-05-03T14:48:58","modified_gmt":"2025-05-03T14:48:58","slug":"rezensionen07","status":"publish","type":"page","link":"https:\/\/bewusst-erschaffen.com\/start\/rezensionen07\/","title":{"rendered":"Rezensionen07"},"content":{"rendered":"\t\t<div data-elementor-type=\"wp-post\" data-elementor-id=\"894\" class=\"elementor elementor-894\" data-elementor-post-type=\"page\">\n\t\t\t\t<div class=\"elementor-element elementor-element-dbb6bd7 e-grid e-con-boxed e-con e-parent\" data-id=\"dbb6bd7\" data-element_type=\"container\" data-e-type=\"container\" data-settings=\"{&quot;background_background&quot;:&quot;classic&quot;}\">\n\t\t\t\t\t<div class=\"e-con-inner\">\n\t\t<div class=\"elementor-element elementor-element-fc58b98 e-con-full e-grid e-con e-child\" data-id=\"fc58b98\" data-element_type=\"container\" data-e-type=\"container\">\n\t\t\t\t<div class=\"elementor-element elementor-element-5db82e9 elementor-widget elementor-widget-heading\" data-id=\"5db82e9\" data-element_type=\"widget\" data-e-type=\"widget\" data-widget_type=\"heading.default\">\n\t\t\t\t<div class=\"elementor-widget-container\">\n\t\t\t\t\t<h2 class=\"elementor-heading-title elementor-size-default\"><a href=\"https:\/\/bewusst-erschaffen.com\/rezensionen01\/\">Kundenrezensionen<\/a><\/h2>\t\t\t\t<\/div>\n\t\t\t\t<\/div>\n\t\t\t\t<div class=\"elementor-element elementor-element-1a57611 elementor-widget elementor-widget-text-editor\" data-id=\"1a57611\" data-element_type=\"widget\" data-e-type=\"widget\" data-widget_type=\"text-editor.default\">\n\t\t\t\t<div class=\"elementor-widget-container\">\n\t\t\t\t\t\t\t\t\t<p style=\"text-align: right;\">Seite 7\/8<\/p>\t\t\t\t\t\t\t\t<\/div>\n\t\t\t\t<\/div>\n\t\t\t\t<\/div>\n\t\t<div class=\"elementor-element elementor-element-9aaf2ac e-con-full e-flex e-con e-child\" data-id=\"9aaf2ac\" data-element_type=\"container\" data-e-type=\"container\">\n\t\t\t\t<div class=\"elementor-element elementor-element-5610951 elementor-widget elementor-widget-text-editor\" data-id=\"5610951\" data-element_type=\"widget\" data-e-type=\"widget\" data-widget_type=\"text-editor.default\">\n\t\t\t\t<div class=\"elementor-widget-container\">\n\t\t\t\t\t\t\t\t\t<p>Da der Schutz Ihrer Privatsph\u00e4re f\u00fcr mich h\u00f6chste Priorit\u00e4t hat, bitte ich meine Klientinnen und Klienten, ihre Rezensionen mit ihrem Vornamen, einem Pseudonym oder nur mit Initialen zu unterzeichnen.<\/p>\t\t\t\t\t\t\t\t<\/div>\n\t\t\t\t<\/div>\n\t\t\t\t<\/div>\n\t\t\t\t\t<\/div>\n\t\t\t\t<\/div>\n\t\t<div class=\"elementor-element elementor-element-fe44d4c e-grid e-con-boxed e-con e-parent\" data-id=\"fe44d4c\" data-element_type=\"container\" data-e-type=\"container\" data-settings=\"{&quot;background_background&quot;:&quot;classic&quot;}\">\n\t\t\t\t\t<div class=\"e-con-inner\">\n\t\t<div class=\"elementor-element elementor-element-77862a7 e-con-full e-flex e-con e-child\" data-id=\"77862a7\" data-element_type=\"container\" data-e-type=\"container\">\n\t\t\t\t<div class=\"elementor-element elementor-element-be60a07 elementor-widget elementor-widget-text-editor\" data-id=\"be60a07\" data-element_type=\"widget\" data-e-type=\"widget\" data-widget_type=\"text-editor.default\">\n\t\t\t\t<div class=\"elementor-widget-container\">\n\t\t\t\t\t\t\t\t\t<p>Ich habe Snjezana um Hilfe gebeten, um einer bevorstehenden Pr\u00fcfung gelassener entgegenzusehen.<\/p><p>Snjezana hat mit mir eine PEP-Klopftherapie durchgef\u00fchrt, um mir meine \u00c4ngste zu nehmen und mich positiv und optimistisch auf die Pr\u00fcfung blicken zu lassen.<\/p><p>Gemeinsam haben wir meine hervorstechenden Angstgedanken und ihre Hintergr\u00fcnde erarbeitet und Krafts\u00e4tze entwickelt, die sich f\u00fcr mich richtig anf\u00fchlen. Mit Hilfe der Klopftechnik haben wir aufkommende Zweifel verschwinden lassen.<\/p><p>Snjezana hat sich viel Zeit genommen, um meine \u00c4ngste in Bezug auf die Pr\u00fcfung aus allen Perspektiven zu analysieren.<br \/>Besonders beeindruckend war f\u00fcr mich, wie schnell die in mir aufkommenden Zweifel nach dem Klopfen der spezifischen Punkte am K\u00f6rper in kurzer Zeit nicht mehr und nur noch minimal sp\u00fcrbar waren.<\/p><p>Am Ende der Sitzung war ich deutlich gelassener beim Gedanken an die Pr\u00fcfung, so wie wir es am Anfang auch als Ziel festgelegt hatten.<\/p><p>Die wichtigsten S\u00e4tze und \u00dcbungen f\u00fcr mich hat Snjezana mir anschlie\u00dfend noch einmal schriftlich zur Verf\u00fcgung gestellt, so dass ich damit weiter \u00fcben kann.<\/p><p>Ich mag Snjezanas offene, herzliche Art und ihre Begeisterung und Leidenschaft, mit der sie ihre Arbeit macht. Ich habe mich die ganze Zeit \u00fcber sehr gut aufgehoben gef\u00fchlt bei ihr und w\u00fcrde mich jederzeit wieder mit einem schwierigen Thema an sie wenden!<\/p><p>Liebe Gr\u00fc\u00dfe<br \/>Lena<\/p>\t\t\t\t\t\t\t\t<\/div>\n\t\t\t\t<\/div>\n\t\t\t\t<\/div>\n\t\t\t\t\t<\/div>\n\t\t\t\t<\/div>\n\t\t<div class=\"elementor-element elementor-element-3766924 e-grid e-con-boxed e-con e-parent\" data-id=\"3766924\" data-element_type=\"container\" data-e-type=\"container\" data-settings=\"{&quot;background_background&quot;:&quot;classic&quot;}\">\n\t\t\t\t\t<div class=\"e-con-inner\">\n\t\t<div class=\"elementor-element elementor-element-dfbe796 e-con-full e-flex e-con e-child\" data-id=\"dfbe796\" data-element_type=\"container\" data-e-type=\"container\">\n\t\t\t\t<div class=\"elementor-element elementor-element-0112c24 elementor-widget elementor-widget-text-editor\" data-id=\"0112c24\" data-element_type=\"widget\" data-e-type=\"widget\" data-widget_type=\"text-editor.default\">\n\t\t\t\t<div class=\"elementor-widget-container\">\n\t\t\t\t\t\t\t\t\t<p>Ich kann wirklich jedem empfehlen, eine Hypnose mit dir zu machen; vor allem Personen, die mit tief sitzenden \u00c4ngsten und Unsicherheiten zu k\u00e4mpfen haben.\u2028\u2028Du hast eine ganz tolle Art und bist mit so viel Begeisterung bei deiner Arbeit. Bereits bei dem Vorbereitungstermin vor der ersten Hypnose habe ich mich so gut abgeholt und vorbereitet gef\u00fchlt und hatte schon sehr viele \u201eAha-Momente\u201c- und das obwohl ich selbst als Coach arbeite\u2026\u2028\u2028Ich hab mich in den Hypnose-Sessions sehr wohl gef\u00fchlt. Du hast mir den ganzen Raum und die Zeit gegeben, die ich brauchte um ins F\u00fchlen und Sehen zu kommen und mich wirklich der Hypnose hinzugeben. Es war sehr intensiv! Ich hatte das Gef\u00fchl, dass ich viel Last abgeben und hinter mir lassen konnte. Ich habe Tage sp\u00e4ter noch gemerkt, wie es innerlich gearbeitet hat, beziehungsweise die Erlebnisse aus der Hypnose verarbeitet wurden.<br \/>\u00a0<br \/>Seit unserer Hypnose ist mein Sicherheitsgef\u00fchl wirklich deutlich gestiegen. Die Angst\/Panikmomente sind in der vorherigen Form nicht mehr vorhanden! Wenn Unsicherheit hochkommt, kann ich diese sehr schell einfangen und sie breitet sich nicht mehr aus. Ich wei\u00df nicht, was ich die letzten Monate ohne deine Unterst\u00fctzung gemacht h\u00e4tte. Wirklich tausend Dank!!<br \/>\u00a0<br \/>Carolin<\/p>\t\t\t\t\t\t\t\t<\/div>\n\t\t\t\t<\/div>\n\t\t\t\t<\/div>\n\t\t\t\t\t<\/div>\n\t\t\t\t<\/div>\n\t\t<div class=\"elementor-element elementor-element-c56ac56 e-grid e-con-boxed e-con e-parent\" data-id=\"c56ac56\" data-element_type=\"container\" data-e-type=\"container\" data-settings=\"{&quot;background_background&quot;:&quot;classic&quot;}\">\n\t\t\t\t\t<div class=\"e-con-inner\">\n\t\t<div class=\"elementor-element elementor-element-00b46e8 e-con-full e-flex e-con e-child\" data-id=\"00b46e8\" data-element_type=\"container\" data-e-type=\"container\">\n\t\t\t\t<div class=\"elementor-element elementor-element-80fad8b elementor-widget elementor-widget-text-editor\" data-id=\"80fad8b\" data-element_type=\"widget\" data-e-type=\"widget\" data-widget_type=\"text-editor.default\">\n\t\t\t\t<div class=\"elementor-widget-container\">\n\t\t\t\t\t\t\t\t\t<p>Seit ich vor fast 4 Jahren meinen ersten Sohn zur Welt brachte, sp\u00fcre ich Kr\u00e4mpfe, Unruhe und Wut in meinem K\u00f6rper. Vor anderthalb Jahren begann ich eine Psychotherapie bei einem Therapeuten (Transaktionsanalyse). Obwohl sich mein Zustand etwas verbessert hat, habe ich mein Problem nicht gel\u00f6st, und die Kr\u00e4mpfe und Unruhe waren weiterhin vorhanden.<br \/><br \/>Ich nahm Kontakt zu Snje\u017eana auf, die eine detaillierte Anamnese durchf\u00fchrte. Zuerst arbeiteten wir mit der PEP-Technik, die mir sehr geholfen hat, mit dem t\u00e4glichen Stress umzugehen. Doch nach einer Sitzung mit Hypnose fanden wir die Ursache des Problems. Am Tag nach der Hypnose bemerkte ich, dass die Kr\u00e4mpfe und die Unruhe in meinem K\u00f6rper verschwunden waren. Meine H\u00e4nde wurden endlich &#8222;frei&#8220;, von den Kr\u00e4mpfen befreit. Zum ersten Mal in diesen 4 Jahren f\u00fchle ich mich entspannt und sicher und kann endlich gemeinsame Zeit mit meinen Kindern genie\u00dfen, ohne jede Sekunde Angst zu haben.<br \/><br \/>Ich kann Snje\u017eana nur w\u00e4rmstens empfehlen! Sie ist sehr professionell, kompetent, freundlich und beruhigend. W\u00e4hrend des Gespr\u00e4chs und der Hypnosesitzungen habe ich mich immer sicher, verstanden und akzeptiert gef\u00fchlt. Ich konnte mich ihr frei und ehrlich \u00f6ffnen und mich vertrauensvoll fallen lassen, ohne auch nur einen Moment an ihrem Talent, ihrer Expertise und ihrem Wissen zu zweifeln.<br \/><br \/>N.S.<br \/><br \/>Originaltext: Otkad sam rodila prvog sina, prije skoro 4 godine, osjecam grc, nemir i bijes u tijelu. Prije godinu i po dana sam krenula na psihoterapiju kod jednog psihoterapeuta (transakciona terapija). Iako se stanje malo popravilo, nisam rijesila svoj problem i grc i nemir su i dalje bili tu. Stupila sam u kontakt sa Snjezanom, pri cemu mi je uzela detaljnu anamnezu. Prvo smo radili PEP tehniku, koja mi je mnogo pomogla da se izborim sa svakodnevnim stresom. Medjutim, nakon jedne seanse hipnoze, pronasli smo uzrok problema. Dan nakon hipnoze sam primijetila da su grc i nemir u tijelu nestali. Ruke su mi konacno postale &#8222;slobodne&#8220;, oslobodjene grca. Prvi put za ove 4 godine se osjecam opusteno i sigurno i konacno mogu da uzivam sa svojom djecom i da ne strahujem svake sekunde. Sve preporuke za Snjezanu! Veoma je profesionalna, strucna, prijatna i smirujuca. U svakom momentu, tokom razgovora i tokom seansi hipnoze, osjecala sam se sigurno, shvaceno i prihvaceno. Mogla sam slobodno i iskreno da joj se otvorim i prepustim, nijednog momenta ne sumnjajuci u njen talenat za ovaj poziv, njenu strucnost i znanje.<\/p>\t\t\t\t\t\t\t\t<\/div>\n\t\t\t\t<\/div>\n\t\t\t\t<\/div>\n\t\t\t\t\t<\/div>\n\t\t\t\t<\/div>\n\t\t<div class=\"elementor-element elementor-element-5cf1ad9 e-grid e-con-boxed e-con e-parent\" data-id=\"5cf1ad9\" data-element_type=\"container\" data-e-type=\"container\" data-settings=\"{&quot;background_background&quot;:&quot;classic&quot;}\">\n\t\t\t\t\t<div class=\"e-con-inner\">\n\t\t<div class=\"elementor-element elementor-element-b9ad4d4 e-con-full e-flex e-con e-child\" data-id=\"b9ad4d4\" data-element_type=\"container\" data-e-type=\"container\">\n\t\t\t\t<div class=\"elementor-element elementor-element-2cd32ea elementor-widget elementor-widget-text-editor\" data-id=\"2cd32ea\" data-element_type=\"widget\" data-e-type=\"widget\" data-widget_type=\"text-editor.default\">\n\t\t\t\t<div class=\"elementor-widget-container\">\n\t\t\t\t\t\t\t\t\t<p>\u201eAngst humorvoll weggeklopft\u201c<\/p><p>Ich bedanke mich von ganzem Herzen bei Snjezana Tjaden.<\/p><p>Mit der Technik des Klopfens PEP nach Dr. Bohne hat sie es innerhalb einer Sitzung geschafft, mir meine Pr\u00fcfungsangst zu nehmen.<\/p><p>Ich bin sehr begeistert von der schnellen Wirksamkeit dieser Methode und von der Professionalit\u00e4t und dem hohen Ma\u00df der Empathie von Snjezana.<\/p><p>Renate S. aus Stuttgart<\/p>\t\t\t\t\t\t\t\t<\/div>\n\t\t\t\t<\/div>\n\t\t\t\t<\/div>\n\t\t\t\t\t<\/div>\n\t\t\t\t<\/div>\n\t\t<div class=\"elementor-element elementor-element-983bdf2 e-grid e-con-boxed e-con e-parent\" data-id=\"983bdf2\" data-element_type=\"container\" data-e-type=\"container\" data-settings=\"{&quot;background_background&quot;:&quot;classic&quot;}\">\n\t\t\t\t\t<div class=\"e-con-inner\">\n\t\t<div class=\"elementor-element elementor-element-698584a e-con-full e-flex e-con e-child\" data-id=\"698584a\" data-element_type=\"container\" data-e-type=\"container\">\n\t\t\t\t<div class=\"elementor-element elementor-element-7b52f3e elementor-widget elementor-widget-text-editor\" data-id=\"7b52f3e\" data-element_type=\"widget\" data-e-type=\"widget\" data-widget_type=\"text-editor.default\">\n\t\t\t\t<div class=\"elementor-widget-container\">\n\t\t\t\t\t\t\t\t\t<p>Liebe Snje\u017eana,\u2028\u2028<\/p><p>Mir geht es weiterhin sehr gut und ich kann mit Gewissheit sagen, dass die Hypnose grundlegend bei mir positiv gewirkt hat.\u2028<\/p><p>Das Loslassen steht immer noch zentral im Mittelpunkt. Es f\u00e4llt mir wesentlich leichter als fr\u00fcher. Zugleich f\u00fchle ich mich klarer und die Dinge scheinen einfacher zu sein.\u2028<\/p><p>Was ich noch beobachtet habe, ist, dass ich mich vollst\u00e4ndiger f\u00fchle. Als ob vorher etwas gefehlt hat.\u2028<\/p><p>Dadurch bin ich nochmal mehr mit selbst zufriedener und greife nicht mehr so viel ins Au\u00dfen wie fr\u00fcher.\u2028<\/p><p>Des Weiteren f\u00fchle ich mich bei Frauen deutlich wohler als vorher und ich habe auch den Eindruck, dass sie sich bei mir nochmal wohler f\u00fchlen. \u2028<\/p><p>Meine Mutter meinte w\u00e4hrend des Urlaubs, dass ich im positiven Sinne deutlich ruhiger geworden bin. \u2028<\/p><p>So eine lange harmonische Zeit habe ich noch nie mit meinen Eltern verbracht.\u2028<\/p><p>Alles in allem bin ich sehr zufrieden.\u2028<\/p><p>Ich bin mir sicher, dass du eine wundervolle Arbeit machst und viele Menschen auf ihrem Weg unterst\u00fctzen kannst.<\/p><p>Snje\u017eana ist eine sehr empathische und begabte Frau, die mir meine anf\u00e4ngliche Unsicherheit schnell aufgrund ihrer sympathischen und wohlwollenden Art nehmen konnte. Sie hat mich kompetent und vertrauensvoll durch den Prozess begleitet. Ich wei\u00df ihre Arbeit sehr zu sch\u00e4tzen und w\u00fcrde jederzeit wieder mit ihr zusammenarbeiten.\u2028\u2028<\/p><p>Liebe Gr\u00fc\u00dfe\u2028<br \/>Sean<\/p>\t\t\t\t\t\t\t\t<\/div>\n\t\t\t\t<\/div>\n\t\t\t\t<\/div>\n\t\t\t\t\t<\/div>\n\t\t\t\t<\/div>\n\t\t<div class=\"elementor-element elementor-element-7d74d47 e-grid e-con-boxed e-con e-parent\" data-id=\"7d74d47\" data-element_type=\"container\" data-e-type=\"container\" data-settings=\"{&quot;background_background&quot;:&quot;classic&quot;}\">\n\t\t\t\t\t<div class=\"e-con-inner\">\n\t\t<div class=\"elementor-element elementor-element-d4d9a3a e-con-full e-flex e-con e-child\" data-id=\"d4d9a3a\" data-element_type=\"container\" data-e-type=\"container\">\n\t\t\t\t<div class=\"elementor-element elementor-element-7124c6e elementor-widget elementor-widget-heading\" data-id=\"7124c6e\" data-element_type=\"widget\" data-e-type=\"widget\" data-widget_type=\"heading.default\">\n\t\t\t\t<div class=\"elementor-widget-container\">\n\t\t\t\t\t<h2 class=\"elementor-heading-title elementor-size-default\">Mehr Kundenrezensionen<\/h2>\t\t\t\t<\/div>\n\t\t\t\t<\/div>\n\t\t\t\t<\/div>\n\t\t<div class=\"elementor-element elementor-element-d68dc01 e-con-full e-flex e-con e-child\" data-id=\"d68dc01\" data-element_type=\"container\" data-e-type=\"container\">\n\t\t\t\t<div class=\"elementor-element elementor-element-dbdba0f elementor-widget elementor-widget-eael-creative-button\" data-id=\"dbdba0f\" data-element_type=\"widget\" data-e-type=\"widget\" data-widget_type=\"eael-creative-button.default\">\n\t\t\t\t<div class=\"elementor-widget-container\">\n\t\t\t\t\t        <div class=\"eael-creative-button-wrapper\">\n\n            <a class=\"eael-creative-button eael-creative-button--default eael-cb-icon-position-left\" href=\"https:\/\/bewusst-erschaffen.com\/rezensionen06\/\" data-text=\"\">\n            \t    \n                <div class=\"creative-button-inner\">\n\n                                            <span class=\"eael-creative-button-icon-left\"><svg xmlns=\"http:\/\/www.w3.org\/2000\/svg\" id=\"Ebene_2\" viewBox=\"0 0 100 100\"><defs><style>      .st0 {        fill: #ffb9a8;      }    <\/style><\/defs><path class=\"st0\" d=\"M12.2,49.8c0,19.5,15.8,35.3,35.3,35.3s35.3-15.8,35.3-35.3c0-19.5-15.8-35.3-35.3-35.3S12.2,30.3,12.2,49.8ZM14.4,49.8c0-18.3,14.8-33,33-33s33,14.8,33,33c0,18.3-14.8,33-33,33S14.4,68,14.4,49.8Z\"><\/path><polygon class=\"st0\" points=\"47.5 25.7 22.5 49.7 47.5 73.8 50.1 71.1 29.9 51.6 72.4 51.6 72.4 47.9 30.2 47.9 50.1 28.2 47.5 25.7\"><\/polygon><\/svg><\/span>                    \n                    <span class=\"cretive-button-text\">Zur\u00fcck<\/span>\n\n                                    <\/div>\n\t                        <\/a>\n        <\/div>\n        \t\t\t\t<\/div>\n\t\t\t\t<\/div>\n\t\t\t\t<div class=\"elementor-element elementor-element-f865a28 elementor-widget elementor-widget-eael-creative-button\" data-id=\"f865a28\" data-element_type=\"widget\" data-e-type=\"widget\" data-widget_type=\"eael-creative-button.default\">\n\t\t\t\t<div class=\"elementor-widget-container\">\n\t\t\t\t\t        <div class=\"eael-creative-button-wrapper\">\n\n            <a class=\"eael-creative-button eael-creative-button--default eael-cb-icon-position-right\" href=\"https:\/\/bewusst-erschaffen.com\/rezensionen08\/\" data-text=\"\">\n            \t    \n                <div class=\"creative-button-inner\">\n\n                    \n                    <span class=\"cretive-button-text\">Vor<\/span>\n\n                                            <span class=\"eael-creative-button-icon-right\"><svg xmlns=\"http:\/\/www.w3.org\/2000\/svg\" id=\"Ebene_2\" viewBox=\"0 0 100 100\"><defs><style>      .st0 {        fill: #ffb9a8;      }    <\/style><\/defs><path class=\"st0\" d=\"M47.4,14.5c-19.5,0-35.3,15.8-35.3,35.3s15.8,35.3,35.3,35.3,35.3-15.8,35.3-35.3S66.9,14.5,47.4,14.5ZM47.4,82.8c-18.3,0-33-14.8-33-33S29.2,16.7,47.4,16.7s33,14.8,33,33-14.8,33-33,33Z\"><\/path><polygon class=\"st0\" points=\"47.4 25.7 72.4 49.7 47.4 73.8 44.8 71.1 64.9 51.6 22.5 51.6 22.5 47.9 64.7 47.9 44.8 28.2 47.4 25.7\"><\/polygon><\/svg><\/span>                                    <\/div>\n\t                        <\/a>\n        <\/div>\n        \t\t\t\t<\/div>\n\t\t\t\t<\/div>\n\t\t\t\t<\/div>\n\t\t\t\t\t<\/div>\n\t\t\t\t<\/div>\n\t\t\t\t<\/div>\n\t\t","protected":false},"excerpt":{"rendered":"<p>Kundenrezensionen Seite 7\/8 Da der Schutz Ihrer Privatsph\u00e4re f\u00fcr mich h\u00f6chste Priorit\u00e4t hat, bitte ich meine Klientinnen und Klienten, ihre Rezensionen mit ihrem Vornamen, einem Pseudonym oder nur mit Initialen zu unterzeichnen. Ich habe Snjezana um Hilfe gebeten, um einer bevorstehenden Pr\u00fcfung gelassener entgegenzusehen. Snjezana hat mit mir eine PEP-Klopftherapie durchgef\u00fchrt, um mir meine \u00c4ngste [&hellip;]<\/p>\n","protected":false},"author":1,"featured_media":0,"parent":0,"menu_order":0,"comment_status":"closed","ping_status":"closed","template":"elementor_header_footer","meta":{"footnotes":""},"class_list":["post-894","page","type-page","status-publish","hentry"],"_links":{"self":[{"href":"https:\/\/bewusst-erschaffen.com\/start\/wp-json\/wp\/v2\/pages\/894","targetHints":{"allow":["GET"]}}],"collection":[{"href":"https:\/\/bewusst-erschaffen.com\/start\/wp-json\/wp\/v2\/pages"}],"about":[{"href":"https:\/\/bewusst-erschaffen.com\/start\/wp-json\/wp\/v2\/types\/page"}],"author":[{"embeddable":true,"href":"https:\/\/bewusst-erschaffen.com\/start\/wp-json\/wp\/v2\/users\/1"}],"replies":[{"embeddable":true,"href":"https:\/\/bewusst-erschaffen.com\/start\/wp-json\/wp\/v2\/comments?post=894"}],"version-history":[{"count":37,"href":"https:\/\/bewusst-erschaffen.com\/start\/wp-json\/wp\/v2\/pages\/894\/revisions"}],"predecessor-version":[{"id":1947,"href":"https:\/\/bewusst-erschaffen.com\/start\/wp-json\/wp\/v2\/pages\/894\/revisions\/1947"}],"wp:attachment":[{"href":"https:\/\/bewusst-erschaffen.com\/start\/wp-json\/wp\/v2\/media?parent=894"}],"curies":[{"name":"wp","href":"https:\/\/api.w.org\/{rel}","templated":true}]}}