{"id":911,"date":"2025-04-08T13:44:34","date_gmt":"2025-04-08T13:44:34","guid":{"rendered":"https:\/\/bewusst-erschaffen.com\/?page_id=911"},"modified":"2025-05-03T14:49:26","modified_gmt":"2025-05-03T14:49:26","slug":"rezensionen08","status":"publish","type":"page","link":"https:\/\/bewusst-erschaffen.com\/start\/rezensionen08\/","title":{"rendered":"Rezensionen08"},"content":{"rendered":"\t\t<div data-elementor-type=\"wp-post\" data-elementor-id=\"911\" class=\"elementor elementor-911\" data-elementor-post-type=\"page\">\n\t\t\t\t<div class=\"elementor-element elementor-element-dbb6bd7 e-grid e-con-boxed e-con e-parent\" data-id=\"dbb6bd7\" data-element_type=\"container\" data-e-type=\"container\" data-settings=\"{&quot;background_background&quot;:&quot;classic&quot;}\">\n\t\t\t\t\t<div class=\"e-con-inner\">\n\t\t<div class=\"elementor-element elementor-element-fc58b98 e-con-full e-grid e-con e-child\" data-id=\"fc58b98\" data-element_type=\"container\" data-e-type=\"container\">\n\t\t\t\t<div class=\"elementor-element elementor-element-5db82e9 elementor-widget elementor-widget-heading\" data-id=\"5db82e9\" data-element_type=\"widget\" data-e-type=\"widget\" data-widget_type=\"heading.default\">\n\t\t\t\t<div class=\"elementor-widget-container\">\n\t\t\t\t\t<h2 class=\"elementor-heading-title elementor-size-default\"><a href=\"https:\/\/bewusst-erschaffen.com\/rezensionen01\/\">Kundenrezensionen<\/a><\/h2>\t\t\t\t<\/div>\n\t\t\t\t<\/div>\n\t\t\t\t<div class=\"elementor-element elementor-element-1a57611 elementor-widget elementor-widget-text-editor\" data-id=\"1a57611\" data-element_type=\"widget\" data-e-type=\"widget\" data-widget_type=\"text-editor.default\">\n\t\t\t\t<div class=\"elementor-widget-container\">\n\t\t\t\t\t\t\t\t\t<p style=\"text-align: right;\">Seite 8\/8<\/p>\t\t\t\t\t\t\t\t<\/div>\n\t\t\t\t<\/div>\n\t\t\t\t<\/div>\n\t\t<div class=\"elementor-element elementor-element-7386d0c e-con-full e-flex e-con e-child\" data-id=\"7386d0c\" data-element_type=\"container\" data-e-type=\"container\">\n\t\t\t\t<div class=\"elementor-element elementor-element-0a44e5a elementor-widget elementor-widget-text-editor\" data-id=\"0a44e5a\" data-element_type=\"widget\" data-e-type=\"widget\" data-widget_type=\"text-editor.default\">\n\t\t\t\t<div class=\"elementor-widget-container\">\n\t\t\t\t\t\t\t\t\t<p>Da der Schutz Ihrer Privatsph\u00e4re f\u00fcr mich h\u00f6chste Priorit\u00e4t hat, bitte ich meine Klientinnen und Klienten, ihre Rezensionen mit ihrem Vornamen, einem Pseudonym oder nur mit Initialen zu unterzeichnen.<\/p>\t\t\t\t\t\t\t\t<\/div>\n\t\t\t\t<\/div>\n\t\t\t\t<\/div>\n\t\t\t\t\t<\/div>\n\t\t\t\t<\/div>\n\t\t<div class=\"elementor-element elementor-element-fe44d4c e-grid e-con-boxed e-con e-parent\" data-id=\"fe44d4c\" data-element_type=\"container\" data-e-type=\"container\" data-settings=\"{&quot;background_background&quot;:&quot;classic&quot;}\">\n\t\t\t\t\t<div class=\"e-con-inner\">\n\t\t<div class=\"elementor-element elementor-element-77862a7 e-con-full e-flex e-con e-child\" data-id=\"77862a7\" data-element_type=\"container\" data-e-type=\"container\">\n\t\t\t\t<div class=\"elementor-element elementor-element-be60a07 elementor-widget elementor-widget-text-editor\" data-id=\"be60a07\" data-element_type=\"widget\" data-e-type=\"widget\" data-widget_type=\"text-editor.default\">\n\t\t\t\t<div class=\"elementor-widget-container\">\n\t\t\t\t\t\t\t\t\t<p>Nach zwei PEP-Session:<\/p><p>Ich bin fokussierter auf die Zukunft, und auf das, was wichtig ist. Ich wei\u00df, was ich will und wei\u00df zum ersten Mal in meinem Leben, wo es lang geht.<\/p><p>Mein Selbstwert ist gestiegen \u2013 ich f\u00fchle mich von den Menschen mehr gesehen, mehr wahrgenommen. Ich bin ausgerichteter und souver\u00e4ner.<\/p><p>Ich prokrastiniere sehr selten. Ich bleibe beim Thema, schweife nicht ab.<\/p><p>Ich stehe mehr f\u00fcr mich ein, ich erkenne, wann meine Grenzen \u00fcberschritten werden und setze ein Stopp-Schild. Wenn mir etwas nicht passt, sage ich deutlich schneller \u201enein\u201c, ohne direkt Angst zu haben.<\/p><p>Ich wei\u00df jetzt wirklich, was ich will, mein Potenzial darf sich entfalten. Ich merke die Power und Energie in mir.<\/p><p>Auch die Leute geben mir das Feedback, dass ich strahle.<\/p><p>Meine M\u00fcdigkeit, Ohnmachtsgef\u00fchle und leichte depressive Verstimmungen sind nicht mehr da.<\/p><p>Das Leben ist leichter, sch\u00f6ner, gehaltvoller, wertvoller.<\/p><p>Ich bin so dankbar, voller Demut, dass Snjezana mich begleitet hat und sich dadurch meine Sch\u00e4tze ans Tageslicht geholt worden sind.<\/p><p>Alles ist wirklich in uns, es geht um gesehen und wertgesch\u00e4tzt zu werden, damit alles bl\u00fchen kann.<\/p><p>Herzlichen Dank und gro\u00dfen Respekt gilt der zugewandten Arbeitsweise mit Kompetenz und Herz. Das war meine erste Erfahrung bei dir \u2013 sowohl mit der Hypnose als auch mit der PEP-Klopftherapie. Es ist unglaublich, wie schnell diese Methoden wirken!<\/p><p>D. B.<\/p>\t\t\t\t\t\t\t\t<\/div>\n\t\t\t\t<\/div>\n\t\t\t\t<\/div>\n\t\t\t\t\t<\/div>\n\t\t\t\t<\/div>\n\t\t<div class=\"elementor-element elementor-element-3766924 e-grid e-con-boxed e-con e-parent\" data-id=\"3766924\" data-element_type=\"container\" data-e-type=\"container\" data-settings=\"{&quot;background_background&quot;:&quot;classic&quot;}\">\n\t\t\t\t\t<div class=\"e-con-inner\">\n\t\t<div class=\"elementor-element elementor-element-dfbe796 e-con-full e-flex e-con e-child\" data-id=\"dfbe796\" data-element_type=\"container\" data-e-type=\"container\">\n\t\t\t\t<div class=\"elementor-element elementor-element-0112c24 elementor-widget elementor-widget-text-editor\" data-id=\"0112c24\" data-element_type=\"widget\" data-e-type=\"widget\" data-widget_type=\"text-editor.default\">\n\t\t\t\t<div class=\"elementor-widget-container\">\n\t\t\t\t\t\t\t\t\t<p>Liebe Snjezana<\/p><p>Inzwischen sind einige Wochen nach unserer gemeinsamen PEP-Klopf-Session vergangen.<\/p><p>F\u00fcr diese wunderbare, sehr intensive Zeit, durch die Du mich mit Deiner liebevollen, ruhigen Art unterst\u00fctzt und getragen hast und in der ich innerhalb k\u00fcrzester Zeit so viel \u00fcber mich erfahren durfte, m\u00f6chte ich mich bedanken.<\/p><p>Es war erstaunlich und faszinierend, wie schnell und effizient meine belastenden Gef\u00fchle auf der Gef\u00fchlsskale sanken und ich mich entspannen konnte. Dies zeigte sich auch auf der K\u00f6rperebene. Diese Leichtigkeit und das befreiende Gef\u00fchl sind inzwischen durch das regelm\u00e4\u00dfige Klopfen der Krafts\u00e4tze tief in mir verankert.<\/p><p>Einen Herzensmenschen wie Dich kennengelernt zu haben, erf\u00fcllt mich mit unendlicher Dankbarkeit.<\/p><p>N. M.<\/p>\t\t\t\t\t\t\t\t<\/div>\n\t\t\t\t<\/div>\n\t\t\t\t<\/div>\n\t\t\t\t\t<\/div>\n\t\t\t\t<\/div>\n\t\t<div class=\"elementor-element elementor-element-7d74d47 e-grid e-con-boxed e-con e-parent\" data-id=\"7d74d47\" data-element_type=\"container\" data-e-type=\"container\" data-settings=\"{&quot;background_background&quot;:&quot;classic&quot;}\">\n\t\t\t\t\t<div class=\"e-con-inner\">\n\t\t<div class=\"elementor-element elementor-element-d4d9a3a e-con-full e-flex e-con e-child\" data-id=\"d4d9a3a\" data-element_type=\"container\" data-e-type=\"container\">\n\t\t\t\t<div class=\"elementor-element elementor-element-7124c6e elementor-widget elementor-widget-heading\" data-id=\"7124c6e\" data-element_type=\"widget\" data-e-type=\"widget\" data-widget_type=\"heading.default\">\n\t\t\t\t<div class=\"elementor-widget-container\">\n\t\t\t\t\t<h2 class=\"elementor-heading-title elementor-size-default\">Mehr Kundenrezensionen<\/h2>\t\t\t\t<\/div>\n\t\t\t\t<\/div>\n\t\t\t\t<\/div>\n\t\t<div class=\"elementor-element elementor-element-d68dc01 e-con-full e-flex e-con e-child\" data-id=\"d68dc01\" data-element_type=\"container\" data-e-type=\"container\">\n\t\t\t\t<div class=\"elementor-element elementor-element-dbdba0f elementor-widget elementor-widget-eael-creative-button\" data-id=\"dbdba0f\" data-element_type=\"widget\" data-e-type=\"widget\" data-widget_type=\"eael-creative-button.default\">\n\t\t\t\t<div class=\"elementor-widget-container\">\n\t\t\t\t\t        <div class=\"eael-creative-button-wrapper\">\n\n            <a class=\"eael-creative-button eael-creative-button--default eael-cb-icon-position-left\" href=\"https:\/\/bewusst-erschaffen.com\/rezensionen07\/\" data-text=\"\">\n            \t    \n                <div class=\"creative-button-inner\">\n\n                                            <span class=\"eael-creative-button-icon-left\"><svg xmlns=\"http:\/\/www.w3.org\/2000\/svg\" id=\"Ebene_2\" viewBox=\"0 0 100 100\"><defs><style>      .st0 {        fill: #ffb9a8;      }    <\/style><\/defs><path class=\"st0\" d=\"M12.2,49.8c0,19.5,15.8,35.3,35.3,35.3s35.3-15.8,35.3-35.3c0-19.5-15.8-35.3-35.3-35.3S12.2,30.3,12.2,49.8ZM14.4,49.8c0-18.3,14.8-33,33-33s33,14.8,33,33c0,18.3-14.8,33-33,33S14.4,68,14.4,49.8Z\"><\/path><polygon class=\"st0\" points=\"47.5 25.7 22.5 49.7 47.5 73.8 50.1 71.1 29.9 51.6 72.4 51.6 72.4 47.9 30.2 47.9 50.1 28.2 47.5 25.7\"><\/polygon><\/svg><\/span>                    \n                    <span class=\"cretive-button-text\">Zur\u00fcck<\/span>\n\n                                    <\/div>\n\t                        <\/a>\n        <\/div>\n        \t\t\t\t<\/div>\n\t\t\t\t<\/div>\n\t\t\t\t<\/div>\n\t\t\t\t\t<\/div>\n\t\t\t\t<\/div>\n\t\t\t\t<\/div>\n\t\t","protected":false},"excerpt":{"rendered":"<p>Kundenrezensionen Seite 8\/8 Da der Schutz Ihrer Privatsph\u00e4re f\u00fcr mich h\u00f6chste Priorit\u00e4t hat, bitte ich meine Klientinnen und Klienten, ihre Rezensionen mit ihrem Vornamen, einem Pseudonym oder nur mit Initialen zu unterzeichnen. Nach zwei PEP-Session: Ich bin fokussierter auf die Zukunft, und auf das, was wichtig ist. Ich wei\u00df, was ich will und wei\u00df zum [&hellip;]<\/p>\n","protected":false},"author":1,"featured_media":0,"parent":0,"menu_order":0,"comment_status":"closed","ping_status":"closed","template":"elementor_header_footer","meta":{"footnotes":""},"class_list":["post-911","page","type-page","status-publish","hentry"],"_links":{"self":[{"href":"https:\/\/bewusst-erschaffen.com\/start\/wp-json\/wp\/v2\/pages\/911","targetHints":{"allow":["GET"]}}],"collection":[{"href":"https:\/\/bewusst-erschaffen.com\/start\/wp-json\/wp\/v2\/pages"}],"about":[{"href":"https:\/\/bewusst-erschaffen.com\/start\/wp-json\/wp\/v2\/types\/page"}],"author":[{"embeddable":true,"href":"https:\/\/bewusst-erschaffen.com\/start\/wp-json\/wp\/v2\/users\/1"}],"replies":[{"embeddable":true,"href":"https:\/\/bewusst-erschaffen.com\/start\/wp-json\/wp\/v2\/comments?post=911"}],"version-history":[{"count":31,"href":"https:\/\/bewusst-erschaffen.com\/start\/wp-json\/wp\/v2\/pages\/911\/revisions"}],"predecessor-version":[{"id":1950,"href":"https:\/\/bewusst-erschaffen.com\/start\/wp-json\/wp\/v2\/pages\/911\/revisions\/1950"}],"wp:attachment":[{"href":"https:\/\/bewusst-erschaffen.com\/start\/wp-json\/wp\/v2\/media?parent=911"}],"curies":[{"name":"wp","href":"https:\/\/api.w.org\/{rel}","templated":true}]}}