{"id":940,"date":"2025-04-08T13:53:37","date_gmt":"2025-04-08T13:53:37","guid":{"rendered":"https:\/\/bewusst-erschaffen.com\/?page_id=940"},"modified":"2025-06-18T13:24:05","modified_gmt":"2025-06-18T13:24:05","slug":"kontakt","status":"publish","type":"page","link":"https:\/\/bewusst-erschaffen.com\/start\/kontakt\/","title":{"rendered":"Kontakt"},"content":{"rendered":"\t\t<div data-elementor-type=\"wp-post\" data-elementor-id=\"940\" class=\"elementor elementor-940\" data-elementor-post-type=\"page\">\n\t\t\t\t<div class=\"elementor-element elementor-element-dbb6bd7 e-grid e-con-boxed e-con e-parent\" data-id=\"dbb6bd7\" data-element_type=\"container\" data-e-type=\"container\" data-settings=\"{&quot;background_background&quot;:&quot;classic&quot;}\">\n\t\t\t\t\t<div class=\"e-con-inner\">\n\t\t<div class=\"elementor-element elementor-element-fc58b98 e-con-full e-flex e-con e-child\" data-id=\"fc58b98\" data-element_type=\"container\" data-e-type=\"container\">\n\t\t\t\t<div class=\"elementor-element elementor-element-5db82e9 elementor-widget elementor-widget-heading\" data-id=\"5db82e9\" data-element_type=\"widget\" data-e-type=\"widget\" data-widget_type=\"heading.default\">\n\t\t\t\t<div class=\"elementor-widget-container\">\n\t\t\t\t\t<h2 class=\"elementor-heading-title elementor-size-default\">Kontakt<\/h2>\t\t\t\t<\/div>\n\t\t\t\t<\/div>\n\t\t<div class=\"elementor-element elementor-element-6ae2fac e-grid e-con-full e-con e-child\" data-id=\"6ae2fac\" data-element_type=\"container\" data-e-type=\"container\">\n\t\t\t\t<div class=\"elementor-element elementor-element-6d14528 elementor-widget elementor-widget-image\" data-id=\"6d14528\" data-element_type=\"widget\" data-e-type=\"widget\" data-widget_type=\"image.default\">\n\t\t\t\t<div class=\"elementor-widget-container\">\n\t\t\t\t\t\t\t\t\t\t\t\t\t\t\t<img fetchpriority=\"high\" decoding=\"async\" width=\"283\" height=\"324\" src=\"https:\/\/bewusst-erschaffen.com\/wp-content\/uploads\/2025\/04\/WEB-Kontakt.jpeg\" class=\"attachment-large size-large wp-image-1551\" alt=\"\" srcset=\"https:\/\/bewusst-erschaffen.com\/wp-content\/uploads\/2025\/04\/WEB-Kontakt.jpeg 283w, https:\/\/bewusst-erschaffen.com\/wp-content\/uploads\/2025\/04\/WEB-Kontakt-262x300.jpeg 262w\" sizes=\"(max-width: 283px) 100vw, 283px\" \/>\t\t\t\t\t\t\t\t\t\t\t\t\t\t\t<\/div>\n\t\t\t\t<\/div>\n\t\t\t\t<div class=\"elementor-element elementor-element-86ae96e elementor-widget elementor-widget-text-editor\" data-id=\"86ae96e\" data-element_type=\"widget\" data-e-type=\"widget\" data-widget_type=\"text-editor.default\">\n\t\t\t\t<div class=\"elementor-widget-container\">\n\t\t\t\t\t\t\t\t\t<p><strong>Snje\u017eana Tjaden<\/strong><br \/>Hoffeldstra\u00dfe 89, <br \/>40235 D\u00fcsseldorf<br \/>T +49 1515 094 23 76<br \/>E <a href=\"mailto:bewusst-erschaffen@gmx.de\">bewusst-erschaffen@gmx.de<\/a><br \/>I <a href=\"https:\/\/bewusst-erschaffen.com\/start\/\">bewusst-erschaffen.de<\/a><br \/>I <a href=\"http:\/\/www.snjezana-tjaden.com\" target=\"_blank\" rel=\"noopener\">snjezana-tjaden.com<\/a><br \/>I <a href=\"http:\/\/www.conscious-manifestation.com\" target=\"_blank\" rel=\"noopener\">conscious-manifestation.com<\/a><\/p>\t\t\t\t\t\t\t\t<\/div>\n\t\t\t\t<\/div>\n\t\t\t\t<\/div>\n\t\t\t\t<div class=\"elementor-element elementor-element-3281359 elementor-widget-divider--view-line elementor-widget elementor-widget-divider\" data-id=\"3281359\" data-element_type=\"widget\" data-e-type=\"widget\" data-widget_type=\"divider.default\">\n\t\t\t\t<div class=\"elementor-widget-container\">\n\t\t\t\t\t\t\t<div class=\"elementor-divider\">\n\t\t\t<span class=\"elementor-divider-separator\">\n\t\t\t\t\t\t<\/span>\n\t\t<\/div>\n\t\t\t\t\t\t<\/div>\n\t\t\t\t<\/div>\n\t\t\t\t<div class=\"elementor-element elementor-element-12b759f elementor-widget elementor-widget-text-editor\" data-id=\"12b759f\" data-element_type=\"widget\" data-e-type=\"widget\" data-widget_type=\"text-editor.default\">\n\t\t\t\t<div class=\"elementor-widget-container\">\n\t\t\t\t\t\t\t\t\t<p>Mein EASC-Profil (European Association for Supervision and Coaching) <a title=\"EASC-Profil\" href=\"https:\/\/www.easc-online.eu\/in-ihrer-naehe\/profil\/snjezana-tjaden#info-1\" target=\"_blank\" rel=\"noopener\"><strong>&gt;Link<\/strong><\/a><br \/>Mein NGH-Profil (National Guild of Hypnotists)\u00a0 <a title=\"NGH-Profil\" href=\"https:\/\/www.NGH.net\/ngh-member-profile\/?profile=12753\" target=\"_blank\" rel=\"noopener\"><strong>&gt;Link<\/strong><\/a><\/p>\t\t\t\t\t\t\t\t<\/div>\n\t\t\t\t<\/div>\n\t\t\t\t<div class=\"elementor-element elementor-element-abed160 elementor-widget-divider--view-line elementor-widget elementor-widget-divider\" data-id=\"abed160\" data-element_type=\"widget\" data-e-type=\"widget\" data-widget_type=\"divider.default\">\n\t\t\t\t<div class=\"elementor-widget-container\">\n\t\t\t\t\t\t\t<div class=\"elementor-divider\">\n\t\t\t<span class=\"elementor-divider-separator\">\n\t\t\t\t\t\t<\/span>\n\t\t<\/div>\n\t\t\t\t\t\t<\/div>\n\t\t\t\t<\/div>\n\t\t\t\t<div class=\"elementor-element elementor-element-1a57611 elementor-widget elementor-widget-text-editor\" data-id=\"1a57611\" data-element_type=\"widget\" data-e-type=\"widget\" data-widget_type=\"text-editor.default\">\n\t\t\t\t<div class=\"elementor-widget-container\">\n\t\t\t\t\t\t\t\t\t<p><strong>Coaching- und Hypnose-Sitzungen finden ganz nach Ihrem Wunsch vor Ort oder online via Zoom statt.<\/strong><\/p>\t\t\t\t\t\t\t\t<\/div>\n\t\t\t\t<\/div>\n\t\t\t\t<div class=\"elementor-element elementor-element-0700e83 elementor-widget elementor-widget-heading\" data-id=\"0700e83\" data-element_type=\"widget\" data-e-type=\"widget\" data-widget_type=\"heading.default\">\n\t\t\t\t<div class=\"elementor-widget-container\">\n\t\t\t\t\t<h2 class=\"elementor-heading-title elementor-size-default\">So l\u00e4uft unsere Zoom-Session sicher &amp; vertraulich ab:<\/h2>\t\t\t\t<\/div>\n\t\t\t\t<\/div>\n\t\t\t\t<div class=\"elementor-element elementor-element-2c324c7 elementor-widget elementor-widget-text-editor\" data-id=\"2c324c7\" data-element_type=\"widget\" data-e-type=\"widget\" data-widget_type=\"text-editor.default\">\n\t\t\t\t<div class=\"elementor-widget-container\">\n\t\t\t\t\t\t\t\t\t<p>Ihr Vertrauen und Ihre Privatsph\u00e4re stehen bei mir an erster Stelle. Deshalb gestalte ich unsere Online-Sitzungen mit gr\u00f6\u00dfter Sorgfalt in Bezug auf Datenschutz und Sicherheit.<\/p>\t\t\t\t\t\t\t\t<\/div>\n\t\t\t\t<\/div>\n\t\t\t\t<div class=\"elementor-element elementor-element-199273c elementor-widget-divider--view-line elementor-widget elementor-widget-divider\" data-id=\"199273c\" data-element_type=\"widget\" data-e-type=\"widget\" data-widget_type=\"divider.default\">\n\t\t\t\t<div class=\"elementor-widget-container\">\n\t\t\t\t\t\t\t<div class=\"elementor-divider\">\n\t\t\t<span class=\"elementor-divider-separator\">\n\t\t\t\t\t\t<\/span>\n\t\t<\/div>\n\t\t\t\t\t\t<\/div>\n\t\t\t\t<\/div>\n\t\t\t\t<div class=\"elementor-element elementor-element-26f01a3 elementor-widget elementor-widget-text-editor\" data-id=\"26f01a3\" data-element_type=\"widget\" data-e-type=\"widget\" data-widget_type=\"text-editor.default\">\n\t\t\t\t<div class=\"elementor-widget-container\">\n\t\t\t\t\t\t\t\t\t<p><strong>Vertraulichkeit &amp; Sicherheit:<\/strong><\/p><ul><li>Unsere Zoom-Meetings sind passwortgesch\u00fctzt \u2013 nur Sie erhalten den Einladungslink.<br \/>Ich arbeite mit einem digitalen Warteraum: Niemand nimmt unbeaufsichtigt teil. Sie werden pers\u00f6nlich von mir eingelassen.<\/li><li>Die Sitzungen werden nicht aufgezeichnet \u2013 au\u00dfer wir besprechen dies ausdr\u00fccklich und schriftlich im Voraus.<\/li><li>Ihre Daten und Gespr\u00e4chsinhalte behandle ich selbstverst\u00e4ndlich streng vertraulich und gebe sie nicht an Dritte weiter.<\/li><\/ul>\t\t\t\t\t\t\t\t<\/div>\n\t\t\t\t<\/div>\n\t\t\t\t<div class=\"elementor-element elementor-element-4d7a601 elementor-widget elementor-widget-text-editor\" data-id=\"4d7a601\" data-element_type=\"widget\" data-e-type=\"widget\" data-widget_type=\"text-editor.default\">\n\t\t\t\t<div class=\"elementor-widget-container\">\n\t\t\t\t\t\t\t\t\t<p><strong>Technische Hinweise:<\/strong><\/p><ul><li>Sie ben\u00f6tigen keinen eigenen Zoom-Account \u2013 der Teilnahme-Link gen\u00fcgt.<\/li><li>Die Verbindung ist m\u00f6glich \u00fcber Computer, Tablet oder Smartphone \u2013 ganz wie es f\u00fcr Sie am besten passt.<\/li><\/ul>\t\t\t\t\t\t\t\t<\/div>\n\t\t\t\t<\/div>\n\t\t\t\t<div class=\"elementor-element elementor-element-2183348 elementor-widget elementor-widget-text-editor\" data-id=\"2183348\" data-element_type=\"widget\" data-e-type=\"widget\" data-widget_type=\"text-editor.default\">\n\t\t\t\t<div class=\"elementor-widget-container\">\n\t\t\t\t\t\t\t\t\t<p>Bei technischen Fragen oder Anliegen zum Datenschutz oder zur Online-Hypnose k\u00f6nnen Sie sich jederzeit gerne an mich wenden.<\/p>\t\t\t\t\t\t\t\t<\/div>\n\t\t\t\t<\/div>\n\t\t\t\t<div class=\"elementor-element elementor-element-3cd1d18 elementor-widget-divider--view-line elementor-widget elementor-widget-divider\" data-id=\"3cd1d18\" data-element_type=\"widget\" data-e-type=\"widget\" data-widget_type=\"divider.default\">\n\t\t\t\t<div class=\"elementor-widget-container\">\n\t\t\t\t\t\t\t<div class=\"elementor-divider\">\n\t\t\t<span class=\"elementor-divider-separator\">\n\t\t\t\t\t\t<\/span>\n\t\t<\/div>\n\t\t\t\t\t\t<\/div>\n\t\t\t\t<\/div>\n\t\t\t\t<div class=\"elementor-element elementor-element-3ed9745 elementor-widget elementor-widget-text-editor\" data-id=\"3ed9745\" data-element_type=\"widget\" data-e-type=\"widget\" data-widget_type=\"text-editor.default\">\n\t\t\t\t<div class=\"elementor-widget-container\">\n\t\t\t\t\t\t\t\t\t<p>Fotos: Oliver Tjaden, <a href=\"https:\/\/olivertjaden.de\/\" target=\"_blank\" rel=\"noopener\">olivertjaden.de<\/a><\/p><p>Webdesign, Programmierung: Christoph Niermann, <a href=\"https:\/\/sehwerk.de\/\" target=\"_blank\" rel=\"noopener\">sehwerk.de<\/a><\/p><p>Copyright\u00a9 Text und Inhalt: Snje\u017eana Tjaden<\/p>\t\t\t\t\t\t\t\t<\/div>\n\t\t\t\t<\/div>\n\t\t\t\t<\/div>\n\t\t\t\t\t<\/div>\n\t\t\t\t<\/div>\n\t\t\t\t<\/div>\n\t\t","protected":false},"excerpt":{"rendered":"<p>Kontakt Snje\u017eana TjadenHoffeldstra\u00dfe 89, 40235 D\u00fcsseldorfT +49 1515 094 23 76E bewusst-erschaffen@gmx.deI bewusst-erschaffen.deI snjezana-tjaden.comI conscious-manifestation.com Mein EASC-Profil (European Association for Supervision and Coaching) &gt;LinkMein NGH-Profil (National Guild of Hypnotists)\u00a0 &gt;Link Coaching- und Hypnose-Sitzungen finden ganz nach Ihrem Wunsch vor Ort oder online via Zoom statt. So l\u00e4uft unsere Zoom-Session sicher &amp; vertraulich ab: Ihr Vertrauen [&hellip;]<\/p>\n","protected":false},"author":1,"featured_media":0,"parent":0,"menu_order":0,"comment_status":"closed","ping_status":"closed","template":"elementor_header_footer","meta":{"footnotes":""},"class_list":["post-940","page","type-page","status-publish","hentry"],"_links":{"self":[{"href":"https:\/\/bewusst-erschaffen.com\/start\/wp-json\/wp\/v2\/pages\/940","targetHints":{"allow":["GET"]}}],"collection":[{"href":"https:\/\/bewusst-erschaffen.com\/start\/wp-json\/wp\/v2\/pages"}],"about":[{"href":"https:\/\/bewusst-erschaffen.com\/start\/wp-json\/wp\/v2\/types\/page"}],"author":[{"embeddable":true,"href":"https:\/\/bewusst-erschaffen.com\/start\/wp-json\/wp\/v2\/users\/1"}],"replies":[{"embeddable":true,"href":"https:\/\/bewusst-erschaffen.com\/start\/wp-json\/wp\/v2\/comments?post=940"}],"version-history":[{"count":79,"href":"https:\/\/bewusst-erschaffen.com\/start\/wp-json\/wp\/v2\/pages\/940\/revisions"}],"predecessor-version":[{"id":2141,"href":"https:\/\/bewusst-erschaffen.com\/start\/wp-json\/wp\/v2\/pages\/940\/revisions\/2141"}],"wp:attachment":[{"href":"https:\/\/bewusst-erschaffen.com\/start\/wp-json\/wp\/v2\/media?parent=940"}],"curies":[{"name":"wp","href":"https:\/\/api.w.org\/{rel}","templated":true}]}}